{"id":8344,"date":"2025-11-25T14:40:58","date_gmt":"2025-11-25T13:40:58","guid":{"rendered":"https:\/\/www.domaines-tatin.com\/produit\/magnum-domaine-du-tremblay-cuvee-vieilles-vignes\/"},"modified":"2025-12-19T14:08:28","modified_gmt":"2025-12-19T13:08:28","slug":"magnum-domaine-du-tremblay-cuvee-vieilles-vignes","status":"publish","type":"product","link":"https:\/\/www.domaines-tatin.com\/en\/produit\/magnum-domaine-du-tremblay-cuvee-vieilles-vignes\/","title":{"rendered":"Magnum Domaine du Tremblay Cuv\u00e9e Vieilles Vignes"},"content":{"rendered":"<p><a href=\"http:\/\/www.domaines-tatin.com\/wp-content\/uploads\/2024\/12\/FT-QUINCY-VIEILLES-VIGNES-2023-anglais.pdf\" target=\"_blank\" rel=\"noopener\">&#8211; Download the wine tech sheet (PDF)<\/a><\/p>\n<p>&nbsp;<\/p>\n<p><strong>\ud83d\udcdd Wine tasting notes<br \/>\n<\/strong><br \/>\nA nose that opens up on very ripe white fruit, on spices with slight vanilla hints and on candied and jammy citrus fruit. An ample mouth beginning with a light pastry sweetness, followed by the return of the acidity, which structures the whole set. An unctuous and powerful wine.<\/p>\n<blockquote><p><em>\u00ab Robe jaune de Naples \u00e0 or blanc. Ce bouquet printanier de grande douceur m\u00eale les notes d&#8217;agrumes m\u00fbrs aux fruits \u00e0 chair blanche (p\u00eache, poire). Une note p\u00e2tissi\u00e8re (brioche, viennoiseries) compl\u00e8te une palette aromatique charmeuse. Tr\u00e8s aromatique, cette cuv\u00e9e de grande maturit\u00e9 pr\u00e9sente une densit\u00e9 de mati\u00e8re exemplaire. Sa texture grasse et ses saveurs de fruits m\u00fbrs (agrumes, fruits \u00e0 chair blanche) trouvent leur \u00e9quilibre dans un support d&#8217;acidit\u00e9 pr\u00e9sent de l&#8217;entr\u00e9e de bouche \u00e0 la finale. Un cru complet et tr\u00e8s bien construit. \u00bb, <span style=\"color: #ff6600;\"><strong>commentaire de d\u00e9gustation dans le Guide Vins &amp; Terroirs Authentiques 2024-2025 (3 \u00e9toiles, 16\/20)<\/strong><\/span><\/em><\/p>\n<p><em>\u00ab The wine has a pale lemon color with green reflections. The nose offers freshness, juiciness and a very slight sweetness. It expresses notes of crushed green apple, green pear, lemon, lemon zest, fresh quince, white peach, as well as delicate herbaceous touches (verbena, lemon thyme), apple blossom and acacia. On the palate, the wine offers roundness, juiciness and complexity. It expresses notes of ripe stone fruit (yellow peach, apricot), crushed green apple, grapefruit, lemon, lemon zest yellow, as well as herbaceous (verbena, lemon thyme, peppermint in the base) and floral (acacia, apple blossom) notes. The finish is lively, tangy, with energy and good persistence. It offers fresh and slightly bitter citrus notes (grapefruit, lime), as well as mineral, slightly smoky and herbaceous touch (oregano). A perfumed wine, with a good structure and a certain complexity. Score : 15+\/20 (89-90\/100) \u00bb,<strong><span style=\"color: #ff6600;\"> commentaire de d\u00e9gustation dans Vert de Vin n\u00b023, juillet 2023<\/span><\/strong><\/em><\/p>\n<p><em>\u00ab A ripe stile with ripe apples and some honeyed notes, very dry and goodfreshness. \u00bb,<strong><span style=\"color: #ff6600;\"> commentaire de d\u00e9gustation par Per &amp; Britt Karlsson, A Personal Selection Out Of 122 Sauvignon Blancs, Forbes, 25\/05\/2023<\/span><\/strong><\/em><\/p>\n<p><em>\u00ab P\u00eache blanche, bouche vive, fra\u00eeche, assez gourmande, \u00e9quilibr\u00e9e, de la mati\u00e8re, bonne longueur. \u00bb, <span style=\"color: #ff6600;\"><strong>commentaire de d\u00e9gustation dans Le Point, janvier 2021 (15\/20)<\/strong><\/span><\/em><\/p>\n<p><em>\u00ab Min\u00e9rale avec des accents d&#8217;agrumes confits, cette cuv\u00e9e fait la courte \u00e9chelle au foie gras. \u00bb, <strong><span style=\"color: #ff6600;\">commentaire de d\u00e9gustation dans Le Guide des Vins Bettane &amp; Desseauve 2019<\/span><\/strong><\/em><\/p>\n<p><em>\u00ab Ample et riche le Quincy Vieilles Vignes est dot\u00e9 de beaucoup de fra\u00eecheur, d\u2019une belle tension appuy\u00e9e lui conf\u00e9rant longueur et dynamisme. \u00bb, <strong><span style=\"color: #ff6600;\">commentaire de d\u00e9gustation par 1jour1vin<\/span><\/strong><\/em><\/p><\/blockquote>\n<p>&nbsp;<\/p>\n","protected":false},"excerpt":{"rendered":"<p><strong>(Price per magnum: sent in boxes of 3)<\/strong><\/p>\n<p>&nbsp;<\/p>\n<p>This vintage is elaborated with the grapes from 4 of our vineyard&#8217;s plots of old vines aged from 45 to 65 years, of which half are rooted into sandy gravels and the other half into clay gravels. This delicate and well-balanced wine, which is aged on fine lees, has a supple and soft attack, fine, it slowly evolves into ripe fruit.<\/p>\n<p><strong>\ud83c\udf7d\ufe0f Wine and food pairing<\/strong><\/p>\n<p>Serve between 10 and 12\u00b0C as an appetizer with smoked fish (trout, salmon&#8230;) or with small pastry puffs with \u00e9poisse cheese (the famous &#8216;goug\u00e8res&#8217;). It goes perfectly with white meat (stuffed capon or turkey cutlets on a creamy mushroom sauce). But the secret is to taste it with foie gras or also pan-fried scallops and a pur\u00e9e of parsnip.<\/p>\n<p><strong>\u23f3 Keep<\/strong><\/p>\n<p>To enjoy between 2 to 10 years. Although our wines do keep longer!<\/p>\n<blockquote><p><img fetchpriority=\"high\" decoding=\"async\" class=\"size-bouteilles-archives wp-image-8208 alignnone\" src=\"http:\/\/www.domaines-tatin.com\/wp-content\/uploads\/2025\/10\/284028018-1165926250871172-3502921062353536206-n-200x250.jpg\" alt=\"\" width=\"200\" height=\"250\" srcset=\"https:\/\/www.domaines-tatin.com\/wp-content\/uploads\/2025\/10\/284028018-1165926250871172-3502921062353536206-n-200x250.jpg 200w, https:\/\/www.domaines-tatin.com\/wp-content\/uploads\/2025\/10\/284028018-1165926250871172-3502921062353536206-n-400x500.jpg 400w, https:\/\/www.domaines-tatin.com\/wp-content\/uploads\/2025\/10\/284028018-1165926250871172-3502921062353536206-n-819x1024.jpg 819w, https:\/\/www.domaines-tatin.com\/wp-content\/uploads\/2025\/10\/284028018-1165926250871172-3502921062353536206-n-768x960.jpg 768w, https:\/\/www.domaines-tatin.com\/wp-content\/uploads\/2025\/10\/284028018-1165926250871172-3502921062353536206-n-100x125.jpg 100w, https:\/\/www.domaines-tatin.com\/wp-content\/uploads\/2025\/10\/284028018-1165926250871172-3502921062353536206-n-180x225.jpg 180w, https:\/\/www.domaines-tatin.com\/wp-content\/uploads\/2025\/10\/284028018-1165926250871172-3502921062353536206-n.jpg 1440w\" sizes=\"(max-width: 200px) 100vw, 200px\" \/> <img decoding=\"async\" class=\"size-bouteilles-archives wp-image-8212 alignnone\" src=\"http:\/\/www.domaines-tatin.com\/wp-content\/uploads\/2025\/10\/281346390-418205626475790-8630876550516977670-n-200x200.jpg\" alt=\"\" width=\"200\" height=\"200\" srcset=\"https:\/\/www.domaines-tatin.com\/wp-content\/uploads\/2025\/10\/281346390-418205626475790-8630876550516977670-n-200x200.jpg 200w, https:\/\/www.domaines-tatin.com\/wp-content\/uploads\/2025\/10\/281346390-418205626475790-8630876550516977670-n-500x500.jpg 500w, https:\/\/www.domaines-tatin.com\/wp-content\/uploads\/2025\/10\/281346390-418205626475790-8630876550516977670-n-1024x1024.jpg 1024w, https:\/\/www.domaines-tatin.com\/wp-content\/uploads\/2025\/10\/281346390-418205626475790-8630876550516977670-n-400x400.jpg 400w, https:\/\/www.domaines-tatin.com\/wp-content\/uploads\/2025\/10\/281346390-418205626475790-8630876550516977670-n-768x768.jpg 768w, https:\/\/www.domaines-tatin.com\/wp-content\/uploads\/2025\/10\/281346390-418205626475790-8630876550516977670-n-100x100.jpg 100w, https:\/\/www.domaines-tatin.com\/wp-content\/uploads\/2025\/10\/281346390-418205626475790-8630876550516977670-n-180x180.jpg 180w, https:\/\/www.domaines-tatin.com\/wp-content\/uploads\/2025\/10\/281346390-418205626475790-8630876550516977670-n.jpg 1440w\" sizes=\"(max-width: 200px) 100vw, 200px\" \/> <img decoding=\"async\" class=\"size-bouteilles-archives wp-image-8200 alignnone\" src=\"http:\/\/www.domaines-tatin.com\/wp-content\/uploads\/2025\/10\/ballandors-vieilles-vignes-sucellus-pe-miniau-ecarlate-200x267.jpg\" alt=\"\" width=\"200\" height=\"267\" srcset=\"https:\/\/www.domaines-tatin.com\/wp-content\/uploads\/2025\/10\/ballandors-vieilles-vignes-sucellus-pe-miniau-ecarlate-200x267.jpg 200w, https:\/\/www.domaines-tatin.com\/wp-content\/uploads\/2025\/10\/ballandors-vieilles-vignes-sucellus-pe-miniau-ecarlate-375x500.jpg 375w, https:\/\/www.domaines-tatin.com\/wp-content\/uploads\/2025\/10\/ballandors-vieilles-vignes-sucellus-pe-miniau-ecarlate-100x133.jpg 100w, https:\/\/www.domaines-tatin.com\/wp-content\/uploads\/2025\/10\/ballandors-vieilles-vignes-sucellus-pe-miniau-ecarlate-180x240.jpg 180w, https:\/\/www.domaines-tatin.com\/wp-content\/uploads\/2025\/10\/ballandors-vieilles-vignes-sucellus-pe-miniau-ecarlate.jpg 720w\" sizes=\"(max-width: 200px) 100vw, 200px\" \/><\/p><\/blockquote>\n","protected":false},"featured_media":8335,"template":"","meta":{"_acf_changed":false},"product_brand":[],"product_cat":[114],"product_tag":[],"class_list":{"0":"post-8344","1":"product","2":"type-product","3":"status-publish","4":"has-post-thumbnail","6":"product_cat-aoc-quincy-en","7":"pa_annee-2023-en","8":"pa_certification-terra-vitis","9":"pa_conditionnement-magnum-150-cl","10":"pa_couleur-white","12":"first","13":"instock","14":"taxable","15":"shipping-taxable","16":"purchasable","17":"product-type-simple"},"acf":[],"yoast_head":"<!-- This site is optimized with the Yoast SEO plugin v27.4 - https:\/\/yoast.com\/product\/yoast-seo-wordpress\/ -->\n<title>Magnum Domaine du Tremblay Cuv\u00e9e Vieilles Vignes - Domaines Tatin<\/title>\n<meta name=\"description\" content=\"A supple, round and powerful white Loire wine made of 100% Sauvignon Blanc and elaborated in line with the Terra Vitis certification!\" \/>\n<meta name=\"robots\" content=\"index, follow, max-snippet:-1, max-image-preview:large, max-video-preview:-1\" \/>\n<link rel=\"canonical\" href=\"https:\/\/www.domaines-tatin.com\/en\/produit\/magnum-domaine-du-tremblay-cuvee-vieilles-vignes\/\" \/>\n<meta property=\"og:locale\" content=\"en_US\" \/>\n<meta property=\"og:type\" content=\"article\" \/>\n<meta property=\"og:title\" content=\"Magnum Domaine du Tremblay Cuv\u00e9e Vieilles Vignes - Domaines Tatin\" \/>\n<meta property=\"og:description\" content=\"A supple, round and powerful white Loire wine made of 100% Sauvignon Blanc and elaborated in line with the Terra Vitis certification!\" \/>\n<meta property=\"og:url\" content=\"https:\/\/www.domaines-tatin.com\/en\/produit\/magnum-domaine-du-tremblay-cuvee-vieilles-vignes\/\" \/>\n<meta property=\"og:site_name\" content=\"Domaines Tatin\" \/>\n<meta property=\"article:modified_time\" content=\"2025-12-19T13:08:28+00:00\" \/>\n<meta property=\"og:image\" content=\"https:\/\/www.domaines-tatin.com\/wp-content\/uploads\/2021\/03\/chrysope.jpg\" \/>\n\t<meta property=\"og:image:width\" content=\"231\" \/>\n\t<meta property=\"og:image:height\" content=\"218\" \/>\n\t<meta property=\"og:image:type\" content=\"image\/jpeg\" \/>\n<meta name=\"twitter:card\" content=\"summary_large_image\" \/>\n<meta name=\"twitter:label1\" content=\"Est. reading time\" \/>\n\t<meta name=\"twitter:data1\" content=\"1 minute\" \/>\n<script type=\"application\/ld+json\" class=\"yoast-schema-graph\">{\"@context\":\"https:\\\/\\\/schema.org\",\"@graph\":[{\"@type\":\"WebPage\",\"@id\":\"https:\\\/\\\/www.domaines-tatin.com\\\/en\\\/produit\\\/magnum-domaine-du-tremblay-cuvee-vieilles-vignes\\\/\",\"url\":\"https:\\\/\\\/www.domaines-tatin.com\\\/en\\\/produit\\\/magnum-domaine-du-tremblay-cuvee-vieilles-vignes\\\/\",\"name\":\"Magnum Domaine du Tremblay Cuv\u00e9e Vieilles Vignes - Domaines Tatin\",\"isPartOf\":{\"@id\":\"https:\\\/\\\/www.domaines-tatin.com\\\/en\\\/#website\"},\"primaryImageOfPage\":{\"@id\":\"https:\\\/\\\/www.domaines-tatin.com\\\/en\\\/produit\\\/magnum-domaine-du-tremblay-cuvee-vieilles-vignes\\\/#primaryimage\"},\"image\":{\"@id\":\"https:\\\/\\\/www.domaines-tatin.com\\\/en\\\/produit\\\/magnum-domaine-du-tremblay-cuvee-vieilles-vignes\\\/#primaryimage\"},\"thumbnailUrl\":\"https:\\\/\\\/www.domaines-tatin.com\\\/wp-content\\\/uploads\\\/2025\\\/11\\\/cuvee-vv-magnum.jpg\",\"datePublished\":\"2025-11-25T13:40:58+00:00\",\"dateModified\":\"2025-12-19T13:08:28+00:00\",\"description\":\"A supple, round and powerful white Loire wine made of 100% Sauvignon Blanc and elaborated in line with the Terra Vitis certification!\",\"breadcrumb\":{\"@id\":\"https:\\\/\\\/www.domaines-tatin.com\\\/en\\\/produit\\\/magnum-domaine-du-tremblay-cuvee-vieilles-vignes\\\/#breadcrumb\"},\"inLanguage\":\"en-US\",\"potentialAction\":[{\"@type\":\"ReadAction\",\"target\":[\"https:\\\/\\\/www.domaines-tatin.com\\\/en\\\/produit\\\/magnum-domaine-du-tremblay-cuvee-vieilles-vignes\\\/\"]}]},{\"@type\":\"ImageObject\",\"inLanguage\":\"en-US\",\"@id\":\"https:\\\/\\\/www.domaines-tatin.com\\\/en\\\/produit\\\/magnum-domaine-du-tremblay-cuvee-vieilles-vignes\\\/#primaryimage\",\"url\":\"https:\\\/\\\/www.domaines-tatin.com\\\/wp-content\\\/uploads\\\/2025\\\/11\\\/cuvee-vv-magnum.jpg\",\"contentUrl\":\"https:\\\/\\\/www.domaines-tatin.com\\\/wp-content\\\/uploads\\\/2025\\\/11\\\/cuvee-vv-magnum.jpg\",\"width\":455,\"height\":1447,\"caption\":\"229\"},{\"@type\":\"BreadcrumbList\",\"@id\":\"https:\\\/\\\/www.domaines-tatin.com\\\/en\\\/produit\\\/magnum-domaine-du-tremblay-cuvee-vieilles-vignes\\\/#breadcrumb\",\"itemListElement\":[{\"@type\":\"ListItem\",\"position\":1,\"name\":\"Accueil\",\"item\":\"http:\\\/\\\/www.domaines-tatin.com\\\/en\\\/\"},{\"@type\":\"ListItem\",\"position\":2,\"name\":\"Shop\",\"item\":\"http:\\\/\\\/www.domaines-tatin.com\\\/en\\\/shop\\\/\"},{\"@type\":\"ListItem\",\"position\":3,\"name\":\"Magnum Domaine du Tremblay Cuv\u00e9e Vieilles Vignes\"}]},{\"@type\":\"WebSite\",\"@id\":\"https:\\\/\\\/www.domaines-tatin.com\\\/en\\\/#website\",\"url\":\"https:\\\/\\\/www.domaines-tatin.com\\\/en\\\/\",\"name\":\"Domaines Tatin\",\"description\":\"Vignerons r\u00e9coltants en AOC Quincy et AOC Reuilly\",\"publisher\":{\"@id\":\"https:\\\/\\\/www.domaines-tatin.com\\\/en\\\/#organization\"},\"potentialAction\":[{\"@type\":\"SearchAction\",\"target\":{\"@type\":\"EntryPoint\",\"urlTemplate\":\"https:\\\/\\\/www.domaines-tatin.com\\\/en\\\/?s={search_term_string}\"},\"query-input\":{\"@type\":\"PropertyValueSpecification\",\"valueRequired\":true,\"valueName\":\"search_term_string\"}}],\"inLanguage\":\"en-US\"},{\"@type\":\"Organization\",\"@id\":\"https:\\\/\\\/www.domaines-tatin.com\\\/en\\\/#organization\",\"name\":\"Domaines tatins\",\"url\":\"https:\\\/\\\/www.domaines-tatin.com\\\/en\\\/\",\"logo\":{\"@type\":\"ImageObject\",\"inLanguage\":\"en-US\",\"@id\":\"https:\\\/\\\/www.domaines-tatin.com\\\/en\\\/#\\\/schema\\\/logo\\\/image\\\/\",\"url\":\"https:\\\/\\\/www.domaines-tatin.com\\\/wp-content\\\/uploads\\\/2020\\\/07\\\/DemoisellesVerreTRansparent.png\",\"contentUrl\":\"https:\\\/\\\/www.domaines-tatin.com\\\/wp-content\\\/uploads\\\/2020\\\/07\\\/DemoisellesVerreTRansparent.png\",\"width\":709,\"height\":1012,\"caption\":\"Domaines tatins\"},\"image\":{\"@id\":\"https:\\\/\\\/www.domaines-tatin.com\\\/en\\\/#\\\/schema\\\/logo\\\/image\\\/\"}}]}<\/script>\n<!-- \/ Yoast SEO plugin. -->","yoast_head_json":{"title":"Magnum Domaine du Tremblay Cuv\u00e9e Vieilles Vignes - Domaines Tatin","description":"A supple, round and powerful white Loire wine made of 100% Sauvignon Blanc and elaborated in line with the Terra Vitis certification!","robots":{"index":"index","follow":"follow","max-snippet":"max-snippet:-1","max-image-preview":"max-image-preview:large","max-video-preview":"max-video-preview:-1"},"canonical":"https:\/\/www.domaines-tatin.com\/en\/produit\/magnum-domaine-du-tremblay-cuvee-vieilles-vignes\/","og_locale":"en_US","og_type":"article","og_title":"Magnum Domaine du Tremblay Cuv\u00e9e Vieilles Vignes - Domaines Tatin","og_description":"A supple, round and powerful white Loire wine made of 100% Sauvignon Blanc and elaborated in line with the Terra Vitis certification!","og_url":"https:\/\/www.domaines-tatin.com\/en\/produit\/magnum-domaine-du-tremblay-cuvee-vieilles-vignes\/","og_site_name":"Domaines Tatin","article_modified_time":"2025-12-19T13:08:28+00:00","og_image":[{"width":231,"height":218,"url":"https:\/\/www.domaines-tatin.com\/wp-content\/uploads\/2021\/03\/chrysope.jpg","type":"image\/jpeg"}],"twitter_card":"summary_large_image","twitter_misc":{"Est. reading time":"1 minute"},"schema":{"@context":"https:\/\/schema.org","@graph":[{"@type":"WebPage","@id":"https:\/\/www.domaines-tatin.com\/en\/produit\/magnum-domaine-du-tremblay-cuvee-vieilles-vignes\/","url":"https:\/\/www.domaines-tatin.com\/en\/produit\/magnum-domaine-du-tremblay-cuvee-vieilles-vignes\/","name":"Magnum Domaine du Tremblay Cuv\u00e9e Vieilles Vignes - Domaines Tatin","isPartOf":{"@id":"https:\/\/www.domaines-tatin.com\/en\/#website"},"primaryImageOfPage":{"@id":"https:\/\/www.domaines-tatin.com\/en\/produit\/magnum-domaine-du-tremblay-cuvee-vieilles-vignes\/#primaryimage"},"image":{"@id":"https:\/\/www.domaines-tatin.com\/en\/produit\/magnum-domaine-du-tremblay-cuvee-vieilles-vignes\/#primaryimage"},"thumbnailUrl":"https:\/\/www.domaines-tatin.com\/wp-content\/uploads\/2025\/11\/cuvee-vv-magnum.jpg","datePublished":"2025-11-25T13:40:58+00:00","dateModified":"2025-12-19T13:08:28+00:00","description":"A supple, round and powerful white Loire wine made of 100% Sauvignon Blanc and elaborated in line with the Terra Vitis certification!","breadcrumb":{"@id":"https:\/\/www.domaines-tatin.com\/en\/produit\/magnum-domaine-du-tremblay-cuvee-vieilles-vignes\/#breadcrumb"},"inLanguage":"en-US","potentialAction":[{"@type":"ReadAction","target":["https:\/\/www.domaines-tatin.com\/en\/produit\/magnum-domaine-du-tremblay-cuvee-vieilles-vignes\/"]}]},{"@type":"ImageObject","inLanguage":"en-US","@id":"https:\/\/www.domaines-tatin.com\/en\/produit\/magnum-domaine-du-tremblay-cuvee-vieilles-vignes\/#primaryimage","url":"https:\/\/www.domaines-tatin.com\/wp-content\/uploads\/2025\/11\/cuvee-vv-magnum.jpg","contentUrl":"https:\/\/www.domaines-tatin.com\/wp-content\/uploads\/2025\/11\/cuvee-vv-magnum.jpg","width":455,"height":1447,"caption":"229"},{"@type":"BreadcrumbList","@id":"https:\/\/www.domaines-tatin.com\/en\/produit\/magnum-domaine-du-tremblay-cuvee-vieilles-vignes\/#breadcrumb","itemListElement":[{"@type":"ListItem","position":1,"name":"Accueil","item":"http:\/\/www.domaines-tatin.com\/en\/"},{"@type":"ListItem","position":2,"name":"Shop","item":"http:\/\/www.domaines-tatin.com\/en\/shop\/"},{"@type":"ListItem","position":3,"name":"Magnum Domaine du Tremblay Cuv\u00e9e Vieilles Vignes"}]},{"@type":"WebSite","@id":"https:\/\/www.domaines-tatin.com\/en\/#website","url":"https:\/\/www.domaines-tatin.com\/en\/","name":"Domaines Tatin","description":"Vignerons r\u00e9coltants en AOC Quincy et AOC Reuilly","publisher":{"@id":"https:\/\/www.domaines-tatin.com\/en\/#organization"},"potentialAction":[{"@type":"SearchAction","target":{"@type":"EntryPoint","urlTemplate":"https:\/\/www.domaines-tatin.com\/en\/?s={search_term_string}"},"query-input":{"@type":"PropertyValueSpecification","valueRequired":true,"valueName":"search_term_string"}}],"inLanguage":"en-US"},{"@type":"Organization","@id":"https:\/\/www.domaines-tatin.com\/en\/#organization","name":"Domaines tatins","url":"https:\/\/www.domaines-tatin.com\/en\/","logo":{"@type":"ImageObject","inLanguage":"en-US","@id":"https:\/\/www.domaines-tatin.com\/en\/#\/schema\/logo\/image\/","url":"https:\/\/www.domaines-tatin.com\/wp-content\/uploads\/2020\/07\/DemoisellesVerreTRansparent.png","contentUrl":"https:\/\/www.domaines-tatin.com\/wp-content\/uploads\/2020\/07\/DemoisellesVerreTRansparent.png","width":709,"height":1012,"caption":"Domaines tatins"},"image":{"@id":"https:\/\/www.domaines-tatin.com\/en\/#\/schema\/logo\/image\/"}}]}},"_links":{"self":[{"href":"https:\/\/www.domaines-tatin.com\/en\/wp-json\/wp\/v2\/product\/8344","targetHints":{"allow":["GET"]}}],"collection":[{"href":"https:\/\/www.domaines-tatin.com\/en\/wp-json\/wp\/v2\/product"}],"about":[{"href":"https:\/\/www.domaines-tatin.com\/en\/wp-json\/wp\/v2\/types\/product"}],"wp:featuredmedia":[{"embeddable":true,"href":"https:\/\/www.domaines-tatin.com\/en\/wp-json\/wp\/v2\/media\/8335"}],"wp:attachment":[{"href":"https:\/\/www.domaines-tatin.com\/en\/wp-json\/wp\/v2\/media?parent=8344"}],"wp:term":[{"taxonomy":"product_brand","embeddable":true,"href":"https:\/\/www.domaines-tatin.com\/en\/wp-json\/wp\/v2\/product_brand?post=8344"},{"taxonomy":"product_cat","embeddable":true,"href":"https:\/\/www.domaines-tatin.com\/en\/wp-json\/wp\/v2\/product_cat?post=8344"},{"taxonomy":"product_tag","embeddable":true,"href":"https:\/\/www.domaines-tatin.com\/en\/wp-json\/wp\/v2\/product_tag?post=8344"}],"curies":[{"name":"wp","href":"https:\/\/api.w.org\/{rel}","templated":true}]}}