{"id":4827,"date":"2023-02-08T17:23:19","date_gmt":"2023-02-08T16:23:19","guid":{"rendered":"https:\/\/www.domaines-tatin.com\/produit\/cuvee-terroir-coignons\/"},"modified":"2026-03-20T15:58:37","modified_gmt":"2026-03-20T14:58:37","slug":"cuvee-terroir-coignons-en","status":"publish","type":"product","link":"https:\/\/www.domaines-tatin.com\/en\/produit\/cuvee-terroir-coignons-en\/","title":{"rendered":"Cuv\u00e9e Terroir Les Coignons"},"content":{"rendered":"<p class=\"p1\"><a href=\"https:\/\/www.domaines-tatin.com\/wp-content\/uploads\/2025\/04\/2-3-FT-REUILLY-COIGNONS-2023-anglais.pdf\" target=\"_blank\" rel=\"noopener noreferrer\">\u2013 Download the wine tech sheet (PDF)<\/a><\/p>\n<p>&nbsp;<\/p>\n<p><strong>\ud83d\udcdd Tasting notes<\/strong><\/p>\n<p>Wine with a beautiful tension, a powerful salinity and notes of citrus fruit.<\/p>\n<blockquote><p><em>\u00ab La parcelle Les Coignons est situ\u00e9e sur un beau coteau argilo-calcaire du kimm\u00e9ridgien. Dans le verre, se d\u00e9ploient des senteurs de fruits \u00e0 chair blanche, de fruits exotiques et des nuances florales qui dessinent un blanc complexe. Ample, grasse et fra\u00eeche \u00e0 la fois, la bouche affiche un \u00e9quilibre tr\u00e8s assur\u00e9 et se voit r\u00e9hauss\u00e9e d&#8217;une belle touche de vivacit\u00e9 citronn\u00e9e en finale. \u00bb (<strong><span style=\"color: #ff6600;\">Tasting comment of the Guide Hachette des vins 2025<\/span><\/strong>)<\/em><\/p><\/blockquote>\n","protected":false},"excerpt":{"rendered":"<p><strong>(Price per bottle : sold in boxes of 6 bottles)<\/strong><\/p>\n<p>&nbsp;<\/p>\n<p>And here&#8217;s the last born of our <em>Collection Terroirs<\/em>, still made with Sauvignon Blanc, but grown on the Reuilly appellation this time! <em>Les Coignons<\/em>, named after the vine plot planted in 2012 on a <strong>kimmeridgian clay-limestone slope<\/strong>, is vinified with indigenous yeasts and aged for a year in a vat. This plot gives us wines with a beautiful tension, a powerful salinity and notes of citrus fruit strengthened by a good deal of freshness.<\/p>\n<p>The <a href=\"https:\/\/www.domaines-tatin.com\/wp-content\/uploads\/2021\/01\/collection-terroirs.pdf\"><em>Collection Terroirs<\/em><\/a> is made of 5 distinct cuv\u00e9es, 4 of which are AOC Quincy wines, each from a specific plot of old vines vinified in 8 to 9 year old oak barrels and\/or a concrete ovoid shaped vat, with indigenous yeasts. And from now on, <em>Les Coignons<\/em>, an AOC Reuilly wine, has joined the family.<\/p>\n<p><strong>\ud83c\udf7d\ufe0f\u00a0Wine-food pairing\u00a0<\/strong><\/p>\n<p>The Cuv\u00e9es Terroir can be tasted separately or one after the other to perceive the subtleties of the terroirs of Quincy and now of Reuilly!<br \/>\nServe betweenn 10 and 12\u00b0C.<br \/>\nFor wine-food pairings, please refer to the pairings described for our Quincy Vieilles Vignes or Sucellus sheets.<\/p>\n<p><strong>\u23f3 Keep<\/strong><\/p>\n<p>2 to 10 years. Although our wines have been known to keep longer!<\/p>\n<blockquote><p>\ud83d\udc49 <em>Psst, go and have a look at our blog article <a href=\"https:\/\/www.domaines-tatin.com\/les-coignons-lhistoire-dune-parcelle\/\">Les Coignons, l&#8217;histoire d&#8217;une parcelle<\/a> to know more about this teroir!!<\/em><\/p><\/blockquote>\n","protected":false},"featured_media":4949,"template":"","meta":{"_acf_changed":false},"product_brand":[],"product_cat":[84],"product_tag":[],"class_list":{"0":"post-4827","1":"product","2":"type-product","3":"status-publish","4":"has-post-thumbnail","6":"product_cat-aoc-reuilly-en","7":"pa_annee-2023-en","8":"pa_couleur-white","10":"first","11":"instock","12":"taxable","13":"shipping-taxable","14":"purchasable","15":"product-type-simple"},"acf":[],"yoast_head":"<!-- This site is optimized with the Yoast SEO plugin v27.4 - https:\/\/yoast.com\/product\/yoast-seo-wordpress\/ -->\n<title>Cuv\u00e9e Terroir Les Coignons - Domaines Tatin<\/title>\n<meta name=\"description\" content=\"A vivid, saline and fresh white Loire wine made of 100% Sauvignon Blanc and elaborated in line with Terra Vitis certification!\" \/>\n<meta name=\"robots\" content=\"index, follow, max-snippet:-1, max-image-preview:large, max-video-preview:-1\" \/>\n<link rel=\"canonical\" href=\"https:\/\/www.domaines-tatin.com\/en\/produit\/cuvee-terroir-coignons-en\/\" \/>\n<meta property=\"og:locale\" content=\"en_US\" \/>\n<meta property=\"og:type\" content=\"article\" \/>\n<meta property=\"og:title\" content=\"Cuv\u00e9e Terroir Les Coignons - Domaines Tatin\" \/>\n<meta property=\"og:description\" content=\"A vivid, saline and fresh white Loire wine made of 100% Sauvignon Blanc and elaborated in line with Terra Vitis certification!\" \/>\n<meta property=\"og:url\" content=\"https:\/\/www.domaines-tatin.com\/en\/produit\/cuvee-terroir-coignons-en\/\" \/>\n<meta property=\"og:site_name\" content=\"Domaines Tatin\" \/>\n<meta property=\"article:modified_time\" content=\"2026-03-20T14:58:37+00:00\" \/>\n<meta property=\"og:image\" content=\"https:\/\/www.domaines-tatin.com\/wp-content\/uploads\/2023\/02\/coignons21-1.jpg\" \/>\n\t<meta property=\"og:image:width\" content=\"644\" \/>\n\t<meta property=\"og:image:height\" content=\"2043\" \/>\n\t<meta property=\"og:image:type\" content=\"image\/jpeg\" \/>\n<meta name=\"twitter:card\" content=\"summary_large_image\" \/>\n<meta name=\"twitter:label1\" content=\"Est. reading time\" \/>\n\t<meta name=\"twitter:data1\" content=\"1 minute\" \/>\n<script type=\"application\/ld+json\" class=\"yoast-schema-graph\">{\"@context\":\"https:\\\/\\\/schema.org\",\"@graph\":[{\"@type\":\"WebPage\",\"@id\":\"https:\\\/\\\/www.domaines-tatin.com\\\/en\\\/produit\\\/cuvee-terroir-coignons-en\\\/\",\"url\":\"https:\\\/\\\/www.domaines-tatin.com\\\/en\\\/produit\\\/cuvee-terroir-coignons-en\\\/\",\"name\":\"Cuv\u00e9e Terroir Les Coignons - Domaines Tatin\",\"isPartOf\":{\"@id\":\"https:\\\/\\\/www.domaines-tatin.com\\\/en\\\/#website\"},\"primaryImageOfPage\":{\"@id\":\"https:\\\/\\\/www.domaines-tatin.com\\\/en\\\/produit\\\/cuvee-terroir-coignons-en\\\/#primaryimage\"},\"image\":{\"@id\":\"https:\\\/\\\/www.domaines-tatin.com\\\/en\\\/produit\\\/cuvee-terroir-coignons-en\\\/#primaryimage\"},\"thumbnailUrl\":\"https:\\\/\\\/www.domaines-tatin.com\\\/wp-content\\\/uploads\\\/2023\\\/02\\\/coignons21-1.jpg\",\"datePublished\":\"2023-02-08T16:23:19+00:00\",\"dateModified\":\"2026-03-20T14:58:37+00:00\",\"description\":\"A vivid, saline and fresh white Loire wine made of 100% Sauvignon Blanc and elaborated in line with Terra Vitis certification!\",\"breadcrumb\":{\"@id\":\"https:\\\/\\\/www.domaines-tatin.com\\\/en\\\/produit\\\/cuvee-terroir-coignons-en\\\/#breadcrumb\"},\"inLanguage\":\"en-US\",\"potentialAction\":[{\"@type\":\"ReadAction\",\"target\":[\"https:\\\/\\\/www.domaines-tatin.com\\\/en\\\/produit\\\/cuvee-terroir-coignons-en\\\/\"]}]},{\"@type\":\"ImageObject\",\"inLanguage\":\"en-US\",\"@id\":\"https:\\\/\\\/www.domaines-tatin.com\\\/en\\\/produit\\\/cuvee-terroir-coignons-en\\\/#primaryimage\",\"url\":\"https:\\\/\\\/www.domaines-tatin.com\\\/wp-content\\\/uploads\\\/2023\\\/02\\\/coignons21-1.jpg\",\"contentUrl\":\"https:\\\/\\\/www.domaines-tatin.com\\\/wp-content\\\/uploads\\\/2023\\\/02\\\/coignons21-1.jpg\",\"width\":644,\"height\":2043},{\"@type\":\"BreadcrumbList\",\"@id\":\"https:\\\/\\\/www.domaines-tatin.com\\\/en\\\/produit\\\/cuvee-terroir-coignons-en\\\/#breadcrumb\",\"itemListElement\":[{\"@type\":\"ListItem\",\"position\":1,\"name\":\"Accueil\",\"item\":\"http:\\\/\\\/www.domaines-tatin.com\\\/en\\\/\"},{\"@type\":\"ListItem\",\"position\":2,\"name\":\"Shop\",\"item\":\"http:\\\/\\\/www.domaines-tatin.com\\\/en\\\/shop\\\/\"},{\"@type\":\"ListItem\",\"position\":3,\"name\":\"Cuv\u00e9e Terroir Les Coignons\"}]},{\"@type\":\"WebSite\",\"@id\":\"https:\\\/\\\/www.domaines-tatin.com\\\/en\\\/#website\",\"url\":\"https:\\\/\\\/www.domaines-tatin.com\\\/en\\\/\",\"name\":\"Domaines Tatin\",\"description\":\"Vignerons r\u00e9coltants en AOC Quincy et AOC Reuilly\",\"publisher\":{\"@id\":\"https:\\\/\\\/www.domaines-tatin.com\\\/en\\\/#organization\"},\"potentialAction\":[{\"@type\":\"SearchAction\",\"target\":{\"@type\":\"EntryPoint\",\"urlTemplate\":\"https:\\\/\\\/www.domaines-tatin.com\\\/en\\\/?s={search_term_string}\"},\"query-input\":{\"@type\":\"PropertyValueSpecification\",\"valueRequired\":true,\"valueName\":\"search_term_string\"}}],\"inLanguage\":\"en-US\"},{\"@type\":\"Organization\",\"@id\":\"https:\\\/\\\/www.domaines-tatin.com\\\/en\\\/#organization\",\"name\":\"Domaines tatins\",\"url\":\"https:\\\/\\\/www.domaines-tatin.com\\\/en\\\/\",\"logo\":{\"@type\":\"ImageObject\",\"inLanguage\":\"en-US\",\"@id\":\"https:\\\/\\\/www.domaines-tatin.com\\\/en\\\/#\\\/schema\\\/logo\\\/image\\\/\",\"url\":\"https:\\\/\\\/www.domaines-tatin.com\\\/wp-content\\\/uploads\\\/2020\\\/07\\\/DemoisellesVerreTRansparent.png\",\"contentUrl\":\"https:\\\/\\\/www.domaines-tatin.com\\\/wp-content\\\/uploads\\\/2020\\\/07\\\/DemoisellesVerreTRansparent.png\",\"width\":709,\"height\":1012,\"caption\":\"Domaines tatins\"},\"image\":{\"@id\":\"https:\\\/\\\/www.domaines-tatin.com\\\/en\\\/#\\\/schema\\\/logo\\\/image\\\/\"}}]}<\/script>\n<!-- \/ Yoast SEO plugin. -->","yoast_head_json":{"title":"Cuv\u00e9e Terroir Les Coignons - Domaines Tatin","description":"A vivid, saline and fresh white Loire wine made of 100% Sauvignon Blanc and elaborated in line with Terra Vitis certification!","robots":{"index":"index","follow":"follow","max-snippet":"max-snippet:-1","max-image-preview":"max-image-preview:large","max-video-preview":"max-video-preview:-1"},"canonical":"https:\/\/www.domaines-tatin.com\/en\/produit\/cuvee-terroir-coignons-en\/","og_locale":"en_US","og_type":"article","og_title":"Cuv\u00e9e Terroir Les Coignons - Domaines Tatin","og_description":"A vivid, saline and fresh white Loire wine made of 100% Sauvignon Blanc and elaborated in line with Terra Vitis certification!","og_url":"https:\/\/www.domaines-tatin.com\/en\/produit\/cuvee-terroir-coignons-en\/","og_site_name":"Domaines Tatin","article_modified_time":"2026-03-20T14:58:37+00:00","og_image":[{"width":644,"height":2043,"url":"https:\/\/www.domaines-tatin.com\/wp-content\/uploads\/2023\/02\/coignons21-1.jpg","type":"image\/jpeg"}],"twitter_card":"summary_large_image","twitter_misc":{"Est. reading time":"1 minute"},"schema":{"@context":"https:\/\/schema.org","@graph":[{"@type":"WebPage","@id":"https:\/\/www.domaines-tatin.com\/en\/produit\/cuvee-terroir-coignons-en\/","url":"https:\/\/www.domaines-tatin.com\/en\/produit\/cuvee-terroir-coignons-en\/","name":"Cuv\u00e9e Terroir Les Coignons - Domaines Tatin","isPartOf":{"@id":"https:\/\/www.domaines-tatin.com\/en\/#website"},"primaryImageOfPage":{"@id":"https:\/\/www.domaines-tatin.com\/en\/produit\/cuvee-terroir-coignons-en\/#primaryimage"},"image":{"@id":"https:\/\/www.domaines-tatin.com\/en\/produit\/cuvee-terroir-coignons-en\/#primaryimage"},"thumbnailUrl":"https:\/\/www.domaines-tatin.com\/wp-content\/uploads\/2023\/02\/coignons21-1.jpg","datePublished":"2023-02-08T16:23:19+00:00","dateModified":"2026-03-20T14:58:37+00:00","description":"A vivid, saline and fresh white Loire wine made of 100% Sauvignon Blanc and elaborated in line with Terra Vitis certification!","breadcrumb":{"@id":"https:\/\/www.domaines-tatin.com\/en\/produit\/cuvee-terroir-coignons-en\/#breadcrumb"},"inLanguage":"en-US","potentialAction":[{"@type":"ReadAction","target":["https:\/\/www.domaines-tatin.com\/en\/produit\/cuvee-terroir-coignons-en\/"]}]},{"@type":"ImageObject","inLanguage":"en-US","@id":"https:\/\/www.domaines-tatin.com\/en\/produit\/cuvee-terroir-coignons-en\/#primaryimage","url":"https:\/\/www.domaines-tatin.com\/wp-content\/uploads\/2023\/02\/coignons21-1.jpg","contentUrl":"https:\/\/www.domaines-tatin.com\/wp-content\/uploads\/2023\/02\/coignons21-1.jpg","width":644,"height":2043},{"@type":"BreadcrumbList","@id":"https:\/\/www.domaines-tatin.com\/en\/produit\/cuvee-terroir-coignons-en\/#breadcrumb","itemListElement":[{"@type":"ListItem","position":1,"name":"Accueil","item":"http:\/\/www.domaines-tatin.com\/en\/"},{"@type":"ListItem","position":2,"name":"Shop","item":"http:\/\/www.domaines-tatin.com\/en\/shop\/"},{"@type":"ListItem","position":3,"name":"Cuv\u00e9e Terroir Les Coignons"}]},{"@type":"WebSite","@id":"https:\/\/www.domaines-tatin.com\/en\/#website","url":"https:\/\/www.domaines-tatin.com\/en\/","name":"Domaines Tatin","description":"Vignerons r\u00e9coltants en AOC Quincy et AOC Reuilly","publisher":{"@id":"https:\/\/www.domaines-tatin.com\/en\/#organization"},"potentialAction":[{"@type":"SearchAction","target":{"@type":"EntryPoint","urlTemplate":"https:\/\/www.domaines-tatin.com\/en\/?s={search_term_string}"},"query-input":{"@type":"PropertyValueSpecification","valueRequired":true,"valueName":"search_term_string"}}],"inLanguage":"en-US"},{"@type":"Organization","@id":"https:\/\/www.domaines-tatin.com\/en\/#organization","name":"Domaines tatins","url":"https:\/\/www.domaines-tatin.com\/en\/","logo":{"@type":"ImageObject","inLanguage":"en-US","@id":"https:\/\/www.domaines-tatin.com\/en\/#\/schema\/logo\/image\/","url":"https:\/\/www.domaines-tatin.com\/wp-content\/uploads\/2020\/07\/DemoisellesVerreTRansparent.png","contentUrl":"https:\/\/www.domaines-tatin.com\/wp-content\/uploads\/2020\/07\/DemoisellesVerreTRansparent.png","width":709,"height":1012,"caption":"Domaines tatins"},"image":{"@id":"https:\/\/www.domaines-tatin.com\/en\/#\/schema\/logo\/image\/"}}]}},"_links":{"self":[{"href":"https:\/\/www.domaines-tatin.com\/en\/wp-json\/wp\/v2\/product\/4827","targetHints":{"allow":["GET"]}}],"collection":[{"href":"https:\/\/www.domaines-tatin.com\/en\/wp-json\/wp\/v2\/product"}],"about":[{"href":"https:\/\/www.domaines-tatin.com\/en\/wp-json\/wp\/v2\/types\/product"}],"wp:featuredmedia":[{"embeddable":true,"href":"https:\/\/www.domaines-tatin.com\/en\/wp-json\/wp\/v2\/media\/4949"}],"wp:attachment":[{"href":"https:\/\/www.domaines-tatin.com\/en\/wp-json\/wp\/v2\/media?parent=4827"}],"wp:term":[{"taxonomy":"product_brand","embeddable":true,"href":"https:\/\/www.domaines-tatin.com\/en\/wp-json\/wp\/v2\/product_brand?post=4827"},{"taxonomy":"product_cat","embeddable":true,"href":"https:\/\/www.domaines-tatin.com\/en\/wp-json\/wp\/v2\/product_cat?post=4827"},{"taxonomy":"product_tag","embeddable":true,"href":"https:\/\/www.domaines-tatin.com\/en\/wp-json\/wp\/v2\/product_tag?post=4827"}],"curies":[{"name":"wp","href":"https:\/\/api.w.org\/{rel}","templated":true}]}}