{"id":4553,"date":"2020-01-21T08:37:28","date_gmt":"2020-01-21T07:37:28","guid":{"rendered":"https:\/\/www.domaines-tatin.com\/produit\/domaine-des-ballandors\/"},"modified":"2026-04-20T15:44:33","modified_gmt":"2026-04-20T13:44:33","slug":"domaine-des-ballandors","status":"publish","type":"product","link":"https:\/\/www.domaines-tatin.com\/en\/produit\/domaine-des-ballandors\/","title":{"rendered":"Domaine des Ballandors Quincy"},"content":{"rendered":"<p><a href=\"http:\/\/www.domaines-tatin.com\/wp-content\/uploads\/2024\/04\/FT-QUINCY-BALLANDORS-2023-anglais.pdf\" target=\"_blank\" rel=\"noopener\">&#8211; Download the wine tech sheet (PDF)<\/a><\/p>\n<p><a href=\"http:\/\/www.domaines-tatin.com\/wp-content\/uploads\/2020\/01\/RECETTE-ballandor-article-canadien-ball-ceviche-2012.pdf\" target=\"_blank\" rel=\"noopener noreferrer\">&#8211; Recipe idea (PDF)<\/a><\/p>\n<p>&nbsp;<\/p>\n<p><strong>Wine tasting notes<\/strong><\/p>\n<p><span style=\"font-weight: 400;\">A fine, delicate and complex nose: the first nose reveals a slight vegetal hint closely followed up by nice ripe fruit (white peach) and a small touch of minerality in the end.<br \/>\nIn the mouth, the attack is fresh on notes of grapefruit and candied lemon. Its vividness, its sharpness give in to unctuosity and a beautiful minerality.\u00a0 The superb final, on fine bitter flavours, will ravish your saline meals!<\/span><\/p>\n<blockquote><p><em>\u00ab A fine nose with citrus aromas of lemon and pink grapefruit. The palate reveals fine acidity with fruity notes, accompanied by salinity and freshness on the finish. \u00bb,<span style=\"color: #ff6600;\"><strong> tasting comment at the Concours Mondial du Sauvignon 2026 (Silver Medal, vintage 2025)<\/strong><\/span><\/em><\/p>\n<p><em>\u00ab<\/em> <em>This 2025 Quincy displays a delicate aspect with its pale and light greenish shimmers, which foretell a nice freshness. The nose is seductive, mixing notes of linden flowers to white fruit, creating summer vibes. Its full-bodied mouth is perfectly balanced with a vivid acidity, offering a long and elegant finish. This wine embodies all the finesse and the authentic expression of its terroir. \u00bb, <span style=\"color: #ff6600;\"><strong>tasting comment at the Concours des Ligers 2026 (Liger Or, vintage 2025)<\/strong><\/span><\/em><\/p>\n<p><em>\u00ab The shiny pale yellow colour opens up to an intense and flattering nose which associates scents of flowers to those of exotic fruit (passion fruit, mango) and it gets richer with\u00a0 nuances of &#8220;Arlequin&#8221; sweeties. The mouth&#8217;s vivid attack offers fleshy sensations, unctuosity, a good-balanced freshness, as well as fruity aromas (grapefruit, pineapple) which persist in a crisp, elegant and long finish. A very beautiful Quincy. <\/em><em>\u00bb, <span style=\"color: #ff6600;\"><strong>tasting comment at the Concours des Ligers 2025 (Liger Or, vintage 2024)<\/strong><\/span><\/em><\/p>\n<p><em>\u00ab Elegant citrus on the nose, lifted herb, bright citrus and a crisp acidity on the palate. \u00bb, <span style=\"color: #ff6600;\"><strong>tasting comment at the Decanter World Wine Awards 2024 (89 points, vintage 2023)<\/strong><\/span><\/em><\/p>\n<p><em>\u00ab Ce Quincy \u00e9gr\u00e8ne avec parcimonie mais d\u00e9licatesse des notes de citron vert, de zeste d&#8217;agrumes et de bourgeon de cassis. Franche en attaque, la bouche est impr\u00e9gn\u00e9e d&#8217;une acidit\u00e9 marqu\u00e9e qui se maintient jusqu&#8217;\u00e0 la finale, aux \u00e9vocations citronn\u00e9es. Une nervosit\u00e9 bien pr\u00e9sente dans cette ann\u00e9e solaire. pour les fruits de mer. \u00bb, <strong><span style=\"color: #ff6600;\">tasting comment in Le Guide Hachette des Vins 2024 (vintage 2023)<\/span><\/strong><\/em><\/p>\n<p><em>\u00ab The wine has a pale lemon-yellow color. The nose is aromatic, herbaceous, tangy and <\/em><em>expresses the typicality of Sauvignon Blanc. It offers notes of boxwood and cut grass <\/em><em>(pronounced, but fresh and pleasant), gooseberry, passion fruit, green apple, lemon <\/em><em>zest, lime, as well as subtle floral notes of honeysuckle and acacia. On the palate, the <\/em><em>wine offers sapidity, freshness and a tangy fruitiness, combined with notes of fresh <\/em><em>herbs. It expresses the flavors of gooseberries, passion fruit, pomelo, lemon, lime, <\/em><em>tart apricot as well as cut grass, acacia and a saline mineral touch. The finish is quite <\/em><em>persistent, with a slight bitterness of lime and a salivating acidity. A straightforward, <\/em><em>fresh and fragrant wine. <\/em><em>Score : 15+\/20 (89-90\/100) \u00bb, <span style=\"color: #ff6600;\"><strong>tasting comment in Vert de Vin nr.23, July 2023<\/strong><\/span><\/em><\/p>\n<p><em>\u00ab Fruits blancs, bouche gourmande, sauvignon m\u00fbr, plein, \u00e9quilibr\u00e9, savoureux \u00bb, <span style=\"color: #ff6600;\"><strong>tasting comment in Le Point, January 2021 (15\/20)<\/strong><\/span><\/em><\/p><\/blockquote>\n<p>&nbsp;<\/p>\n<p><strong>Wine and food pairing<\/strong><\/p>\n<p><span style=\"font-weight: 400;\">Serve between 10 and 12\u00b0C at the aperitif with pink shrimps and a few fritters of zucchini flowers, to accompany a nice plate of seafood or on a white meat with a soup\u00e7on of tandoori!<\/span><\/p>\n","protected":false},"excerpt":{"rendered":"<p><strong>(Price per bottle: sent in boxes of 6 bottles) <\/strong><\/p>\n<p>&nbsp;<\/p>\n<p><span style=\"font-weight: 400;\">This vintage is elaborated from the vines that are roughly 20 years&#8217; old and that grow on a terroir dominated by the sandy gravels of the Cher valley, which gives <strong>vivid, dashing, <span style=\"color: #000000;\">swift <\/span>and elegant wines<\/strong>, <strong>sprinkled with sparkles of citrus fruit<\/strong>.<\/span><\/p>\n<p><span style=\"font-weight: 400;\">The ladies&#8217; favourite&#8230; It goes well at the aperitif with <strong>goat cheese from the Berry<\/strong>, with a<\/span><span style=\"font-weight: 400;\">\u00a0<a href=\"http:\/\/www.domaines-tatin.com\/wp-content\/uploads\/2020\/01\/RECETTE-ballandor-article-canadien-ball-ceviche-2012.pdf\" target=\"_blank\" rel=\"noopener noreferrer\">Ceviche<\/a><\/span> <span style=\"font-weight: 400;\">or with clams cooked in butter, parsley and garlic (the famous &#8216;en persillade&#8217;).\u00a0<\/span><\/p>\n<p><span style=\"font-weight: 400;\">To enjoy from 1 to 5 years in order to keep the freshness of the Sauvignon Blanc. Although our wines do keep longer!<\/span><\/p>\n","protected":false},"featured_media":3124,"template":"","meta":{"_acf_changed":false},"product_brand":[],"product_cat":[114,15],"product_tag":[],"class_list":{"0":"post-4553","1":"product","2":"type-product","3":"status-publish","4":"has-post-thumbnail","6":"product_cat-aoc-quincy-en","7":"product_cat-aoc-quincy","8":"pa_annee-2024-en","9":"pa_annee-42","10":"pa_certification-haute-valeur-environnementale-hve","11":"pa_certification-haute-valeur-environnementale-hve-en","12":"pa_certification-terravitis","13":"pa_certification-terra-vitis","14":"pa_couleur-blanc","15":"pa_couleur-white","16":"pa_medailles-1-etoile-au-guide-hachette","17":"pa_medailles-1-star-in-the-guide-hachette","18":"pa_medailles-bronze-medal-in-the-decanter-world-wine-awards-competition","19":"pa_medailles-gold-liger-at-the-concours-des-ligers-of-the-loire-valley-wine-fair","20":"pa_medailles-ligers-d-or-au-concours-des-ligers-du-salon-des-vins-de-loire","21":"pa_medailles-medaille-dargent-au-concours-mondial-du-sauvignon","22":"pa_medailles-medaille-de-bronze-au-concours-decanter-world-wine-awards","23":"pa_medailles-silver-medal-at-the-concours-mondial-du-sauvignon","25":"first","26":"instock","27":"taxable","28":"shipping-taxable","29":"purchasable","30":"product-type-simple"},"acf":[],"yoast_head":"<!-- This site is optimized with the Yoast SEO plugin v27.5 - https:\/\/yoast.com\/product\/yoast-seo-wordpress\/ -->\n<title>Domaine des Ballandors Quincy - Domaines Tatin<\/title>\n<meta name=\"robots\" content=\"index, follow, max-snippet:-1, max-image-preview:large, max-video-preview:-1\" \/>\n<link rel=\"canonical\" href=\"https:\/\/www.domaines-tatin.com\/en\/produit\/domaine-des-ballandors\/\" \/>\n<meta property=\"og:locale\" content=\"en_US\" \/>\n<meta property=\"og:type\" content=\"article\" \/>\n<meta property=\"og:title\" content=\"Domaine des Ballandors Quincy - Domaines Tatin\" \/>\n<meta property=\"og:description\" content=\"(Price per bottle: sent in boxes of 6 bottles)   &nbsp;  This vintage is elaborated from the vines that are roughly 20 years&#039; old and that grow on a terroir dominated by the sandy gravels of the Cher valley, which gives vivid, dashing, swift and elegant wines, sprinkled with sparkles of citrus fruit.  The ladies&#039; favourite... It goes well at the aperitif with goat cheese from the Berry, with a\u00a0Ceviche or with clams cooked in butter, parsley and garlic (the famous &#039;en persillade&#039;).\u00a0  To enjoy from 1 to 5 years in order to keep the freshness of the Sauvignon Blanc. Although our wines do keep longer!\" \/>\n<meta property=\"og:url\" content=\"https:\/\/www.domaines-tatin.com\/en\/produit\/domaine-des-ballandors\/\" \/>\n<meta property=\"og:site_name\" content=\"Domaines Tatin\" \/>\n<meta property=\"article:modified_time\" content=\"2026-04-20T13:44:33+00:00\" \/>\n<meta property=\"og:image\" content=\"https:\/\/www.domaines-tatin.com\/wp-content\/uploads\/2020\/01\/ballandor-scaled.jpg\" \/>\n\t<meta property=\"og:image:width\" content=\"806\" \/>\n\t<meta property=\"og:image:height\" content=\"2560\" \/>\n\t<meta property=\"og:image:type\" content=\"image\/jpeg\" \/>\n<meta name=\"twitter:card\" content=\"summary_large_image\" \/>\n<meta name=\"twitter:label1\" content=\"Est. reading time\" \/>\n\t<meta name=\"twitter:data1\" content=\"1 minute\" \/>\n<script type=\"application\/ld+json\" class=\"yoast-schema-graph\">{\"@context\":\"https:\\\/\\\/schema.org\",\"@graph\":[{\"@type\":\"WebPage\",\"@id\":\"https:\\\/\\\/www.domaines-tatin.com\\\/en\\\/produit\\\/domaine-des-ballandors\\\/\",\"url\":\"https:\\\/\\\/www.domaines-tatin.com\\\/en\\\/produit\\\/domaine-des-ballandors\\\/\",\"name\":\"Domaine des Ballandors Quincy - Domaines Tatin\",\"isPartOf\":{\"@id\":\"https:\\\/\\\/www.domaines-tatin.com\\\/en\\\/#website\"},\"primaryImageOfPage\":{\"@id\":\"https:\\\/\\\/www.domaines-tatin.com\\\/en\\\/produit\\\/domaine-des-ballandors\\\/#primaryimage\"},\"image\":{\"@id\":\"https:\\\/\\\/www.domaines-tatin.com\\\/en\\\/produit\\\/domaine-des-ballandors\\\/#primaryimage\"},\"thumbnailUrl\":\"https:\\\/\\\/www.domaines-tatin.com\\\/wp-content\\\/uploads\\\/2020\\\/01\\\/ballandor-scaled.jpg\",\"datePublished\":\"2020-01-21T07:37:28+00:00\",\"dateModified\":\"2026-04-20T13:44:33+00:00\",\"breadcrumb\":{\"@id\":\"https:\\\/\\\/www.domaines-tatin.com\\\/en\\\/produit\\\/domaine-des-ballandors\\\/#breadcrumb\"},\"inLanguage\":\"en-US\",\"potentialAction\":[{\"@type\":\"ReadAction\",\"target\":[\"https:\\\/\\\/www.domaines-tatin.com\\\/en\\\/produit\\\/domaine-des-ballandors\\\/\"]}]},{\"@type\":\"ImageObject\",\"inLanguage\":\"en-US\",\"@id\":\"https:\\\/\\\/www.domaines-tatin.com\\\/en\\\/produit\\\/domaine-des-ballandors\\\/#primaryimage\",\"url\":\"https:\\\/\\\/www.domaines-tatin.com\\\/wp-content\\\/uploads\\\/2020\\\/01\\\/ballandor-scaled.jpg\",\"contentUrl\":\"https:\\\/\\\/www.domaines-tatin.com\\\/wp-content\\\/uploads\\\/2020\\\/01\\\/ballandor-scaled.jpg\",\"width\":806,\"height\":2560},{\"@type\":\"BreadcrumbList\",\"@id\":\"https:\\\/\\\/www.domaines-tatin.com\\\/en\\\/produit\\\/domaine-des-ballandors\\\/#breadcrumb\",\"itemListElement\":[{\"@type\":\"ListItem\",\"position\":1,\"name\":\"Accueil\",\"item\":\"http:\\\/\\\/www.domaines-tatin.com\\\/en\\\/\"},{\"@type\":\"ListItem\",\"position\":2,\"name\":\"Shop\",\"item\":\"http:\\\/\\\/www.domaines-tatin.com\\\/en\\\/shop\\\/\"},{\"@type\":\"ListItem\",\"position\":3,\"name\":\"Domaine des Ballandors Quincy\"}]},{\"@type\":\"WebSite\",\"@id\":\"https:\\\/\\\/www.domaines-tatin.com\\\/en\\\/#website\",\"url\":\"https:\\\/\\\/www.domaines-tatin.com\\\/en\\\/\",\"name\":\"Domaines Tatin\",\"description\":\"Vignerons r\u00e9coltants en AOC Quincy et AOC Reuilly\",\"publisher\":{\"@id\":\"https:\\\/\\\/www.domaines-tatin.com\\\/en\\\/#organization\"},\"potentialAction\":[{\"@type\":\"SearchAction\",\"target\":{\"@type\":\"EntryPoint\",\"urlTemplate\":\"https:\\\/\\\/www.domaines-tatin.com\\\/en\\\/?s={search_term_string}\"},\"query-input\":{\"@type\":\"PropertyValueSpecification\",\"valueRequired\":true,\"valueName\":\"search_term_string\"}}],\"inLanguage\":\"en-US\"},{\"@type\":\"Organization\",\"@id\":\"https:\\\/\\\/www.domaines-tatin.com\\\/en\\\/#organization\",\"name\":\"Domaines tatins\",\"url\":\"https:\\\/\\\/www.domaines-tatin.com\\\/en\\\/\",\"logo\":{\"@type\":\"ImageObject\",\"inLanguage\":\"en-US\",\"@id\":\"https:\\\/\\\/www.domaines-tatin.com\\\/en\\\/#\\\/schema\\\/logo\\\/image\\\/\",\"url\":\"https:\\\/\\\/www.domaines-tatin.com\\\/wp-content\\\/uploads\\\/2020\\\/07\\\/DemoisellesVerreTRansparent.png\",\"contentUrl\":\"https:\\\/\\\/www.domaines-tatin.com\\\/wp-content\\\/uploads\\\/2020\\\/07\\\/DemoisellesVerreTRansparent.png\",\"width\":709,\"height\":1012,\"caption\":\"Domaines tatins\"},\"image\":{\"@id\":\"https:\\\/\\\/www.domaines-tatin.com\\\/en\\\/#\\\/schema\\\/logo\\\/image\\\/\"}}]}<\/script>\n<!-- \/ Yoast SEO plugin. -->","yoast_head_json":{"title":"Domaine des Ballandors Quincy - Domaines Tatin","robots":{"index":"index","follow":"follow","max-snippet":"max-snippet:-1","max-image-preview":"max-image-preview:large","max-video-preview":"max-video-preview:-1"},"canonical":"https:\/\/www.domaines-tatin.com\/en\/produit\/domaine-des-ballandors\/","og_locale":"en_US","og_type":"article","og_title":"Domaine des Ballandors Quincy - Domaines Tatin","og_description":"(Price per bottle: sent in boxes of 6 bottles)   &nbsp;  This vintage is elaborated from the vines that are roughly 20 years' old and that grow on a terroir dominated by the sandy gravels of the Cher valley, which gives vivid, dashing, swift and elegant wines, sprinkled with sparkles of citrus fruit.  The ladies' favourite... It goes well at the aperitif with goat cheese from the Berry, with a\u00a0Ceviche or with clams cooked in butter, parsley and garlic (the famous 'en persillade').\u00a0  To enjoy from 1 to 5 years in order to keep the freshness of the Sauvignon Blanc. Although our wines do keep longer!","og_url":"https:\/\/www.domaines-tatin.com\/en\/produit\/domaine-des-ballandors\/","og_site_name":"Domaines Tatin","article_modified_time":"2026-04-20T13:44:33+00:00","og_image":[{"width":806,"height":2560,"url":"https:\/\/www.domaines-tatin.com\/wp-content\/uploads\/2020\/01\/ballandor-scaled.jpg","type":"image\/jpeg"}],"twitter_card":"summary_large_image","twitter_misc":{"Est. reading time":"1 minute"},"schema":{"@context":"https:\/\/schema.org","@graph":[{"@type":"WebPage","@id":"https:\/\/www.domaines-tatin.com\/en\/produit\/domaine-des-ballandors\/","url":"https:\/\/www.domaines-tatin.com\/en\/produit\/domaine-des-ballandors\/","name":"Domaine des Ballandors Quincy - Domaines Tatin","isPartOf":{"@id":"https:\/\/www.domaines-tatin.com\/en\/#website"},"primaryImageOfPage":{"@id":"https:\/\/www.domaines-tatin.com\/en\/produit\/domaine-des-ballandors\/#primaryimage"},"image":{"@id":"https:\/\/www.domaines-tatin.com\/en\/produit\/domaine-des-ballandors\/#primaryimage"},"thumbnailUrl":"https:\/\/www.domaines-tatin.com\/wp-content\/uploads\/2020\/01\/ballandor-scaled.jpg","datePublished":"2020-01-21T07:37:28+00:00","dateModified":"2026-04-20T13:44:33+00:00","breadcrumb":{"@id":"https:\/\/www.domaines-tatin.com\/en\/produit\/domaine-des-ballandors\/#breadcrumb"},"inLanguage":"en-US","potentialAction":[{"@type":"ReadAction","target":["https:\/\/www.domaines-tatin.com\/en\/produit\/domaine-des-ballandors\/"]}]},{"@type":"ImageObject","inLanguage":"en-US","@id":"https:\/\/www.domaines-tatin.com\/en\/produit\/domaine-des-ballandors\/#primaryimage","url":"https:\/\/www.domaines-tatin.com\/wp-content\/uploads\/2020\/01\/ballandor-scaled.jpg","contentUrl":"https:\/\/www.domaines-tatin.com\/wp-content\/uploads\/2020\/01\/ballandor-scaled.jpg","width":806,"height":2560},{"@type":"BreadcrumbList","@id":"https:\/\/www.domaines-tatin.com\/en\/produit\/domaine-des-ballandors\/#breadcrumb","itemListElement":[{"@type":"ListItem","position":1,"name":"Accueil","item":"http:\/\/www.domaines-tatin.com\/en\/"},{"@type":"ListItem","position":2,"name":"Shop","item":"http:\/\/www.domaines-tatin.com\/en\/shop\/"},{"@type":"ListItem","position":3,"name":"Domaine des Ballandors Quincy"}]},{"@type":"WebSite","@id":"https:\/\/www.domaines-tatin.com\/en\/#website","url":"https:\/\/www.domaines-tatin.com\/en\/","name":"Domaines Tatin","description":"Vignerons r\u00e9coltants en AOC Quincy et AOC Reuilly","publisher":{"@id":"https:\/\/www.domaines-tatin.com\/en\/#organization"},"potentialAction":[{"@type":"SearchAction","target":{"@type":"EntryPoint","urlTemplate":"https:\/\/www.domaines-tatin.com\/en\/?s={search_term_string}"},"query-input":{"@type":"PropertyValueSpecification","valueRequired":true,"valueName":"search_term_string"}}],"inLanguage":"en-US"},{"@type":"Organization","@id":"https:\/\/www.domaines-tatin.com\/en\/#organization","name":"Domaines tatins","url":"https:\/\/www.domaines-tatin.com\/en\/","logo":{"@type":"ImageObject","inLanguage":"en-US","@id":"https:\/\/www.domaines-tatin.com\/en\/#\/schema\/logo\/image\/","url":"https:\/\/www.domaines-tatin.com\/wp-content\/uploads\/2020\/07\/DemoisellesVerreTRansparent.png","contentUrl":"https:\/\/www.domaines-tatin.com\/wp-content\/uploads\/2020\/07\/DemoisellesVerreTRansparent.png","width":709,"height":1012,"caption":"Domaines tatins"},"image":{"@id":"https:\/\/www.domaines-tatin.com\/en\/#\/schema\/logo\/image\/"}}]}},"_links":{"self":[{"href":"https:\/\/www.domaines-tatin.com\/en\/wp-json\/wp\/v2\/product\/4553","targetHints":{"allow":["GET"]}}],"collection":[{"href":"https:\/\/www.domaines-tatin.com\/en\/wp-json\/wp\/v2\/product"}],"about":[{"href":"https:\/\/www.domaines-tatin.com\/en\/wp-json\/wp\/v2\/types\/product"}],"wp:featuredmedia":[{"embeddable":true,"href":"https:\/\/www.domaines-tatin.com\/en\/wp-json\/wp\/v2\/media\/3124"}],"wp:attachment":[{"href":"https:\/\/www.domaines-tatin.com\/en\/wp-json\/wp\/v2\/media?parent=4553"}],"wp:term":[{"taxonomy":"product_brand","embeddable":true,"href":"https:\/\/www.domaines-tatin.com\/en\/wp-json\/wp\/v2\/product_brand?post=4553"},{"taxonomy":"product_cat","embeddable":true,"href":"https:\/\/www.domaines-tatin.com\/en\/wp-json\/wp\/v2\/product_cat?post=4553"},{"taxonomy":"product_tag","embeddable":true,"href":"https:\/\/www.domaines-tatin.com\/en\/wp-json\/wp\/v2\/product_tag?post=4553"}],"curies":[{"name":"wp","href":"https:\/\/api.w.org\/{rel}","templated":true}]}}