{"id":4551,"date":"2020-01-21T08:39:37","date_gmt":"2020-01-21T07:39:37","guid":{"rendered":"https:\/\/www.domaines-tatin.com\/produit\/domaine-du-tremblay-vieilles-vignes\/"},"modified":"2025-11-25T15:48:44","modified_gmt":"2025-11-25T14:48:44","slug":"domaine-du-tremblay-vieilles-vignes","status":"publish","type":"product","link":"https:\/\/www.domaines-tatin.com\/en\/produit\/domaine-du-tremblay-vieilles-vignes\/","title":{"rendered":"Domaine du Tremblay Cuv\u00e9e Vieilles Vignes"},"content":{"rendered":"<p><a href=\"http:\/\/www.domaines-tatin.com\/wp-content\/uploads\/2024\/12\/FT-QUINCY-VIEILLES-VIGNES-2023-anglais.pdf\" target=\"_blank\" rel=\"noopener\">&#8211; Download the wine tech sheet (PDF)<\/a><\/p>\n<p>&nbsp;<\/p>\n<p><strong>Wine tasting notes<br \/>\n<\/strong><br \/>\nA nose that opens up on very ripe white fruit, on spices with slight vanilla hints and on candied and jammy citrus fruit. An ample mouth beginning with a light pastry sweetness, followed by the return of the acidity, which structures the whole set. An unctuous and powerful wine.<\/p>\n<blockquote><p><em>\u00ab Robe jaune de Naples \u00e0 or blanc. Ce bouquet printanier de grande douceur m\u00eale les notes d&#8217;agrumes m\u00fbrs aux fruits \u00e0 chair blanche (p\u00eache, poire). Une note p\u00e2tissi\u00e8re (brioche, viennoiseries) compl\u00e8te une palette aromatique charmeuse. Tr\u00e8s aromatique, cette cuv\u00e9e de grande maturit\u00e9 pr\u00e9sente une densit\u00e9 de mati\u00e8re exemplaire. Sa texture grasse et ses saveurs de fruits m\u00fbrs (agrumes, fruits \u00e0 chair blanche) trouvent leur \u00e9quilibre dans un support d&#8217;acidit\u00e9 pr\u00e9sent de l&#8217;entr\u00e9e de bouche \u00e0 la finale. Un cru complet et tr\u00e8s bien construit. \u00bb, <span style=\"color: #ff6600;\"><strong>tasting comment in the<\/strong><strong><span style=\"color: #ff6600;\">\u00a0<\/span>Guide Vins &amp; Terroirs Authentiques 2024-2025 (3 \u00e9toiles, 16\/20)<\/strong><\/span><\/em><\/p>\n<p><em>\u00ab The wine has a pale lemon color with green reflections. The nose offers freshness, juiciness and a very slight sweetness. It expresses notes of crushed green apple, green pear, lemon, lemon zest, fresh quince, white peach, as well as delicate herbaceous touches (verbena, lemon thyme), apple blossom and acacia. On the palate, the wine offers roundness, juiciness and complexity. It expresses notes of ripe stone fruit (yellow peach, apricot), crushed green apple, grapefruit, lemon, lemon zest yellow, as well as herbaceous (verbena, lemon thyme, peppermint in the base) and floral (acacia, apple blossom) notes. The finish is lively, tangy, with energy and good persistence. It offers fresh and slightly bitter citrus notes (grapefruit, lime), as well as mineral, slightly smoky and herbaceous touch (oregano). A perfumed wine, with a good structure and a certain complexity. Score : 15+\/20 (89-90\/100) \u00bb <strong><span style=\"color: #ff6600;\">(Vert de Vin n\u00b023, juillet 2023)<\/span><\/strong><\/em><\/p>\n<p><em>\u00ab A ripe stile with ripe apples and some honeyed notes, very dry and goodfreshness. \u00bb <strong><span style=\"color: #ff6600;\">(Per &amp; Britt Karlsson, A Personal Selection Out Of 122 Sauvignon Blancs, Forbes, 25\/05\/2023)<\/span><\/strong><\/em><\/p>\n<p><em>\u00ab P\u00eache blanche, bouche vive, fra\u00eeche, assez gourmande, \u00e9quilibr\u00e9e, de la mati\u00e8re, bonne longueur. \u00bb 15\/20\u00a0<span style=\"color: #ff6600;\"><strong>(Le Point, janvier 2021)<\/strong><\/span><\/em><\/p>\n<p><em>\u00ab Min\u00e9rale avec des accents d&#8217;agrumes confits, cette cuv\u00e9e fait la courte \u00e9chelle au foie gras. \u00bb <strong><span style=\"color: #ff6600;\">(Le Guide des Vins Bettane &amp; Desseauve 2019)<\/span><\/strong><\/em><\/p>\n<p><em>\u00ab Ample et riche le Quincy Vieilles Vignes est dot\u00e9 de beaucoup de fra\u00eecheur, d\u2019une belle tension appuy\u00e9e lui conf\u00e9rant longueur et dynamisme. \u00bb <strong><span style=\"color: #ff6600;\">(1jour1vin)<\/span><\/strong><\/em><\/p><\/blockquote>\n<p>&nbsp;<\/p>\n<p><strong>Wine and food pairing<\/strong><\/p>\n<p>Serve between 10 and 12\u00b0C as an appetizer with smoked fish (trout, salmon&#8230;) or with small pastry puffs with \u00e9poisse cheese (the famous &#8216;goug\u00e8res&#8217;). It goes perfectly with white meat (stuffed capon or turkey cutlets on a creamy mushroom sauce). But the secret is to taste it with pan-fried scallops and a pur\u00e9e of parsnip.<\/p>\n","protected":false},"excerpt":{"rendered":"<p><strong>(Price per bottle: sent in boxes of 6 bottles)<\/strong><\/p>\n<p>&nbsp;<\/p>\n<p>This vintage is elaborated with the grapes from 4 of our vineyard&#8217;s plots of <strong>old vines<\/strong> aged from 45 to 65 years, of which half are rooted into sandy gravels and the other half into clay gravels.<\/p>\n<p>This <strong>delicate and well-balanced<\/strong> wine, which is aged on fine lees, has a <strong>supple and soft<\/strong> attack, fine, it slowly evolves into <strong>ripe fruit<\/strong>.<\/p>\n<p>This vintage should be tasted slowly to extend the pleasure. Dare to try it on a <strong>foie gras<\/strong> or a <strong>carpaccio of scallops<\/strong>!<\/p>\n<p>To enjoy between 2 to 6 years. Although our wines do keep longer!<\/p>\n","protected":false},"featured_media":3125,"template":"","meta":{"_acf_changed":false},"product_brand":[],"product_cat":[114],"product_tag":[],"class_list":{"0":"post-4551","1":"product","2":"type-product","3":"status-publish","4":"has-post-thumbnail","6":"product_cat-aoc-quincy-en","7":"pa_annee-2023-en","8":"pa_certification-terra-vitis","9":"pa_couleur-white","10":"pa_medailles-3-stars-at-the-guide-vins-et-terroirs-authentiques","11":"pa_medailles-bronze-medal-in-the-decanter-world-wine-awards-competition","12":"pa_medailles-gold-medal-in-the-concours-mondial-du-sauvignon","13":"pa_medailles-silver-medal-at-the-concours-des-ligers-du-salon-des-vins-de-loire","14":"pa_medailles-silver-medat-at-the-concours-general-agricole-de-paris","16":"first","17":"instock","18":"taxable","19":"shipping-taxable","20":"purchasable","21":"product-type-simple"},"acf":[],"yoast_head":"<!-- This site is optimized with the Yoast SEO plugin v27.2 - https:\/\/yoast.com\/product\/yoast-seo-wordpress\/ -->\n<title>Domaine du Tremblay Cuv\u00e9e Vieilles Vignes - Domaines Tatin<\/title>\n<meta name=\"robots\" content=\"index, follow, max-snippet:-1, max-image-preview:large, max-video-preview:-1\" \/>\n<link rel=\"canonical\" href=\"https:\/\/www.domaines-tatin.com\/en\/produit\/domaine-du-tremblay-vieilles-vignes\/\" \/>\n<meta property=\"og:locale\" content=\"en_US\" \/>\n<meta property=\"og:type\" content=\"article\" \/>\n<meta property=\"og:title\" content=\"Domaine du Tremblay Cuv\u00e9e Vieilles Vignes - Domaines Tatin\" \/>\n<meta property=\"og:description\" content=\"(Price per bottle: sent in boxes of 6 bottles)  &nbsp;  This vintage is elaborated with the grapes from 4 of our vineyard&#039;s plots of old vines aged from 45 to 65 years, of which half are rooted into sandy gravels and the other half into clay gravels.  This delicate and well-balanced wine, which is aged on fine lees, has a supple and soft attack, fine, it slowly evolves into ripe fruit.  This vintage should be tasted slowly to extend the pleasure. Dare to try it on a foie gras or a carpaccio of scallops!  To enjoy between 2 to 6 years. Although our wines do keep longer!\" \/>\n<meta property=\"og:url\" content=\"https:\/\/www.domaines-tatin.com\/en\/produit\/domaine-du-tremblay-vieilles-vignes\/\" \/>\n<meta property=\"og:site_name\" content=\"Domaines Tatin\" \/>\n<meta property=\"article:modified_time\" content=\"2025-11-25T14:48:44+00:00\" \/>\n<meta property=\"og:image\" content=\"https:\/\/www.domaines-tatin.com\/wp-content\/uploads\/2020\/01\/quincy_vieillesvignes-scaled.jpg\" \/>\n\t<meta property=\"og:image:width\" content=\"806\" \/>\n\t<meta property=\"og:image:height\" content=\"2560\" \/>\n\t<meta property=\"og:image:type\" content=\"image\/jpeg\" \/>\n<meta name=\"twitter:card\" content=\"summary_large_image\" \/>\n<meta name=\"twitter:label1\" content=\"Est. reading time\" \/>\n\t<meta name=\"twitter:data1\" content=\"1 minute\" \/>\n<script type=\"application\/ld+json\" class=\"yoast-schema-graph\">{\"@context\":\"https:\/\/schema.org\",\"@graph\":[{\"@type\":\"WebPage\",\"@id\":\"https:\/\/www.domaines-tatin.com\/en\/produit\/domaine-du-tremblay-vieilles-vignes\/\",\"url\":\"https:\/\/www.domaines-tatin.com\/en\/produit\/domaine-du-tremblay-vieilles-vignes\/\",\"name\":\"Domaine du Tremblay Cuv\u00e9e Vieilles Vignes - Domaines Tatin\",\"isPartOf\":{\"@id\":\"https:\/\/www.domaines-tatin.com\/en\/#website\"},\"primaryImageOfPage\":{\"@id\":\"https:\/\/www.domaines-tatin.com\/en\/produit\/domaine-du-tremblay-vieilles-vignes\/#primaryimage\"},\"image\":{\"@id\":\"https:\/\/www.domaines-tatin.com\/en\/produit\/domaine-du-tremblay-vieilles-vignes\/#primaryimage\"},\"thumbnailUrl\":\"https:\/\/www.domaines-tatin.com\/wp-content\/uploads\/2020\/01\/quincy_vieillesvignes-scaled.jpg\",\"datePublished\":\"2020-01-21T07:39:37+00:00\",\"dateModified\":\"2025-11-25T14:48:44+00:00\",\"breadcrumb\":{\"@id\":\"https:\/\/www.domaines-tatin.com\/en\/produit\/domaine-du-tremblay-vieilles-vignes\/#breadcrumb\"},\"inLanguage\":\"en-US\",\"potentialAction\":[{\"@type\":\"ReadAction\",\"target\":[\"https:\/\/www.domaines-tatin.com\/en\/produit\/domaine-du-tremblay-vieilles-vignes\/\"]}]},{\"@type\":\"ImageObject\",\"inLanguage\":\"en-US\",\"@id\":\"https:\/\/www.domaines-tatin.com\/en\/produit\/domaine-du-tremblay-vieilles-vignes\/#primaryimage\",\"url\":\"https:\/\/www.domaines-tatin.com\/wp-content\/uploads\/2020\/01\/quincy_vieillesvignes-scaled.jpg\",\"contentUrl\":\"https:\/\/www.domaines-tatin.com\/wp-content\/uploads\/2020\/01\/quincy_vieillesvignes-scaled.jpg\",\"width\":806,\"height\":2560},{\"@type\":\"BreadcrumbList\",\"@id\":\"https:\/\/www.domaines-tatin.com\/en\/produit\/domaine-du-tremblay-vieilles-vignes\/#breadcrumb\",\"itemListElement\":[{\"@type\":\"ListItem\",\"position\":1,\"name\":\"Accueil\",\"item\":\"http:\/\/www.domaines-tatin.com\/en\/\"},{\"@type\":\"ListItem\",\"position\":2,\"name\":\"Shop\",\"item\":\"http:\/\/www.domaines-tatin.com\/en\/shop\/\"},{\"@type\":\"ListItem\",\"position\":3,\"name\":\"Domaine du Tremblay Cuv\u00e9e Vieilles Vignes\"}]},{\"@type\":\"WebSite\",\"@id\":\"https:\/\/www.domaines-tatin.com\/en\/#website\",\"url\":\"https:\/\/www.domaines-tatin.com\/en\/\",\"name\":\"Domaines Tatin\",\"description\":\"Vignerons r\u00e9coltants en AOC Quincy et AOC Reuilly\",\"publisher\":{\"@id\":\"https:\/\/www.domaines-tatin.com\/en\/#organization\"},\"potentialAction\":[{\"@type\":\"SearchAction\",\"target\":{\"@type\":\"EntryPoint\",\"urlTemplate\":\"https:\/\/www.domaines-tatin.com\/en\/?s={search_term_string}\"},\"query-input\":{\"@type\":\"PropertyValueSpecification\",\"valueRequired\":true,\"valueName\":\"search_term_string\"}}],\"inLanguage\":\"en-US\"},{\"@type\":\"Organization\",\"@id\":\"https:\/\/www.domaines-tatin.com\/en\/#organization\",\"name\":\"Domaines tatins\",\"url\":\"https:\/\/www.domaines-tatin.com\/en\/\",\"logo\":{\"@type\":\"ImageObject\",\"inLanguage\":\"en-US\",\"@id\":\"https:\/\/www.domaines-tatin.com\/en\/#\/schema\/logo\/image\/\",\"url\":\"https:\/\/www.domaines-tatin.com\/wp-content\/uploads\/2020\/07\/DemoisellesVerreTRansparent.png\",\"contentUrl\":\"https:\/\/www.domaines-tatin.com\/wp-content\/uploads\/2020\/07\/DemoisellesVerreTRansparent.png\",\"width\":709,\"height\":1012,\"caption\":\"Domaines tatins\"},\"image\":{\"@id\":\"https:\/\/www.domaines-tatin.com\/en\/#\/schema\/logo\/image\/\"}}]}<\/script>\n<!-- \/ Yoast SEO plugin. -->","yoast_head_json":{"title":"Domaine du Tremblay Cuv\u00e9e Vieilles Vignes - Domaines Tatin","robots":{"index":"index","follow":"follow","max-snippet":"max-snippet:-1","max-image-preview":"max-image-preview:large","max-video-preview":"max-video-preview:-1"},"canonical":"https:\/\/www.domaines-tatin.com\/en\/produit\/domaine-du-tremblay-vieilles-vignes\/","og_locale":"en_US","og_type":"article","og_title":"Domaine du Tremblay Cuv\u00e9e Vieilles Vignes - Domaines Tatin","og_description":"(Price per bottle: sent in boxes of 6 bottles)  &nbsp;  This vintage is elaborated with the grapes from 4 of our vineyard's plots of old vines aged from 45 to 65 years, of which half are rooted into sandy gravels and the other half into clay gravels.  This delicate and well-balanced wine, which is aged on fine lees, has a supple and soft attack, fine, it slowly evolves into ripe fruit.  This vintage should be tasted slowly to extend the pleasure. Dare to try it on a foie gras or a carpaccio of scallops!  To enjoy between 2 to 6 years. Although our wines do keep longer!","og_url":"https:\/\/www.domaines-tatin.com\/en\/produit\/domaine-du-tremblay-vieilles-vignes\/","og_site_name":"Domaines Tatin","article_modified_time":"2025-11-25T14:48:44+00:00","og_image":[{"width":806,"height":2560,"url":"https:\/\/www.domaines-tatin.com\/wp-content\/uploads\/2020\/01\/quincy_vieillesvignes-scaled.jpg","type":"image\/jpeg"}],"twitter_card":"summary_large_image","twitter_misc":{"Est. reading time":"1 minute"},"schema":{"@context":"https:\/\/schema.org","@graph":[{"@type":"WebPage","@id":"https:\/\/www.domaines-tatin.com\/en\/produit\/domaine-du-tremblay-vieilles-vignes\/","url":"https:\/\/www.domaines-tatin.com\/en\/produit\/domaine-du-tremblay-vieilles-vignes\/","name":"Domaine du Tremblay Cuv\u00e9e Vieilles Vignes - Domaines Tatin","isPartOf":{"@id":"https:\/\/www.domaines-tatin.com\/en\/#website"},"primaryImageOfPage":{"@id":"https:\/\/www.domaines-tatin.com\/en\/produit\/domaine-du-tremblay-vieilles-vignes\/#primaryimage"},"image":{"@id":"https:\/\/www.domaines-tatin.com\/en\/produit\/domaine-du-tremblay-vieilles-vignes\/#primaryimage"},"thumbnailUrl":"https:\/\/www.domaines-tatin.com\/wp-content\/uploads\/2020\/01\/quincy_vieillesvignes-scaled.jpg","datePublished":"2020-01-21T07:39:37+00:00","dateModified":"2025-11-25T14:48:44+00:00","breadcrumb":{"@id":"https:\/\/www.domaines-tatin.com\/en\/produit\/domaine-du-tremblay-vieilles-vignes\/#breadcrumb"},"inLanguage":"en-US","potentialAction":[{"@type":"ReadAction","target":["https:\/\/www.domaines-tatin.com\/en\/produit\/domaine-du-tremblay-vieilles-vignes\/"]}]},{"@type":"ImageObject","inLanguage":"en-US","@id":"https:\/\/www.domaines-tatin.com\/en\/produit\/domaine-du-tremblay-vieilles-vignes\/#primaryimage","url":"https:\/\/www.domaines-tatin.com\/wp-content\/uploads\/2020\/01\/quincy_vieillesvignes-scaled.jpg","contentUrl":"https:\/\/www.domaines-tatin.com\/wp-content\/uploads\/2020\/01\/quincy_vieillesvignes-scaled.jpg","width":806,"height":2560},{"@type":"BreadcrumbList","@id":"https:\/\/www.domaines-tatin.com\/en\/produit\/domaine-du-tremblay-vieilles-vignes\/#breadcrumb","itemListElement":[{"@type":"ListItem","position":1,"name":"Accueil","item":"http:\/\/www.domaines-tatin.com\/en\/"},{"@type":"ListItem","position":2,"name":"Shop","item":"http:\/\/www.domaines-tatin.com\/en\/shop\/"},{"@type":"ListItem","position":3,"name":"Domaine du Tremblay Cuv\u00e9e Vieilles Vignes"}]},{"@type":"WebSite","@id":"https:\/\/www.domaines-tatin.com\/en\/#website","url":"https:\/\/www.domaines-tatin.com\/en\/","name":"Domaines Tatin","description":"Vignerons r\u00e9coltants en AOC Quincy et AOC Reuilly","publisher":{"@id":"https:\/\/www.domaines-tatin.com\/en\/#organization"},"potentialAction":[{"@type":"SearchAction","target":{"@type":"EntryPoint","urlTemplate":"https:\/\/www.domaines-tatin.com\/en\/?s={search_term_string}"},"query-input":{"@type":"PropertyValueSpecification","valueRequired":true,"valueName":"search_term_string"}}],"inLanguage":"en-US"},{"@type":"Organization","@id":"https:\/\/www.domaines-tatin.com\/en\/#organization","name":"Domaines tatins","url":"https:\/\/www.domaines-tatin.com\/en\/","logo":{"@type":"ImageObject","inLanguage":"en-US","@id":"https:\/\/www.domaines-tatin.com\/en\/#\/schema\/logo\/image\/","url":"https:\/\/www.domaines-tatin.com\/wp-content\/uploads\/2020\/07\/DemoisellesVerreTRansparent.png","contentUrl":"https:\/\/www.domaines-tatin.com\/wp-content\/uploads\/2020\/07\/DemoisellesVerreTRansparent.png","width":709,"height":1012,"caption":"Domaines tatins"},"image":{"@id":"https:\/\/www.domaines-tatin.com\/en\/#\/schema\/logo\/image\/"}}]}},"_links":{"self":[{"href":"https:\/\/www.domaines-tatin.com\/en\/wp-json\/wp\/v2\/product\/4551","targetHints":{"allow":["GET"]}}],"collection":[{"href":"https:\/\/www.domaines-tatin.com\/en\/wp-json\/wp\/v2\/product"}],"about":[{"href":"https:\/\/www.domaines-tatin.com\/en\/wp-json\/wp\/v2\/types\/product"}],"wp:featuredmedia":[{"embeddable":true,"href":"https:\/\/www.domaines-tatin.com\/en\/wp-json\/wp\/v2\/media\/3125"}],"wp:attachment":[{"href":"https:\/\/www.domaines-tatin.com\/en\/wp-json\/wp\/v2\/media?parent=4551"}],"wp:term":[{"taxonomy":"product_brand","embeddable":true,"href":"https:\/\/www.domaines-tatin.com\/en\/wp-json\/wp\/v2\/product_brand?post=4551"},{"taxonomy":"product_cat","embeddable":true,"href":"https:\/\/www.domaines-tatin.com\/en\/wp-json\/wp\/v2\/product_cat?post=4551"},{"taxonomy":"product_tag","embeddable":true,"href":"https:\/\/www.domaines-tatin.com\/en\/wp-json\/wp\/v2\/product_tag?post=4551"}],"curies":[{"name":"wp","href":"https:\/\/api.w.org\/{rel}","templated":true}]}}