{"id":4539,"date":"2020-01-21T08:42:30","date_gmt":"2020-01-21T07:42:30","guid":{"rendered":"https:\/\/www.domaines-tatin.com\/produit\/sucellus\/"},"modified":"2026-04-14T17:18:55","modified_gmt":"2026-04-14T15:18:55","slug":"sucellus","status":"publish","type":"product","link":"https:\/\/www.domaines-tatin.com\/en\/produit\/sucellus\/","title":{"rendered":"Sucellus"},"content":{"rendered":"<p><a href=\"https:\/\/www.domaines-tatin.com\/wp-content\/uploads\/2026\/04\/10-2-FT-QUINCY-SUCELLUS-2022-anglais.pdf\" target=\"_blank\" rel=\"noopener\">&#8211; Download the wine tech sheet (PDF)<\/a><\/p>\n<p>&nbsp;<\/p>\n<p><strong>Wine tasting notes<\/strong><\/p>\n<p>Nice golden rays liven up its colour. Its nose is full of ripe fruit flavours (peach, mango) blended with well-polished notes of vanilla. Round and unctuous, the mouth expresses aromas of gingerbread paired with delicate touches of wood, highlighted by a pleasant vividness.<\/p>\n<blockquote><p><em>\u00ab The shiny gold yellow colour opens up to an expressive and flattering nose which associates scents of flowers and citrus to those of tropical fruit (pineapple, mango), and it gets richer with vanilla nuances. The mouth&#8217;s straightforward attack offers fleshy sensations, a good-balanced tangy freshness as well as aromas of fruit (guava, orange zest, dried fruit) and roasted flavours which persist in a delicate structured and long finish. A very beautiful Quincy. <\/em><em>\u00bb, <strong><span style=\"color: #ff6600;\">tasting comment at the Concours des Ligers (Liger Or, vintage 2022)<\/span><\/strong><\/em><\/p>\n<p><em>\u00ab Inviting nose of white plum, passionfruit and roast hazelnut, palate of light mango, honey and straw. \u00bb, <span style=\"color: #ff6600;\"><strong>tasting comment at Decanter World Wine Awards 2024 (silver medal, 91 points)<\/strong><\/span><\/em><\/p>\n<p><em>\u00ab Tr\u00e8s jolie robe jaune citron \u00e0 reflets bouton d&#8217;or. De puissantes senteurs d&#8217;agrumes m\u00fbrs (pamplemousse, citron, pomelo) s&#8217;expriment sans attendre dans ce nez distingu\u00e9 qui se compl\u00e8te \u00e0 l&#8217;a\u00e9ration de quelques notes p\u00e2tissi\u00e8res et vanill\u00e9es. Un bouquet qui invite au voyage. Ce cru ambitieux, riche mais tendu par un support d&#8217;acidit\u00e9 omnipr\u00e9sent, fait honneur \u00e0 son appellation. La bouche, solidement constitu\u00e9e, pr\u00e9server une grande \u00e9l\u00e9gance et les saveurs de fruits blancs et de petits fruits secs y rivalisent d&#8217;expression. L&#8217;\u00e9levage s&#8217;est r\u00e9solument plac\u00e9 au service d&#8217;une mati\u00e8re extr\u00eamement concentr\u00e9e, dot\u00e9e d&#8217;un parfait \u00e9quilibre acidit\u00e9\/gras. Un grand vin de gastronomie. \u00bb, <span style=\"color: #ff6600;\"><strong>tasting comment in the Guide Vins &amp; Terroirs Authentiques 2024-2025 (4 \u00e9toiles, 18\/20)<\/strong><\/span><\/em><\/p>\n<p><em>\u00ab The wine has a lemon-yellow color of medium intensity. The nose offers complexity, concentration and a fine spiciness. It expresses notes of ripe, fresh and candied citrus fruits (fresh yellow lemon, candied lemon peel, fresh orange zest, a sweet touch of clementine), fresh yellow apple, apricot, yellow peach and pastry, quince, combined with integrated and delicate notes of sweet spices (dried vanilla, grated nutmeg, cloves, ground cumin), notes of fresh flowers (apple blossom) and dried flowers (dried lime blossom, dried wildflowers), with a delicate bitter touch of chestnut honey and wax in the background. On the palate, the wine offers roundness, complexity and a fragrant finish. It expresses notes of candied citrus fruits (lime jam, candied lemon peel), juicy stone fruits (yellow peach, apricot), yellow apple, as well as subtle spicy touches (ground cumin, nutmeg, clove, a hint of vanilla) and a hint of dried field flowers. The finish is complex, aromatic and long. It reveals notes of chestnut honey, beeswax, dried apple, quince paste and a touch of hay, combined with a pleasant bitterness and very light toasted notes (toasted hazelnut, toasted bread) mastered and integrated. The acidity is fresh and salivating. A well-structured, complex wine, with mastered work on aging in oak. Score : 16.5\/20 (93\/100) \u00bb <span style=\"color: #ff6600;\"><strong>(Vert de Vin n\u00b023, July 2023)<\/strong><\/span><\/em><\/p>\n<p><em>\u00ab Une belle maturit\u00e9 des raisins, un bon dosage du bois, un vin tr\u00e8s bien fait \u00bb, according to the jury of the <strong><span style=\"color: #ff6600;\">Wine &amp; Barrel Competition.<\/span><\/strong><\/em><\/p><\/blockquote>\n<p>&nbsp;<\/p>\n<p><strong>Wine and food pairing<\/strong><\/p>\n<p>At the aperitif with an 18-month ripened comt\u00e9, with a Salers or an Epoisse cheese. It can be enjoyed with chicken, scallops with curry, snails or smoked fish (eel, salmon). With Alaskan salmon, recommends an American customer!<\/p>\n","protected":false},"excerpt":{"rendered":"<p><strong>(Price per bottle: sent in boxes of 6 bottles)<\/strong><\/p>\n<p>&nbsp;<\/p>\n<p>This vintage is elaborated with a selection of <strong>our old vines<\/strong>, of which half is planted on clay gravels and the other half on sandy gravels. Find out more info on the 4 plots of old vines in this <a href=\"https:\/\/www.domaines-tatin.com\/wp-content\/uploads\/2025\/12\/brochure-collection-terroirs-et-sucellus-mis-a-jour-2024-anglais.pdf\">brochure<\/a>.<br \/>\nVinified and aged a year in <strong>oak barrels from the Berry<\/strong> in our underground cellar, the barrels are then blended together and aged for a year in a tank, then again for a year in the bottle, before being put on the market.<\/p>\n<p><strong>Powerful wine, with complex aromas, rich of exotic savours mixed with walnuts<\/strong>.<\/p>\n<p>Will pair beautifully with seasoned and spicy meals. Smoked fish, a pan of fried scallops, dishes with curry&#8230;<\/p>\n<p>To enjoy between 3 and 8 years. Although our wines do keep longer!<\/p>\n","protected":false},"featured_media":3126,"template":"","meta":{"_acf_changed":false},"product_brand":[],"product_cat":[114],"product_tag":[],"class_list":{"0":"post-4539","1":"product","2":"type-product","3":"status-publish","4":"has-post-thumbnail","6":"product_cat-aoc-quincy-en","7":"pa_annee-2022-en","8":"pa_couleur-white","9":"pa_medailles-4-stars-in-the-guide-vins-et-terroirs-authentiques","10":"pa_medailles-bronze-medal-at-wine-barrel-international-competition","11":"pa_medailles-gold-liger-at-the-concours-des-ligers-of-the-loire-valley-wine-fair","12":"pa_medailles-gold-medal-at-the-concours-des-grands-vins-de-france-a-macon","13":"pa_medailles-gold-medal-in-the-concours-mondial-du-sauvignon","14":"pa_medailles-silver-medal-at-the-concours-des-ligers-du-salon-des-vins-de-loire","15":"pa_medailles-silver-medal-at-the-decanter-world-wine-awards","17":"first","18":"instock","19":"taxable","20":"shipping-taxable","21":"purchasable","22":"product-type-simple"},"acf":[],"yoast_head":"<!-- This site is optimized with the Yoast SEO plugin v27.2 - https:\/\/yoast.com\/product\/yoast-seo-wordpress\/ -->\n<title>Sucellus - Domaines Tatin<\/title>\n<meta name=\"description\" content=\"A white powerful Loire wine aged in oak barrels, elaborated with 100% of Sauvignon White grapes in line with Terra Vitis environmental criteria.\" \/>\n<meta name=\"robots\" content=\"index, follow, max-snippet:-1, max-image-preview:large, max-video-preview:-1\" \/>\n<link rel=\"canonical\" href=\"https:\/\/www.domaines-tatin.com\/en\/produit\/sucellus\/\" \/>\n<meta property=\"og:locale\" content=\"en_US\" \/>\n<meta property=\"og:type\" content=\"article\" \/>\n<meta property=\"og:title\" content=\"Sucellus - Domaines Tatin\" \/>\n<meta property=\"og:description\" content=\"A white powerful Loire wine aged in oak barrels, elaborated with 100% of Sauvignon White grapes in line with Terra Vitis environmental criteria.\" \/>\n<meta property=\"og:url\" content=\"https:\/\/www.domaines-tatin.com\/en\/produit\/sucellus\/\" \/>\n<meta property=\"og:site_name\" content=\"Domaines Tatin\" \/>\n<meta property=\"article:modified_time\" content=\"2026-04-14T15:18:55+00:00\" \/>\n<meta property=\"og:image\" content=\"https:\/\/www.domaines-tatin.com\/wp-content\/uploads\/2020\/01\/sucellus-scaled.jpg\" \/>\n\t<meta property=\"og:image:width\" content=\"806\" \/>\n\t<meta property=\"og:image:height\" content=\"2560\" \/>\n\t<meta property=\"og:image:type\" content=\"image\/jpeg\" \/>\n<meta name=\"twitter:card\" content=\"summary_large_image\" \/>\n<meta name=\"twitter:label1\" content=\"Est. reading time\" \/>\n\t<meta name=\"twitter:data1\" content=\"1 minute\" \/>\n<script type=\"application\/ld+json\" class=\"yoast-schema-graph\">{\"@context\":\"https:\/\/schema.org\",\"@graph\":[{\"@type\":\"WebPage\",\"@id\":\"https:\/\/www.domaines-tatin.com\/en\/produit\/sucellus\/\",\"url\":\"https:\/\/www.domaines-tatin.com\/en\/produit\/sucellus\/\",\"name\":\"Sucellus - Domaines Tatin\",\"isPartOf\":{\"@id\":\"https:\/\/www.domaines-tatin.com\/en\/#website\"},\"primaryImageOfPage\":{\"@id\":\"https:\/\/www.domaines-tatin.com\/en\/produit\/sucellus\/#primaryimage\"},\"image\":{\"@id\":\"https:\/\/www.domaines-tatin.com\/en\/produit\/sucellus\/#primaryimage\"},\"thumbnailUrl\":\"https:\/\/www.domaines-tatin.com\/wp-content\/uploads\/2020\/01\/sucellus-scaled.jpg\",\"datePublished\":\"2020-01-21T07:42:30+00:00\",\"dateModified\":\"2026-04-14T15:18:55+00:00\",\"description\":\"A white powerful Loire wine aged in oak barrels, elaborated with 100% of Sauvignon White grapes in line with Terra Vitis environmental criteria.\",\"breadcrumb\":{\"@id\":\"https:\/\/www.domaines-tatin.com\/en\/produit\/sucellus\/#breadcrumb\"},\"inLanguage\":\"en-US\",\"potentialAction\":[{\"@type\":\"ReadAction\",\"target\":[\"https:\/\/www.domaines-tatin.com\/en\/produit\/sucellus\/\"]}]},{\"@type\":\"ImageObject\",\"inLanguage\":\"en-US\",\"@id\":\"https:\/\/www.domaines-tatin.com\/en\/produit\/sucellus\/#primaryimage\",\"url\":\"https:\/\/www.domaines-tatin.com\/wp-content\/uploads\/2020\/01\/sucellus-scaled.jpg\",\"contentUrl\":\"https:\/\/www.domaines-tatin.com\/wp-content\/uploads\/2020\/01\/sucellus-scaled.jpg\",\"width\":806,\"height\":2560},{\"@type\":\"BreadcrumbList\",\"@id\":\"https:\/\/www.domaines-tatin.com\/en\/produit\/sucellus\/#breadcrumb\",\"itemListElement\":[{\"@type\":\"ListItem\",\"position\":1,\"name\":\"Accueil\",\"item\":\"http:\/\/www.domaines-tatin.com\/en\/\"},{\"@type\":\"ListItem\",\"position\":2,\"name\":\"Shop\",\"item\":\"http:\/\/www.domaines-tatin.com\/en\/shop\/\"},{\"@type\":\"ListItem\",\"position\":3,\"name\":\"Sucellus\"}]},{\"@type\":\"WebSite\",\"@id\":\"https:\/\/www.domaines-tatin.com\/en\/#website\",\"url\":\"https:\/\/www.domaines-tatin.com\/en\/\",\"name\":\"Domaines Tatin\",\"description\":\"Vignerons r\u00e9coltants en AOC Quincy et AOC Reuilly\",\"publisher\":{\"@id\":\"https:\/\/www.domaines-tatin.com\/en\/#organization\"},\"potentialAction\":[{\"@type\":\"SearchAction\",\"target\":{\"@type\":\"EntryPoint\",\"urlTemplate\":\"https:\/\/www.domaines-tatin.com\/en\/?s={search_term_string}\"},\"query-input\":{\"@type\":\"PropertyValueSpecification\",\"valueRequired\":true,\"valueName\":\"search_term_string\"}}],\"inLanguage\":\"en-US\"},{\"@type\":\"Organization\",\"@id\":\"https:\/\/www.domaines-tatin.com\/en\/#organization\",\"name\":\"Domaines tatins\",\"url\":\"https:\/\/www.domaines-tatin.com\/en\/\",\"logo\":{\"@type\":\"ImageObject\",\"inLanguage\":\"en-US\",\"@id\":\"https:\/\/www.domaines-tatin.com\/en\/#\/schema\/logo\/image\/\",\"url\":\"https:\/\/www.domaines-tatin.com\/wp-content\/uploads\/2020\/07\/DemoisellesVerreTRansparent.png\",\"contentUrl\":\"https:\/\/www.domaines-tatin.com\/wp-content\/uploads\/2020\/07\/DemoisellesVerreTRansparent.png\",\"width\":709,\"height\":1012,\"caption\":\"Domaines tatins\"},\"image\":{\"@id\":\"https:\/\/www.domaines-tatin.com\/en\/#\/schema\/logo\/image\/\"}}]}<\/script>\n<!-- \/ Yoast SEO plugin. -->","yoast_head_json":{"title":"Sucellus - Domaines Tatin","description":"A white powerful Loire wine aged in oak barrels, elaborated with 100% of Sauvignon White grapes in line with Terra Vitis environmental criteria.","robots":{"index":"index","follow":"follow","max-snippet":"max-snippet:-1","max-image-preview":"max-image-preview:large","max-video-preview":"max-video-preview:-1"},"canonical":"https:\/\/www.domaines-tatin.com\/en\/produit\/sucellus\/","og_locale":"en_US","og_type":"article","og_title":"Sucellus - Domaines Tatin","og_description":"A white powerful Loire wine aged in oak barrels, elaborated with 100% of Sauvignon White grapes in line with Terra Vitis environmental criteria.","og_url":"https:\/\/www.domaines-tatin.com\/en\/produit\/sucellus\/","og_site_name":"Domaines Tatin","article_modified_time":"2026-04-14T15:18:55+00:00","og_image":[{"width":806,"height":2560,"url":"https:\/\/www.domaines-tatin.com\/wp-content\/uploads\/2020\/01\/sucellus-scaled.jpg","type":"image\/jpeg"}],"twitter_card":"summary_large_image","twitter_misc":{"Est. reading time":"1 minute"},"schema":{"@context":"https:\/\/schema.org","@graph":[{"@type":"WebPage","@id":"https:\/\/www.domaines-tatin.com\/en\/produit\/sucellus\/","url":"https:\/\/www.domaines-tatin.com\/en\/produit\/sucellus\/","name":"Sucellus - Domaines Tatin","isPartOf":{"@id":"https:\/\/www.domaines-tatin.com\/en\/#website"},"primaryImageOfPage":{"@id":"https:\/\/www.domaines-tatin.com\/en\/produit\/sucellus\/#primaryimage"},"image":{"@id":"https:\/\/www.domaines-tatin.com\/en\/produit\/sucellus\/#primaryimage"},"thumbnailUrl":"https:\/\/www.domaines-tatin.com\/wp-content\/uploads\/2020\/01\/sucellus-scaled.jpg","datePublished":"2020-01-21T07:42:30+00:00","dateModified":"2026-04-14T15:18:55+00:00","description":"A white powerful Loire wine aged in oak barrels, elaborated with 100% of Sauvignon White grapes in line with Terra Vitis environmental criteria.","breadcrumb":{"@id":"https:\/\/www.domaines-tatin.com\/en\/produit\/sucellus\/#breadcrumb"},"inLanguage":"en-US","potentialAction":[{"@type":"ReadAction","target":["https:\/\/www.domaines-tatin.com\/en\/produit\/sucellus\/"]}]},{"@type":"ImageObject","inLanguage":"en-US","@id":"https:\/\/www.domaines-tatin.com\/en\/produit\/sucellus\/#primaryimage","url":"https:\/\/www.domaines-tatin.com\/wp-content\/uploads\/2020\/01\/sucellus-scaled.jpg","contentUrl":"https:\/\/www.domaines-tatin.com\/wp-content\/uploads\/2020\/01\/sucellus-scaled.jpg","width":806,"height":2560},{"@type":"BreadcrumbList","@id":"https:\/\/www.domaines-tatin.com\/en\/produit\/sucellus\/#breadcrumb","itemListElement":[{"@type":"ListItem","position":1,"name":"Accueil","item":"http:\/\/www.domaines-tatin.com\/en\/"},{"@type":"ListItem","position":2,"name":"Shop","item":"http:\/\/www.domaines-tatin.com\/en\/shop\/"},{"@type":"ListItem","position":3,"name":"Sucellus"}]},{"@type":"WebSite","@id":"https:\/\/www.domaines-tatin.com\/en\/#website","url":"https:\/\/www.domaines-tatin.com\/en\/","name":"Domaines Tatin","description":"Vignerons r\u00e9coltants en AOC Quincy et AOC Reuilly","publisher":{"@id":"https:\/\/www.domaines-tatin.com\/en\/#organization"},"potentialAction":[{"@type":"SearchAction","target":{"@type":"EntryPoint","urlTemplate":"https:\/\/www.domaines-tatin.com\/en\/?s={search_term_string}"},"query-input":{"@type":"PropertyValueSpecification","valueRequired":true,"valueName":"search_term_string"}}],"inLanguage":"en-US"},{"@type":"Organization","@id":"https:\/\/www.domaines-tatin.com\/en\/#organization","name":"Domaines tatins","url":"https:\/\/www.domaines-tatin.com\/en\/","logo":{"@type":"ImageObject","inLanguage":"en-US","@id":"https:\/\/www.domaines-tatin.com\/en\/#\/schema\/logo\/image\/","url":"https:\/\/www.domaines-tatin.com\/wp-content\/uploads\/2020\/07\/DemoisellesVerreTRansparent.png","contentUrl":"https:\/\/www.domaines-tatin.com\/wp-content\/uploads\/2020\/07\/DemoisellesVerreTRansparent.png","width":709,"height":1012,"caption":"Domaines tatins"},"image":{"@id":"https:\/\/www.domaines-tatin.com\/en\/#\/schema\/logo\/image\/"}}]}},"_links":{"self":[{"href":"https:\/\/www.domaines-tatin.com\/en\/wp-json\/wp\/v2\/product\/4539","targetHints":{"allow":["GET"]}}],"collection":[{"href":"https:\/\/www.domaines-tatin.com\/en\/wp-json\/wp\/v2\/product"}],"about":[{"href":"https:\/\/www.domaines-tatin.com\/en\/wp-json\/wp\/v2\/types\/product"}],"wp:featuredmedia":[{"embeddable":true,"href":"https:\/\/www.domaines-tatin.com\/en\/wp-json\/wp\/v2\/media\/3126"}],"wp:attachment":[{"href":"https:\/\/www.domaines-tatin.com\/en\/wp-json\/wp\/v2\/media?parent=4539"}],"wp:term":[{"taxonomy":"product_brand","embeddable":true,"href":"https:\/\/www.domaines-tatin.com\/en\/wp-json\/wp\/v2\/product_brand?post=4539"},{"taxonomy":"product_cat","embeddable":true,"href":"https:\/\/www.domaines-tatin.com\/en\/wp-json\/wp\/v2\/product_cat?post=4539"},{"taxonomy":"product_tag","embeddable":true,"href":"https:\/\/www.domaines-tatin.com\/en\/wp-json\/wp\/v2\/product_tag?post=4539"}],"curies":[{"name":"wp","href":"https:\/\/api.w.org\/{rel}","templated":true}]}}