{"id":4518,"date":"2020-11-26T09:45:08","date_gmt":"2020-11-26T08:45:08","guid":{"rendered":"https:\/\/www.domaines-tatin.com\/produit\/reuilly-rouge-pe-miniau\/"},"modified":"2025-12-19T15:19:34","modified_gmt":"2025-12-19T14:19:34","slug":"reuilly-rouge-pe-miniau","status":"publish","type":"product","link":"https:\/\/www.domaines-tatin.com\/en\/produit\/reuilly-rouge-pe-miniau\/","title":{"rendered":"Red Pe\u0301 Miniau"},"content":{"rendered":"<p><a href=\"https:\/\/www.domaines-tatin.com\/wp-content\/uploads\/2025\/01\/FT-REUILLY-PE-MINIAU-2020-anglais.pdf\" target=\"_blank\" rel=\"noopener\">&#8211; Download the wine tech sheet (PDF)<\/a><\/p>\n<p>&nbsp;<\/p>\n<p><strong>Wine tasting sheets<\/strong><\/p>\n<p>Pretty carmine colour with purple highlights. A nose that is complex, powerful, subtle, spicy oof candied aromas marked by black fruit. The tannins are ample, roasted and silky. Ends with a persistent fresh and roasted finish. A powerful and ample wine, concentrated and structured on a spicy backbone.<\/p>\n<blockquote><p><em>\u00ab Robe rubis profond au disque ouvert, en d\u00e9but d&#8217;\u00e9volution. Les notes de fruits cuits et de cuir frais rivalisent d&#8217;expression dans ce bouquet \u00e9volu\u00e9, qui a conserv\u00e9 une certaine fra\u00eecheur. Ce vin n&#8217;a pas pris de rides. Puissant, concentr\u00e9, dot\u00e9 d&#8217;un fruit\u00e9 intact (baies noires sauvages), rehauss\u00e9 par de fines \u00e9pices, il pr\u00e9sente un \u00e9quilibre impressionnant et offre sans attendre ses qualit\u00e9s de densit\u00e9 de mati\u00e8re, \u00e9l\u00e9gance de charpente et vivacit\u00e9. La finale, gourmande, associe gras, impression de sucrosit\u00e9 et harmonie. Tr\u00e8s beau vin, qui magnifie le c\u00e9page. \u00bb, <strong><span style=\"color: #ff6600;\">tasting comment in the Guide Vins &amp; Terroirs Authentiques 2024-2025 (4 \u00e9toiles, 16\/20)<\/span><\/strong><\/em><\/p><\/blockquote>\n","protected":false},"excerpt":{"rendered":"<p><strong>(Price per bottle: sent it boxes of 6 bottles)<\/strong><\/p>\n<p>&nbsp;<\/p>\n<p>This vintage is made from the blending of free-run wine (the famous &#8216;vin de goutte&#8217;) and press wine (&#8216;vin de presse&#8217;) before being aged for 9 months in oak conical tanks. Powerful and ample wine, concentrated of black fruit and structured on a spicy backbone.<\/p>\n<p><strong>\ud83c\udf7d\ufe0f Wine and food pairing<\/strong><\/p>\n<p>With a terrine as an appetizer or a carpaccio of red tuna, a spicy aubergine caviar or else, for supper, goes with a beef stew cooked with beer and gingerbread (the famous &#8216;Carbonade flamande&#8217;).<\/p>\n<p><strong>\u23f3 Keep<\/strong><\/p>\n<p>It will keep 6 to 8 years easy.<\/p>\n","protected":false},"featured_media":8461,"template":"","meta":{"_acf_changed":false},"product_brand":[],"product_cat":[84],"product_tag":[],"class_list":{"0":"post-4518","1":"product","2":"type-product","3":"status-publish","4":"has-post-thumbnail","6":"product_cat-aoc-reuilly-en","7":"pa_annee-2022-en","8":"pa_certification-terra-vitis","9":"pa_couleur-red","10":"pa_medailles-4-stars-in-the-guide-vins-et-terroirs-authentiques","12":"first","13":"instock","14":"taxable","15":"shipping-taxable","16":"purchasable","17":"product-type-simple"},"acf":[],"yoast_head":"<!-- This site is optimized with the Yoast SEO plugin v27.4 - https:\/\/yoast.com\/product\/yoast-seo-wordpress\/ -->\n<title>Red Pe\u0301 Miniau - Domaines Tatin<\/title>\n<meta name=\"description\" content=\"A powerful, ample and concentrated red Loire wine made of 100% Pinot Noir grapes harvested by hand and elaborated in line with Terra Vitis certification!\" \/>\n<meta name=\"robots\" content=\"index, follow, max-snippet:-1, max-image-preview:large, max-video-preview:-1\" \/>\n<link rel=\"canonical\" href=\"https:\/\/www.domaines-tatin.com\/en\/produit\/reuilly-rouge-pe-miniau\/\" \/>\n<meta property=\"og:locale\" content=\"en_US\" \/>\n<meta property=\"og:type\" content=\"article\" \/>\n<meta property=\"og:title\" content=\"Red Pe\u0301 Miniau - Domaines Tatin\" \/>\n<meta property=\"og:description\" content=\"A powerful, ample and concentrated red Loire wine made of 100% Pinot Noir grapes harvested by hand and elaborated in line with Terra Vitis certification!\" \/>\n<meta property=\"og:url\" content=\"https:\/\/www.domaines-tatin.com\/en\/produit\/reuilly-rouge-pe-miniau\/\" \/>\n<meta property=\"og:site_name\" content=\"Domaines Tatin\" \/>\n<meta property=\"article:modified_time\" content=\"2025-12-19T14:19:34+00:00\" \/>\n<meta property=\"og:image\" content=\"https:\/\/www.domaines-tatin.com\/wp-content\/uploads\/2020\/11\/peminiau-1.jpg\" \/>\n\t<meta property=\"og:image:width\" content=\"263\" \/>\n\t<meta property=\"og:image:height\" content=\"835\" \/>\n\t<meta property=\"og:image:type\" content=\"image\/jpeg\" \/>\n<meta name=\"twitter:card\" content=\"summary_large_image\" \/>\n<meta name=\"twitter:label1\" content=\"Est. reading time\" \/>\n\t<meta name=\"twitter:data1\" content=\"1 minute\" \/>\n<script type=\"application\/ld+json\" class=\"yoast-schema-graph\">{\"@context\":\"https:\\\/\\\/schema.org\",\"@graph\":[{\"@type\":\"WebPage\",\"@id\":\"https:\\\/\\\/www.domaines-tatin.com\\\/en\\\/produit\\\/reuilly-rouge-pe-miniau\\\/\",\"url\":\"https:\\\/\\\/www.domaines-tatin.com\\\/en\\\/produit\\\/reuilly-rouge-pe-miniau\\\/\",\"name\":\"Red Pe\u0301 Miniau - Domaines Tatin\",\"isPartOf\":{\"@id\":\"https:\\\/\\\/www.domaines-tatin.com\\\/en\\\/#website\"},\"primaryImageOfPage\":{\"@id\":\"https:\\\/\\\/www.domaines-tatin.com\\\/en\\\/produit\\\/reuilly-rouge-pe-miniau\\\/#primaryimage\"},\"image\":{\"@id\":\"https:\\\/\\\/www.domaines-tatin.com\\\/en\\\/produit\\\/reuilly-rouge-pe-miniau\\\/#primaryimage\"},\"thumbnailUrl\":\"https:\\\/\\\/www.domaines-tatin.com\\\/wp-content\\\/uploads\\\/2020\\\/11\\\/peminiau-1.jpg\",\"datePublished\":\"2020-11-26T08:45:08+00:00\",\"dateModified\":\"2025-12-19T14:19:34+00:00\",\"description\":\"A powerful, ample and concentrated red Loire wine made of 100% Pinot Noir grapes harvested by hand and elaborated in line with Terra Vitis certification!\",\"breadcrumb\":{\"@id\":\"https:\\\/\\\/www.domaines-tatin.com\\\/en\\\/produit\\\/reuilly-rouge-pe-miniau\\\/#breadcrumb\"},\"inLanguage\":\"en-US\",\"potentialAction\":[{\"@type\":\"ReadAction\",\"target\":[\"https:\\\/\\\/www.domaines-tatin.com\\\/en\\\/produit\\\/reuilly-rouge-pe-miniau\\\/\"]}]},{\"@type\":\"ImageObject\",\"inLanguage\":\"en-US\",\"@id\":\"https:\\\/\\\/www.domaines-tatin.com\\\/en\\\/produit\\\/reuilly-rouge-pe-miniau\\\/#primaryimage\",\"url\":\"https:\\\/\\\/www.domaines-tatin.com\\\/wp-content\\\/uploads\\\/2020\\\/11\\\/peminiau-1.jpg\",\"contentUrl\":\"https:\\\/\\\/www.domaines-tatin.com\\\/wp-content\\\/uploads\\\/2020\\\/11\\\/peminiau-1.jpg\",\"width\":263,\"height\":835},{\"@type\":\"BreadcrumbList\",\"@id\":\"https:\\\/\\\/www.domaines-tatin.com\\\/en\\\/produit\\\/reuilly-rouge-pe-miniau\\\/#breadcrumb\",\"itemListElement\":[{\"@type\":\"ListItem\",\"position\":1,\"name\":\"Accueil\",\"item\":\"http:\\\/\\\/www.domaines-tatin.com\\\/en\\\/\"},{\"@type\":\"ListItem\",\"position\":2,\"name\":\"Shop\",\"item\":\"http:\\\/\\\/www.domaines-tatin.com\\\/en\\\/shop\\\/\"},{\"@type\":\"ListItem\",\"position\":3,\"name\":\"Red Pe\u0301 Miniau\"}]},{\"@type\":\"WebSite\",\"@id\":\"https:\\\/\\\/www.domaines-tatin.com\\\/en\\\/#website\",\"url\":\"https:\\\/\\\/www.domaines-tatin.com\\\/en\\\/\",\"name\":\"Domaines Tatin\",\"description\":\"Vignerons r\u00e9coltants en AOC Quincy et AOC Reuilly\",\"publisher\":{\"@id\":\"https:\\\/\\\/www.domaines-tatin.com\\\/en\\\/#organization\"},\"potentialAction\":[{\"@type\":\"SearchAction\",\"target\":{\"@type\":\"EntryPoint\",\"urlTemplate\":\"https:\\\/\\\/www.domaines-tatin.com\\\/en\\\/?s={search_term_string}\"},\"query-input\":{\"@type\":\"PropertyValueSpecification\",\"valueRequired\":true,\"valueName\":\"search_term_string\"}}],\"inLanguage\":\"en-US\"},{\"@type\":\"Organization\",\"@id\":\"https:\\\/\\\/www.domaines-tatin.com\\\/en\\\/#organization\",\"name\":\"Domaines tatins\",\"url\":\"https:\\\/\\\/www.domaines-tatin.com\\\/en\\\/\",\"logo\":{\"@type\":\"ImageObject\",\"inLanguage\":\"en-US\",\"@id\":\"https:\\\/\\\/www.domaines-tatin.com\\\/en\\\/#\\\/schema\\\/logo\\\/image\\\/\",\"url\":\"https:\\\/\\\/www.domaines-tatin.com\\\/wp-content\\\/uploads\\\/2020\\\/07\\\/DemoisellesVerreTRansparent.png\",\"contentUrl\":\"https:\\\/\\\/www.domaines-tatin.com\\\/wp-content\\\/uploads\\\/2020\\\/07\\\/DemoisellesVerreTRansparent.png\",\"width\":709,\"height\":1012,\"caption\":\"Domaines tatins\"},\"image\":{\"@id\":\"https:\\\/\\\/www.domaines-tatin.com\\\/en\\\/#\\\/schema\\\/logo\\\/image\\\/\"}}]}<\/script>\n<!-- \/ Yoast SEO plugin. -->","yoast_head_json":{"title":"Red Pe\u0301 Miniau - Domaines Tatin","description":"A powerful, ample and concentrated red Loire wine made of 100% Pinot Noir grapes harvested by hand and elaborated in line with Terra Vitis certification!","robots":{"index":"index","follow":"follow","max-snippet":"max-snippet:-1","max-image-preview":"max-image-preview:large","max-video-preview":"max-video-preview:-1"},"canonical":"https:\/\/www.domaines-tatin.com\/en\/produit\/reuilly-rouge-pe-miniau\/","og_locale":"en_US","og_type":"article","og_title":"Red Pe\u0301 Miniau - Domaines Tatin","og_description":"A powerful, ample and concentrated red Loire wine made of 100% Pinot Noir grapes harvested by hand and elaborated in line with Terra Vitis certification!","og_url":"https:\/\/www.domaines-tatin.com\/en\/produit\/reuilly-rouge-pe-miniau\/","og_site_name":"Domaines Tatin","article_modified_time":"2025-12-19T14:19:34+00:00","og_image":[{"width":263,"height":835,"url":"https:\/\/www.domaines-tatin.com\/wp-content\/uploads\/2020\/11\/peminiau-1.jpg","type":"image\/jpeg"}],"twitter_card":"summary_large_image","twitter_misc":{"Est. reading time":"1 minute"},"schema":{"@context":"https:\/\/schema.org","@graph":[{"@type":"WebPage","@id":"https:\/\/www.domaines-tatin.com\/en\/produit\/reuilly-rouge-pe-miniau\/","url":"https:\/\/www.domaines-tatin.com\/en\/produit\/reuilly-rouge-pe-miniau\/","name":"Red Pe\u0301 Miniau - Domaines Tatin","isPartOf":{"@id":"https:\/\/www.domaines-tatin.com\/en\/#website"},"primaryImageOfPage":{"@id":"https:\/\/www.domaines-tatin.com\/en\/produit\/reuilly-rouge-pe-miniau\/#primaryimage"},"image":{"@id":"https:\/\/www.domaines-tatin.com\/en\/produit\/reuilly-rouge-pe-miniau\/#primaryimage"},"thumbnailUrl":"https:\/\/www.domaines-tatin.com\/wp-content\/uploads\/2020\/11\/peminiau-1.jpg","datePublished":"2020-11-26T08:45:08+00:00","dateModified":"2025-12-19T14:19:34+00:00","description":"A powerful, ample and concentrated red Loire wine made of 100% Pinot Noir grapes harvested by hand and elaborated in line with Terra Vitis certification!","breadcrumb":{"@id":"https:\/\/www.domaines-tatin.com\/en\/produit\/reuilly-rouge-pe-miniau\/#breadcrumb"},"inLanguage":"en-US","potentialAction":[{"@type":"ReadAction","target":["https:\/\/www.domaines-tatin.com\/en\/produit\/reuilly-rouge-pe-miniau\/"]}]},{"@type":"ImageObject","inLanguage":"en-US","@id":"https:\/\/www.domaines-tatin.com\/en\/produit\/reuilly-rouge-pe-miniau\/#primaryimage","url":"https:\/\/www.domaines-tatin.com\/wp-content\/uploads\/2020\/11\/peminiau-1.jpg","contentUrl":"https:\/\/www.domaines-tatin.com\/wp-content\/uploads\/2020\/11\/peminiau-1.jpg","width":263,"height":835},{"@type":"BreadcrumbList","@id":"https:\/\/www.domaines-tatin.com\/en\/produit\/reuilly-rouge-pe-miniau\/#breadcrumb","itemListElement":[{"@type":"ListItem","position":1,"name":"Accueil","item":"http:\/\/www.domaines-tatin.com\/en\/"},{"@type":"ListItem","position":2,"name":"Shop","item":"http:\/\/www.domaines-tatin.com\/en\/shop\/"},{"@type":"ListItem","position":3,"name":"Red Pe\u0301 Miniau"}]},{"@type":"WebSite","@id":"https:\/\/www.domaines-tatin.com\/en\/#website","url":"https:\/\/www.domaines-tatin.com\/en\/","name":"Domaines Tatin","description":"Vignerons r\u00e9coltants en AOC Quincy et AOC Reuilly","publisher":{"@id":"https:\/\/www.domaines-tatin.com\/en\/#organization"},"potentialAction":[{"@type":"SearchAction","target":{"@type":"EntryPoint","urlTemplate":"https:\/\/www.domaines-tatin.com\/en\/?s={search_term_string}"},"query-input":{"@type":"PropertyValueSpecification","valueRequired":true,"valueName":"search_term_string"}}],"inLanguage":"en-US"},{"@type":"Organization","@id":"https:\/\/www.domaines-tatin.com\/en\/#organization","name":"Domaines tatins","url":"https:\/\/www.domaines-tatin.com\/en\/","logo":{"@type":"ImageObject","inLanguage":"en-US","@id":"https:\/\/www.domaines-tatin.com\/en\/#\/schema\/logo\/image\/","url":"https:\/\/www.domaines-tatin.com\/wp-content\/uploads\/2020\/07\/DemoisellesVerreTRansparent.png","contentUrl":"https:\/\/www.domaines-tatin.com\/wp-content\/uploads\/2020\/07\/DemoisellesVerreTRansparent.png","width":709,"height":1012,"caption":"Domaines tatins"},"image":{"@id":"https:\/\/www.domaines-tatin.com\/en\/#\/schema\/logo\/image\/"}}]}},"_links":{"self":[{"href":"https:\/\/www.domaines-tatin.com\/en\/wp-json\/wp\/v2\/product\/4518","targetHints":{"allow":["GET"]}}],"collection":[{"href":"https:\/\/www.domaines-tatin.com\/en\/wp-json\/wp\/v2\/product"}],"about":[{"href":"https:\/\/www.domaines-tatin.com\/en\/wp-json\/wp\/v2\/types\/product"}],"wp:featuredmedia":[{"embeddable":true,"href":"https:\/\/www.domaines-tatin.com\/en\/wp-json\/wp\/v2\/media\/8461"}],"wp:attachment":[{"href":"https:\/\/www.domaines-tatin.com\/en\/wp-json\/wp\/v2\/media?parent=4518"}],"wp:term":[{"taxonomy":"product_brand","embeddable":true,"href":"https:\/\/www.domaines-tatin.com\/en\/wp-json\/wp\/v2\/product_brand?post=4518"},{"taxonomy":"product_cat","embeddable":true,"href":"https:\/\/www.domaines-tatin.com\/en\/wp-json\/wp\/v2\/product_cat?post=4518"},{"taxonomy":"product_tag","embeddable":true,"href":"https:\/\/www.domaines-tatin.com\/en\/wp-json\/wp\/v2\/product_tag?post=4518"}],"curies":[{"name":"wp","href":"https:\/\/api.w.org\/{rel}","templated":true}]}}