{"id":4514,"date":"2020-11-26T09:42:23","date_gmt":"2020-11-26T08:42:23","guid":{"rendered":"https:\/\/www.domaines-tatin.com\/produit\/collection-terroirs-chaumoux\/"},"modified":"2025-12-19T16:17:28","modified_gmt":"2025-12-19T15:17:28","slug":"collection-terroirs-chaumoux","status":"publish","type":"product","link":"https:\/\/www.domaines-tatin.com\/en\/produit\/collection-terroirs-chaumoux\/","title":{"rendered":"Cuv\u00e9e Terroir Chaumoux"},"content":{"rendered":"<p class=\"p1\"><a href=\"https:\/\/www.domaines-tatin.com\/wp-content\/uploads\/2025\/04\/9-2-FT-QUINCY-CHAUMOUX-2022-anglais.pdf\" target=\"_blank\" rel=\"noopener noreferrer\">\u2013 Download the wine tech sheet (PDF)<\/a><\/p>\n<p>&nbsp;<\/p>\n<p><strong>\ud83d\udcdd Wine tasting sheets<\/strong><\/p>\n<p>A delicate nose, slight anise and mineral notes that open up on smokey flavours emphasized by a touch of citrus fruit such as mandarin and kumquat.<br \/>\nThe mouth is ample and silky with notes of lime peel. The powerful body is highlighted by a very refreshing peppermint finish.<\/p>\n<blockquote><p><em>\u00ab N\u00e9 sur un terroir de graves argileuses, ce vin s&#8217;ouvre sur des notes racinaires (gentiane) et fum\u00e9es puis \u00e9volue vers des ar\u00f4mes de coing cuit. On les retrouve en bouche o\u00f9 la mati\u00e8re patin\u00e9e r\u00e9gale les papilles d&#8217;une tension acidul\u00e9e. Un vin qui exprime une vraie personnalit\u00e9. \u00bb <strong><span style=\"color: #ff6600;\">(Cuisine et Vins de France, Hors S\u00e9rie Sp\u00e9cial Vins, ao\u00fbt 2023)<\/span><\/strong><\/em><\/p><\/blockquote>\n","protected":false},"excerpt":{"rendered":"<p><strong>(Price per bottle: sent in boxes of 6 bottles)<\/strong><\/p>\n<p>&nbsp;<\/p>\n<p>The vines of Chaumoux in Brinay, planted at the end of the sixties, are rooted into <strong>red and orange gravels of clay<\/strong>. A part of the massal selections planted on our vineyard comes from this plot. Their grapes are usually the last to be picked and they offer <strong>powerful and fleshy wines, fitted with this mineral salinity that works wonders on seafood<\/strong>.<\/p>\n<p>In line with our cuv\u00e9es Sucellus and Vieilles Vignes, the <em><a href=\"https:\/\/www.domaines-tatin.com\/wp-content\/uploads\/2025\/12\/brochure-collection-terroirs-et-sucellus-mis-a-jour-2024-anglais.pdf\">Terroirs Collection<\/a><\/em> is declined in 4 distinct vintages, each originating from a plot of old vines, vinified in oak barrels aged of 7 to 8 years using wild yeasts.<\/p>\n<p><strong>\ud83c\udf7d\ufe0f Wine and food pairing\u00a0<\/strong><\/p>\n<p>The Cuv\u00e9es Terroirs can be tasted alone or one after the other so as to distinguish the subtelties of the terroirs of Quincy. Serve between 10 and 12\u00b0C. For wine-food pairing, please refer to those described for our Quincy <a href=\"https:\/\/www.domaines-tatin.com\/en\/produit\/domaine-du-tremblay-vieilles-vignes\/\" target=\"_blank\" rel=\"noopener\">Vieilles Vignes<\/a> or <a href=\"https:\/\/www.domaines-tatin.com\/en\/produit\/sucellus\/\" target=\"_blank\" rel=\"noopener\">Sucellus<\/a>.<\/p>\n<p><strong>\u23f3 Keep<\/strong><\/p>\n<p>2 to 10 years. Although our wines have been known to keep longer!<\/p>\n","protected":false},"featured_media":3160,"template":"","meta":{"_acf_changed":false},"product_brand":[],"product_cat":[114],"product_tag":[],"class_list":{"0":"post-4514","1":"product","2":"type-product","3":"status-publish","4":"has-post-thumbnail","6":"product_cat-aoc-quincy-en","7":"pa_annee-2022-en","8":"pa_medailles-vintage-of-1000-bottles-not-presented-at-competitions-and-guides","10":"first","11":"instock","12":"taxable","13":"shipping-taxable","14":"purchasable","15":"product-type-simple"},"acf":[],"yoast_head":"<!-- This site is optimized with the Yoast SEO plugin v27.5 - https:\/\/yoast.com\/product\/yoast-seo-wordpress\/ -->\n<title>Cuv\u00e9e Terroir Chaumoux - Domaines Tatin<\/title>\n<meta name=\"description\" content=\"A powerful, fleshy and saline white Loire wine made of 100% Sauvignon Blanc grapes elaborated in line with Terra Vitis certification criteria!\" \/>\n<meta name=\"robots\" content=\"index, follow, max-snippet:-1, max-image-preview:large, max-video-preview:-1\" \/>\n<link rel=\"canonical\" href=\"https:\/\/www.domaines-tatin.com\/en\/produit\/collection-terroirs-chaumoux\/\" \/>\n<meta property=\"og:locale\" content=\"en_US\" \/>\n<meta property=\"og:type\" content=\"article\" \/>\n<meta property=\"og:title\" content=\"Cuv\u00e9e Terroir Chaumoux - Domaines Tatin\" \/>\n<meta property=\"og:description\" content=\"A powerful, fleshy and saline white Loire wine made of 100% Sauvignon Blanc grapes elaborated in line with Terra Vitis certification criteria!\" \/>\n<meta property=\"og:url\" content=\"https:\/\/www.domaines-tatin.com\/en\/produit\/collection-terroirs-chaumoux\/\" \/>\n<meta property=\"og:site_name\" content=\"Domaines Tatin\" \/>\n<meta property=\"article:modified_time\" content=\"2025-12-19T15:17:28+00:00\" \/>\n<meta property=\"og:image\" content=\"https:\/\/www.domaines-tatin.com\/wp-content\/uploads\/2020\/11\/domainestatin-chaumoux-scaled.jpg\" \/>\n\t<meta property=\"og:image:width\" content=\"806\" \/>\n\t<meta property=\"og:image:height\" content=\"2560\" \/>\n\t<meta property=\"og:image:type\" content=\"image\/jpeg\" \/>\n<meta name=\"twitter:card\" content=\"summary_large_image\" \/>\n<meta name=\"twitter:label1\" content=\"Est. reading time\" \/>\n\t<meta name=\"twitter:data1\" content=\"1 minute\" \/>\n<script type=\"application\/ld+json\" class=\"yoast-schema-graph\">{\"@context\":\"https:\\\/\\\/schema.org\",\"@graph\":[{\"@type\":\"WebPage\",\"@id\":\"https:\\\/\\\/www.domaines-tatin.com\\\/en\\\/produit\\\/collection-terroirs-chaumoux\\\/\",\"url\":\"https:\\\/\\\/www.domaines-tatin.com\\\/en\\\/produit\\\/collection-terroirs-chaumoux\\\/\",\"name\":\"Cuv\u00e9e Terroir Chaumoux - Domaines Tatin\",\"isPartOf\":{\"@id\":\"https:\\\/\\\/www.domaines-tatin.com\\\/en\\\/#website\"},\"primaryImageOfPage\":{\"@id\":\"https:\\\/\\\/www.domaines-tatin.com\\\/en\\\/produit\\\/collection-terroirs-chaumoux\\\/#primaryimage\"},\"image\":{\"@id\":\"https:\\\/\\\/www.domaines-tatin.com\\\/en\\\/produit\\\/collection-terroirs-chaumoux\\\/#primaryimage\"},\"thumbnailUrl\":\"https:\\\/\\\/www.domaines-tatin.com\\\/wp-content\\\/uploads\\\/2020\\\/11\\\/domainestatin-chaumoux-scaled.jpg\",\"datePublished\":\"2020-11-26T08:42:23+00:00\",\"dateModified\":\"2025-12-19T15:17:28+00:00\",\"description\":\"A powerful, fleshy and saline white Loire wine made of 100% Sauvignon Blanc grapes elaborated in line with Terra Vitis certification criteria!\",\"breadcrumb\":{\"@id\":\"https:\\\/\\\/www.domaines-tatin.com\\\/en\\\/produit\\\/collection-terroirs-chaumoux\\\/#breadcrumb\"},\"inLanguage\":\"en-US\",\"potentialAction\":[{\"@type\":\"ReadAction\",\"target\":[\"https:\\\/\\\/www.domaines-tatin.com\\\/en\\\/produit\\\/collection-terroirs-chaumoux\\\/\"]}]},{\"@type\":\"ImageObject\",\"inLanguage\":\"en-US\",\"@id\":\"https:\\\/\\\/www.domaines-tatin.com\\\/en\\\/produit\\\/collection-terroirs-chaumoux\\\/#primaryimage\",\"url\":\"https:\\\/\\\/www.domaines-tatin.com\\\/wp-content\\\/uploads\\\/2020\\\/11\\\/domainestatin-chaumoux-scaled.jpg\",\"contentUrl\":\"https:\\\/\\\/www.domaines-tatin.com\\\/wp-content\\\/uploads\\\/2020\\\/11\\\/domainestatin-chaumoux-scaled.jpg\",\"width\":806,\"height\":2560},{\"@type\":\"BreadcrumbList\",\"@id\":\"https:\\\/\\\/www.domaines-tatin.com\\\/en\\\/produit\\\/collection-terroirs-chaumoux\\\/#breadcrumb\",\"itemListElement\":[{\"@type\":\"ListItem\",\"position\":1,\"name\":\"Accueil\",\"item\":\"http:\\\/\\\/www.domaines-tatin.com\\\/en\\\/\"},{\"@type\":\"ListItem\",\"position\":2,\"name\":\"Shop\",\"item\":\"http:\\\/\\\/www.domaines-tatin.com\\\/en\\\/shop\\\/\"},{\"@type\":\"ListItem\",\"position\":3,\"name\":\"Cuv\u00e9e Terroir Chaumoux\"}]},{\"@type\":\"WebSite\",\"@id\":\"https:\\\/\\\/www.domaines-tatin.com\\\/en\\\/#website\",\"url\":\"https:\\\/\\\/www.domaines-tatin.com\\\/en\\\/\",\"name\":\"Domaines Tatin\",\"description\":\"Vignerons r\u00e9coltants en AOC Quincy et AOC Reuilly\",\"publisher\":{\"@id\":\"https:\\\/\\\/www.domaines-tatin.com\\\/en\\\/#organization\"},\"potentialAction\":[{\"@type\":\"SearchAction\",\"target\":{\"@type\":\"EntryPoint\",\"urlTemplate\":\"https:\\\/\\\/www.domaines-tatin.com\\\/en\\\/?s={search_term_string}\"},\"query-input\":{\"@type\":\"PropertyValueSpecification\",\"valueRequired\":true,\"valueName\":\"search_term_string\"}}],\"inLanguage\":\"en-US\"},{\"@type\":\"Organization\",\"@id\":\"https:\\\/\\\/www.domaines-tatin.com\\\/en\\\/#organization\",\"name\":\"Domaines tatins\",\"url\":\"https:\\\/\\\/www.domaines-tatin.com\\\/en\\\/\",\"logo\":{\"@type\":\"ImageObject\",\"inLanguage\":\"en-US\",\"@id\":\"https:\\\/\\\/www.domaines-tatin.com\\\/en\\\/#\\\/schema\\\/logo\\\/image\\\/\",\"url\":\"https:\\\/\\\/www.domaines-tatin.com\\\/wp-content\\\/uploads\\\/2020\\\/07\\\/DemoisellesVerreTRansparent.png\",\"contentUrl\":\"https:\\\/\\\/www.domaines-tatin.com\\\/wp-content\\\/uploads\\\/2020\\\/07\\\/DemoisellesVerreTRansparent.png\",\"width\":709,\"height\":1012,\"caption\":\"Domaines tatins\"},\"image\":{\"@id\":\"https:\\\/\\\/www.domaines-tatin.com\\\/en\\\/#\\\/schema\\\/logo\\\/image\\\/\"}}]}<\/script>\n<!-- \/ Yoast SEO plugin. -->","yoast_head_json":{"title":"Cuv\u00e9e Terroir Chaumoux - Domaines Tatin","description":"A powerful, fleshy and saline white Loire wine made of 100% Sauvignon Blanc grapes elaborated in line with Terra Vitis certification criteria!","robots":{"index":"index","follow":"follow","max-snippet":"max-snippet:-1","max-image-preview":"max-image-preview:large","max-video-preview":"max-video-preview:-1"},"canonical":"https:\/\/www.domaines-tatin.com\/en\/produit\/collection-terroirs-chaumoux\/","og_locale":"en_US","og_type":"article","og_title":"Cuv\u00e9e Terroir Chaumoux - Domaines Tatin","og_description":"A powerful, fleshy and saline white Loire wine made of 100% Sauvignon Blanc grapes elaborated in line with Terra Vitis certification criteria!","og_url":"https:\/\/www.domaines-tatin.com\/en\/produit\/collection-terroirs-chaumoux\/","og_site_name":"Domaines Tatin","article_modified_time":"2025-12-19T15:17:28+00:00","og_image":[{"width":806,"height":2560,"url":"https:\/\/www.domaines-tatin.com\/wp-content\/uploads\/2020\/11\/domainestatin-chaumoux-scaled.jpg","type":"image\/jpeg"}],"twitter_card":"summary_large_image","twitter_misc":{"Est. reading time":"1 minute"},"schema":{"@context":"https:\/\/schema.org","@graph":[{"@type":"WebPage","@id":"https:\/\/www.domaines-tatin.com\/en\/produit\/collection-terroirs-chaumoux\/","url":"https:\/\/www.domaines-tatin.com\/en\/produit\/collection-terroirs-chaumoux\/","name":"Cuv\u00e9e Terroir Chaumoux - Domaines Tatin","isPartOf":{"@id":"https:\/\/www.domaines-tatin.com\/en\/#website"},"primaryImageOfPage":{"@id":"https:\/\/www.domaines-tatin.com\/en\/produit\/collection-terroirs-chaumoux\/#primaryimage"},"image":{"@id":"https:\/\/www.domaines-tatin.com\/en\/produit\/collection-terroirs-chaumoux\/#primaryimage"},"thumbnailUrl":"https:\/\/www.domaines-tatin.com\/wp-content\/uploads\/2020\/11\/domainestatin-chaumoux-scaled.jpg","datePublished":"2020-11-26T08:42:23+00:00","dateModified":"2025-12-19T15:17:28+00:00","description":"A powerful, fleshy and saline white Loire wine made of 100% Sauvignon Blanc grapes elaborated in line with Terra Vitis certification criteria!","breadcrumb":{"@id":"https:\/\/www.domaines-tatin.com\/en\/produit\/collection-terroirs-chaumoux\/#breadcrumb"},"inLanguage":"en-US","potentialAction":[{"@type":"ReadAction","target":["https:\/\/www.domaines-tatin.com\/en\/produit\/collection-terroirs-chaumoux\/"]}]},{"@type":"ImageObject","inLanguage":"en-US","@id":"https:\/\/www.domaines-tatin.com\/en\/produit\/collection-terroirs-chaumoux\/#primaryimage","url":"https:\/\/www.domaines-tatin.com\/wp-content\/uploads\/2020\/11\/domainestatin-chaumoux-scaled.jpg","contentUrl":"https:\/\/www.domaines-tatin.com\/wp-content\/uploads\/2020\/11\/domainestatin-chaumoux-scaled.jpg","width":806,"height":2560},{"@type":"BreadcrumbList","@id":"https:\/\/www.domaines-tatin.com\/en\/produit\/collection-terroirs-chaumoux\/#breadcrumb","itemListElement":[{"@type":"ListItem","position":1,"name":"Accueil","item":"http:\/\/www.domaines-tatin.com\/en\/"},{"@type":"ListItem","position":2,"name":"Shop","item":"http:\/\/www.domaines-tatin.com\/en\/shop\/"},{"@type":"ListItem","position":3,"name":"Cuv\u00e9e Terroir Chaumoux"}]},{"@type":"WebSite","@id":"https:\/\/www.domaines-tatin.com\/en\/#website","url":"https:\/\/www.domaines-tatin.com\/en\/","name":"Domaines Tatin","description":"Vignerons r\u00e9coltants en AOC Quincy et AOC Reuilly","publisher":{"@id":"https:\/\/www.domaines-tatin.com\/en\/#organization"},"potentialAction":[{"@type":"SearchAction","target":{"@type":"EntryPoint","urlTemplate":"https:\/\/www.domaines-tatin.com\/en\/?s={search_term_string}"},"query-input":{"@type":"PropertyValueSpecification","valueRequired":true,"valueName":"search_term_string"}}],"inLanguage":"en-US"},{"@type":"Organization","@id":"https:\/\/www.domaines-tatin.com\/en\/#organization","name":"Domaines tatins","url":"https:\/\/www.domaines-tatin.com\/en\/","logo":{"@type":"ImageObject","inLanguage":"en-US","@id":"https:\/\/www.domaines-tatin.com\/en\/#\/schema\/logo\/image\/","url":"https:\/\/www.domaines-tatin.com\/wp-content\/uploads\/2020\/07\/DemoisellesVerreTRansparent.png","contentUrl":"https:\/\/www.domaines-tatin.com\/wp-content\/uploads\/2020\/07\/DemoisellesVerreTRansparent.png","width":709,"height":1012,"caption":"Domaines tatins"},"image":{"@id":"https:\/\/www.domaines-tatin.com\/en\/#\/schema\/logo\/image\/"}}]}},"_links":{"self":[{"href":"https:\/\/www.domaines-tatin.com\/en\/wp-json\/wp\/v2\/product\/4514","targetHints":{"allow":["GET"]}}],"collection":[{"href":"https:\/\/www.domaines-tatin.com\/en\/wp-json\/wp\/v2\/product"}],"about":[{"href":"https:\/\/www.domaines-tatin.com\/en\/wp-json\/wp\/v2\/types\/product"}],"wp:featuredmedia":[{"embeddable":true,"href":"https:\/\/www.domaines-tatin.com\/en\/wp-json\/wp\/v2\/media\/3160"}],"wp:attachment":[{"href":"https:\/\/www.domaines-tatin.com\/en\/wp-json\/wp\/v2\/media?parent=4514"}],"wp:term":[{"taxonomy":"product_brand","embeddable":true,"href":"https:\/\/www.domaines-tatin.com\/en\/wp-json\/wp\/v2\/product_brand?post=4514"},{"taxonomy":"product_cat","embeddable":true,"href":"https:\/\/www.domaines-tatin.com\/en\/wp-json\/wp\/v2\/product_cat?post=4514"},{"taxonomy":"product_tag","embeddable":true,"href":"https:\/\/www.domaines-tatin.com\/en\/wp-json\/wp\/v2\/product_tag?post=4514"}],"curies":[{"name":"wp","href":"https:\/\/api.w.org\/{rel}","templated":true}]}}