{"id":4512,"date":"2020-11-26T09:43:03","date_gmt":"2020-11-26T08:43:03","guid":{"rendered":"https:\/\/www.domaines-tatin.com\/produit\/les-demoiselles-tatin-reuilly-blanc\/"},"modified":"2025-12-19T16:03:46","modified_gmt":"2025-12-19T15:03:46","slug":"les-demoiselles-tatin-reuilly-white","status":"publish","type":"product","link":"https:\/\/www.domaines-tatin.com\/en\/produit\/les-demoiselles-tatin-reuilly-white\/","title":{"rendered":"White Les Demoiselles Tatin"},"content":{"rendered":"<p><a href=\"http:\/\/www.domaines-tatin.com\/wp-content\/uploads\/2025\/09\/2-2-FT-REUILLY-BLANC-2024-anglais-1.pdf\" target=\"_blank\" rel=\"noopener\">&#8211; Download the wine tech sheet (PDF)<\/a><\/p>\n<p>&nbsp;<\/p>\n<p><strong>\ud83d\udcdd Wine tasting notes<\/strong><\/p>\n<p>A colour of amber-green silky highlights. A nose with notes of citrus fruit (Kaffir lime), slightly candied, with a mineral flint-like touch. In the mouth, the attack is soft, delicate and unctuous. Dense at first, a silky acidity then invades the palate, yet again reminding the flavours of citrus fruit and pear. A beautiful length and freshness, ending in a hint of peppermint, bring aromatic persistence.<\/p>\n<blockquote><p><em>\u00ab The rich nose, on notes of pastry and candied apricot, differs from the slender mouth which is more fluid than expected, yet tender, greedy, slightly iodine and easy-going. \u00bb, <strong><span style=\"color: #ff6600;\">translation of the tasting comment in the<\/span><\/strong><strong><span style=\"color: #ff6600;\">\u00a0Guide Hachette des Vins 2026 (1 \u00e9toile, mill\u00e9sime 2024)<\/span><\/strong><\/em><\/p>\n<p><em>\u00ab A very pale yellow to white gold colour. Refreshing, as soon as it&#8217;s opened, the nose exhales scents of flowers (lilac, violet), associated to a well-present citrus fruit (grapefruit, lemon). The mouth immediately confirms the impression of vividness left by the bouquet. Its tastes of citrus dominate a whole panel of ciseled and precise texture, developing into a nice energy. The balance is met and the finish, incisive and persistant, reveals itself very digestable<\/em><em>. \u00bb, <strong><span style=\"color: #ff6600;\">translation of the tasting comment in the Guide Vins &amp; Terroirs Authentiques 2024-2025 (3 stars, 15,5\/20)<\/span><\/strong><\/em><\/p>\n<p><em>\u00ab Les \u00e9vocations de fleurs et de fruits blancs communiquent une grande fra\u00eecheur d\u00e8s le premier nez. La bouche, dot\u00e9e d&#8217;un gras impressionnant, se r\u00e9v\u00e8le ample et suave, avant de s&#8217;achever sur un ton plus incisif qui contrebalance ces sensations et lui conf\u00e8re une longue persistance. \u00bb, <span style=\"color: #ff6600;\"><strong>comment of the jury of the Guide Hachette des vins 2025 (1 star)<\/strong><\/span><\/em><\/p>\n<p><em>\u00ab La robe brillante et lumineuse couleur jaune d\u2019or p\u00e2le s\u2019ouvre sur un nez attrayant qui associe les odeurs des fleurs \u00e0 celles des fruits m\u00fbrs (mangue, pamplemousse). La bouche \u00e0 l\u2019attaque souple offre une mati\u00e8re charnue, de la l\u00e9g\u00e8ret\u00e9, un charact\u00e8re a\u00e9rien, de l\u2019\u00e9l\u00e9gance, un bon \u00e9quilibre sur la fra\u00eecheur, ainsi que des ar\u00f4mes extraordinairement fruit\u00e9s (passion, litchi) qui persistent dans une finale rac\u00e9e et longue. Un superbe Reuilly !\u00bb <\/em><em><span style=\"color: #ff6600;\"><strong>comment of the jury of the<\/strong> <\/span><strong><span style=\"color: #ff6600;\">Concours des Ligers 2024<\/span>.\u00a0<\/strong><\/em><\/p>\n<p><em>\u00ab Nez de brioche grill\u00e9, bouche ronde et corpulente \u00bb, <strong><span style=\"color: #ff6600;\">comment of the jury of the<\/span> <span style=\"color: #ff6600;\">Concours G\u00e9n\u00e9ral Agricole de Paris 2023<\/span><\/strong>.<\/em><\/p><\/blockquote>\n","protected":false},"excerpt":{"rendered":"<p><strong>(Price per bottle: sent in boxes of 6 bottles)<\/strong><\/p>\n<p>&nbsp;<\/p>\n<p>This vintage is made with the grapes of a <strong>massal selection of Sauvignon Blanc<\/strong> planted on a plot of sandy gravels, another plot of clay gravels and a third one of kimmeridgian marl (limestone &amp; clay), and <strong>fermentation<\/strong> is triggered using <strong>indigenous yeasts<\/strong>. All of this brought together gives <strong>elegant and delicate wines, unctuous with flavours of ripe white fruit<\/strong> of pear.<\/p>\n<p><strong>\ud83c\udf7d\ufe0f Wine and food pairing\u00a0<\/strong><\/p>\n<p>To enjoy at the aperitif with a fish terrine, as well as with a slightly spicy Bo Bun. It will also go perfectly with seafood and shellfish, grilled fish, asparagus or even goat cheese (crottin de Chavignol &amp; Valen\u00e7ay AOCs&#8230;). Suggestion from an American customer: linguini with clams and pancetta&#8230;<\/p>\n<p><strong>\u23f3 Keep<\/strong><\/p>\n<p>Best to enjoy between 2 and 5 years if you wish to keep the freshness of the Sauvignon. Although our wines do keep longer!<\/p>\n","protected":false},"featured_media":3155,"template":"","meta":{"_acf_changed":false},"product_brand":[],"product_cat":[84],"product_tag":[],"class_list":{"0":"post-4512","1":"product","2":"type-product","3":"status-publish","4":"has-post-thumbnail","6":"product_cat-aoc-reuilly-en","7":"pa_annee-2024-en","8":"pa_certification-terra-vitis","9":"pa_couleur-white","10":"pa_medailles-1-star-in-the-guide-hachette","11":"pa_medailles-3-stars-at-the-guide-vins-et-terroirs-authentiques","12":"pa_medailles-bronze-medal-in-the-decanter-world-wine-awards-competition","13":"pa_medailles-gold-medal-at-the-concours-general-agricole-de-paris","14":"pa_medailles-grand-or-liger-at-the-concours-des-ligers-of-the-loire-valley-wine-fair","16":"first","17":"instock","18":"taxable","19":"shipping-taxable","20":"purchasable","21":"product-type-simple"},"acf":[],"yoast_head":"<!-- This site is optimized with the Yoast SEO plugin v27.2 - https:\/\/yoast.com\/product\/yoast-seo-wordpress\/ -->\n<title>White Les Demoiselles Tatin - Domaines Tatin<\/title>\n<meta name=\"description\" content=\"An elegant, delicate, unctuous and floral white Loire wine, made of 100% Sauvignon Blanc and elaborated in line with Terra Vitis certification criteria!\" \/>\n<meta name=\"robots\" content=\"index, follow, max-snippet:-1, max-image-preview:large, max-video-preview:-1\" \/>\n<link rel=\"canonical\" href=\"https:\/\/www.domaines-tatin.com\/en\/produit\/les-demoiselles-tatin-reuilly-white\/\" \/>\n<meta property=\"og:locale\" content=\"en_US\" \/>\n<meta property=\"og:type\" content=\"article\" \/>\n<meta property=\"og:title\" content=\"White Les Demoiselles Tatin - Domaines Tatin\" \/>\n<meta property=\"og:description\" content=\"An elegant, delicate, unctuous and floral white Loire wine, made of 100% Sauvignon Blanc and elaborated in line with Terra Vitis certification criteria!\" \/>\n<meta property=\"og:url\" content=\"https:\/\/www.domaines-tatin.com\/en\/produit\/les-demoiselles-tatin-reuilly-white\/\" \/>\n<meta property=\"og:site_name\" content=\"Domaines Tatin\" \/>\n<meta property=\"article:modified_time\" content=\"2025-12-19T15:03:46+00:00\" \/>\n<meta property=\"og:image\" content=\"https:\/\/www.domaines-tatin.com\/wp-content\/uploads\/2020\/11\/demoisellestatin-blanc-scaled.jpg\" \/>\n\t<meta property=\"og:image:width\" content=\"806\" \/>\n\t<meta property=\"og:image:height\" content=\"2560\" \/>\n\t<meta property=\"og:image:type\" content=\"image\/jpeg\" \/>\n<meta name=\"twitter:card\" content=\"summary_large_image\" \/>\n<meta name=\"twitter:label1\" content=\"Est. reading time\" \/>\n\t<meta name=\"twitter:data1\" content=\"1 minute\" \/>\n<script type=\"application\/ld+json\" class=\"yoast-schema-graph\">{\"@context\":\"https:\/\/schema.org\",\"@graph\":[{\"@type\":\"WebPage\",\"@id\":\"https:\/\/www.domaines-tatin.com\/en\/produit\/les-demoiselles-tatin-reuilly-white\/\",\"url\":\"https:\/\/www.domaines-tatin.com\/en\/produit\/les-demoiselles-tatin-reuilly-white\/\",\"name\":\"White Les Demoiselles Tatin - Domaines Tatin\",\"isPartOf\":{\"@id\":\"https:\/\/www.domaines-tatin.com\/en\/#website\"},\"primaryImageOfPage\":{\"@id\":\"https:\/\/www.domaines-tatin.com\/en\/produit\/les-demoiselles-tatin-reuilly-white\/#primaryimage\"},\"image\":{\"@id\":\"https:\/\/www.domaines-tatin.com\/en\/produit\/les-demoiselles-tatin-reuilly-white\/#primaryimage\"},\"thumbnailUrl\":\"https:\/\/www.domaines-tatin.com\/wp-content\/uploads\/2020\/11\/demoisellestatin-blanc-scaled.jpg\",\"datePublished\":\"2020-11-26T08:43:03+00:00\",\"dateModified\":\"2025-12-19T15:03:46+00:00\",\"description\":\"An elegant, delicate, unctuous and floral white Loire wine, made of 100% Sauvignon Blanc and elaborated in line with Terra Vitis certification criteria!\",\"breadcrumb\":{\"@id\":\"https:\/\/www.domaines-tatin.com\/en\/produit\/les-demoiselles-tatin-reuilly-white\/#breadcrumb\"},\"inLanguage\":\"en-US\",\"potentialAction\":[{\"@type\":\"ReadAction\",\"target\":[\"https:\/\/www.domaines-tatin.com\/en\/produit\/les-demoiselles-tatin-reuilly-white\/\"]}]},{\"@type\":\"ImageObject\",\"inLanguage\":\"en-US\",\"@id\":\"https:\/\/www.domaines-tatin.com\/en\/produit\/les-demoiselles-tatin-reuilly-white\/#primaryimage\",\"url\":\"https:\/\/www.domaines-tatin.com\/wp-content\/uploads\/2020\/11\/demoisellestatin-blanc-scaled.jpg\",\"contentUrl\":\"https:\/\/www.domaines-tatin.com\/wp-content\/uploads\/2020\/11\/demoisellestatin-blanc-scaled.jpg\",\"width\":806,\"height\":2560},{\"@type\":\"BreadcrumbList\",\"@id\":\"https:\/\/www.domaines-tatin.com\/en\/produit\/les-demoiselles-tatin-reuilly-white\/#breadcrumb\",\"itemListElement\":[{\"@type\":\"ListItem\",\"position\":1,\"name\":\"Accueil\",\"item\":\"http:\/\/www.domaines-tatin.com\/en\/\"},{\"@type\":\"ListItem\",\"position\":2,\"name\":\"Shop\",\"item\":\"http:\/\/www.domaines-tatin.com\/en\/shop\/\"},{\"@type\":\"ListItem\",\"position\":3,\"name\":\"White Les Demoiselles Tatin\"}]},{\"@type\":\"WebSite\",\"@id\":\"https:\/\/www.domaines-tatin.com\/en\/#website\",\"url\":\"https:\/\/www.domaines-tatin.com\/en\/\",\"name\":\"Domaines Tatin\",\"description\":\"Vignerons r\u00e9coltants en AOC Quincy et AOC Reuilly\",\"publisher\":{\"@id\":\"https:\/\/www.domaines-tatin.com\/en\/#organization\"},\"potentialAction\":[{\"@type\":\"SearchAction\",\"target\":{\"@type\":\"EntryPoint\",\"urlTemplate\":\"https:\/\/www.domaines-tatin.com\/en\/?s={search_term_string}\"},\"query-input\":{\"@type\":\"PropertyValueSpecification\",\"valueRequired\":true,\"valueName\":\"search_term_string\"}}],\"inLanguage\":\"en-US\"},{\"@type\":\"Organization\",\"@id\":\"https:\/\/www.domaines-tatin.com\/en\/#organization\",\"name\":\"Domaines tatins\",\"url\":\"https:\/\/www.domaines-tatin.com\/en\/\",\"logo\":{\"@type\":\"ImageObject\",\"inLanguage\":\"en-US\",\"@id\":\"https:\/\/www.domaines-tatin.com\/en\/#\/schema\/logo\/image\/\",\"url\":\"https:\/\/www.domaines-tatin.com\/wp-content\/uploads\/2020\/07\/DemoisellesVerreTRansparent.png\",\"contentUrl\":\"https:\/\/www.domaines-tatin.com\/wp-content\/uploads\/2020\/07\/DemoisellesVerreTRansparent.png\",\"width\":709,\"height\":1012,\"caption\":\"Domaines tatins\"},\"image\":{\"@id\":\"https:\/\/www.domaines-tatin.com\/en\/#\/schema\/logo\/image\/\"}}]}<\/script>\n<!-- \/ Yoast SEO plugin. -->","yoast_head_json":{"title":"White Les Demoiselles Tatin - Domaines Tatin","description":"An elegant, delicate, unctuous and floral white Loire wine, made of 100% Sauvignon Blanc and elaborated in line with Terra Vitis certification criteria!","robots":{"index":"index","follow":"follow","max-snippet":"max-snippet:-1","max-image-preview":"max-image-preview:large","max-video-preview":"max-video-preview:-1"},"canonical":"https:\/\/www.domaines-tatin.com\/en\/produit\/les-demoiselles-tatin-reuilly-white\/","og_locale":"en_US","og_type":"article","og_title":"White Les Demoiselles Tatin - Domaines Tatin","og_description":"An elegant, delicate, unctuous and floral white Loire wine, made of 100% Sauvignon Blanc and elaborated in line with Terra Vitis certification criteria!","og_url":"https:\/\/www.domaines-tatin.com\/en\/produit\/les-demoiselles-tatin-reuilly-white\/","og_site_name":"Domaines Tatin","article_modified_time":"2025-12-19T15:03:46+00:00","og_image":[{"width":806,"height":2560,"url":"https:\/\/www.domaines-tatin.com\/wp-content\/uploads\/2020\/11\/demoisellestatin-blanc-scaled.jpg","type":"image\/jpeg"}],"twitter_card":"summary_large_image","twitter_misc":{"Est. reading time":"1 minute"},"schema":{"@context":"https:\/\/schema.org","@graph":[{"@type":"WebPage","@id":"https:\/\/www.domaines-tatin.com\/en\/produit\/les-demoiselles-tatin-reuilly-white\/","url":"https:\/\/www.domaines-tatin.com\/en\/produit\/les-demoiselles-tatin-reuilly-white\/","name":"White Les Demoiselles Tatin - Domaines Tatin","isPartOf":{"@id":"https:\/\/www.domaines-tatin.com\/en\/#website"},"primaryImageOfPage":{"@id":"https:\/\/www.domaines-tatin.com\/en\/produit\/les-demoiselles-tatin-reuilly-white\/#primaryimage"},"image":{"@id":"https:\/\/www.domaines-tatin.com\/en\/produit\/les-demoiselles-tatin-reuilly-white\/#primaryimage"},"thumbnailUrl":"https:\/\/www.domaines-tatin.com\/wp-content\/uploads\/2020\/11\/demoisellestatin-blanc-scaled.jpg","datePublished":"2020-11-26T08:43:03+00:00","dateModified":"2025-12-19T15:03:46+00:00","description":"An elegant, delicate, unctuous and floral white Loire wine, made of 100% Sauvignon Blanc and elaborated in line with Terra Vitis certification criteria!","breadcrumb":{"@id":"https:\/\/www.domaines-tatin.com\/en\/produit\/les-demoiselles-tatin-reuilly-white\/#breadcrumb"},"inLanguage":"en-US","potentialAction":[{"@type":"ReadAction","target":["https:\/\/www.domaines-tatin.com\/en\/produit\/les-demoiselles-tatin-reuilly-white\/"]}]},{"@type":"ImageObject","inLanguage":"en-US","@id":"https:\/\/www.domaines-tatin.com\/en\/produit\/les-demoiselles-tatin-reuilly-white\/#primaryimage","url":"https:\/\/www.domaines-tatin.com\/wp-content\/uploads\/2020\/11\/demoisellestatin-blanc-scaled.jpg","contentUrl":"https:\/\/www.domaines-tatin.com\/wp-content\/uploads\/2020\/11\/demoisellestatin-blanc-scaled.jpg","width":806,"height":2560},{"@type":"BreadcrumbList","@id":"https:\/\/www.domaines-tatin.com\/en\/produit\/les-demoiselles-tatin-reuilly-white\/#breadcrumb","itemListElement":[{"@type":"ListItem","position":1,"name":"Accueil","item":"http:\/\/www.domaines-tatin.com\/en\/"},{"@type":"ListItem","position":2,"name":"Shop","item":"http:\/\/www.domaines-tatin.com\/en\/shop\/"},{"@type":"ListItem","position":3,"name":"White Les Demoiselles Tatin"}]},{"@type":"WebSite","@id":"https:\/\/www.domaines-tatin.com\/en\/#website","url":"https:\/\/www.domaines-tatin.com\/en\/","name":"Domaines Tatin","description":"Vignerons r\u00e9coltants en AOC Quincy et AOC Reuilly","publisher":{"@id":"https:\/\/www.domaines-tatin.com\/en\/#organization"},"potentialAction":[{"@type":"SearchAction","target":{"@type":"EntryPoint","urlTemplate":"https:\/\/www.domaines-tatin.com\/en\/?s={search_term_string}"},"query-input":{"@type":"PropertyValueSpecification","valueRequired":true,"valueName":"search_term_string"}}],"inLanguage":"en-US"},{"@type":"Organization","@id":"https:\/\/www.domaines-tatin.com\/en\/#organization","name":"Domaines tatins","url":"https:\/\/www.domaines-tatin.com\/en\/","logo":{"@type":"ImageObject","inLanguage":"en-US","@id":"https:\/\/www.domaines-tatin.com\/en\/#\/schema\/logo\/image\/","url":"https:\/\/www.domaines-tatin.com\/wp-content\/uploads\/2020\/07\/DemoisellesVerreTRansparent.png","contentUrl":"https:\/\/www.domaines-tatin.com\/wp-content\/uploads\/2020\/07\/DemoisellesVerreTRansparent.png","width":709,"height":1012,"caption":"Domaines tatins"},"image":{"@id":"https:\/\/www.domaines-tatin.com\/en\/#\/schema\/logo\/image\/"}}]}},"_links":{"self":[{"href":"https:\/\/www.domaines-tatin.com\/en\/wp-json\/wp\/v2\/product\/4512","targetHints":{"allow":["GET"]}}],"collection":[{"href":"https:\/\/www.domaines-tatin.com\/en\/wp-json\/wp\/v2\/product"}],"about":[{"href":"https:\/\/www.domaines-tatin.com\/en\/wp-json\/wp\/v2\/types\/product"}],"wp:featuredmedia":[{"embeddable":true,"href":"https:\/\/www.domaines-tatin.com\/en\/wp-json\/wp\/v2\/media\/3155"}],"wp:attachment":[{"href":"https:\/\/www.domaines-tatin.com\/en\/wp-json\/wp\/v2\/media?parent=4512"}],"wp:term":[{"taxonomy":"product_brand","embeddable":true,"href":"https:\/\/www.domaines-tatin.com\/en\/wp-json\/wp\/v2\/product_brand?post=4512"},{"taxonomy":"product_cat","embeddable":true,"href":"https:\/\/www.domaines-tatin.com\/en\/wp-json\/wp\/v2\/product_cat?post=4512"},{"taxonomy":"product_tag","embeddable":true,"href":"https:\/\/www.domaines-tatin.com\/en\/wp-json\/wp\/v2\/product_tag?post=4512"}],"curies":[{"name":"wp","href":"https:\/\/api.w.org\/{rel}","templated":true}]}}