{"id":4510,"date":"2020-11-26T09:43:55","date_gmt":"2020-11-26T08:43:55","guid":{"rendered":"https:\/\/www.domaines-tatin.com\/produit\/les-demoiselles-tatin-reuilly-gris\/"},"modified":"2025-12-19T15:59:52","modified_gmt":"2025-12-19T14:59:52","slug":"les-demoiselles-tatin-reuilly-gris","status":"publish","type":"product","link":"https:\/\/www.domaines-tatin.com\/en\/produit\/les-demoiselles-tatin-reuilly-gris\/","title":{"rendered":"Gris Les Demoiselles Tatin"},"content":{"rendered":"<p><a href=\"http:\/\/www.domaines-tatin.com\/wp-content\/uploads\/2025\/04\/FT-REUILLY-GRIS-2023-anglais.pdf\" target=\"_blank\" rel=\"noopener\">&#8211; Download the wine tech sheet (PDF)<\/a><\/p>\n<p>&nbsp;<\/p>\n<p><strong>\ud83d\udcdd Wine tasting sheets<\/strong><\/p>\n<blockquote><p><em>\u00ab Light, bright peach and raspberry seed aromas lead to a palate of fresh redcurrant, stone fruit and savoury saline. \u00bb, <strong><span style=\"color: #ff6600;\">tasting comment at the Decanter World Wine Awards (87 points)<\/span><\/strong><\/em><\/p>\n<p><em>\u00ab Marmelade d&#8217;abricots et p\u00eaches, ce ros\u00e9 affiche un profil solaire \u00e0 l&#8217;olfaction, contrebalanc\u00e9 par une r\u00e9elle fra\u00eecheur en bouche, o\u00f9 il se montre ouvert et croquant. \u00bb, <strong><span style=\"color: #ff6600;\">tasting comment in Le Guide Hachette des vins 2025<\/span><\/strong><\/em><\/p><\/blockquote>\n<blockquote><p><em>A \u00ab ros\u00e9 typique de reuilly, nez aromatique, bouche puissante, intense, belle \u00e9quilibre \u00bb, according to the jury of the <span style=\"color: #ff6600;\"><strong>Concours G\u00e9n\u00e9ral Agricole de Paris 2023<\/strong><span style=\"color: #000000;\">.<\/span><\/span><\/em><\/p>\n<p><em>\u00ab A wine whose luminous and bright pale pink-yellow colour, offers a generous and delicate nose that mixes the smells of opulent white flowers (seringat, privet) with those of fruit (pear, peach) and soft spices.\u00a0 In the mouth, the entry is fresh, rich, fleshy and well-balanced, on delicate fruity aromas (gooseberry, grapefruit, cherry) that linger in a persistent, enjoyable and racy final. A very beautiful Reuilly ros\u00e9. \u00bb, <strong><span style=\"color: #ff6600;\">comment of the jury of the Concours des Ligers 2020<\/span><\/strong>.<\/em><\/p><\/blockquote>\n","protected":false},"excerpt":{"rendered":"<p><strong>(Price per bottle: sent in boxes of 6 bottles)<\/strong><\/p>\n<p>&nbsp;<\/p>\n<p>Better known in Alsace than in our central lands, <strong>Pinot Gris does however exist in Reuilly<\/strong>! It is classified in the ros\u00e9 colour section yet <strong>vinified like white wine<\/strong>! Its colour stems from the colour pigments (anthocyanins) contained in the skin of Pinot Gris berries (skin maceration). Famously known in the Berry, this astonishing Gris wine made of Pinot Gris will ravish you with its suppleness and finesse. Provided with <strong>fruity savours of peach, apricot, cherry<\/strong>&#8230; Pleasurable wine to discover on a hot summer day, at the aperitif and to try&#8230;with a Tarte Tatin!<\/p>\n<p><strong>\ud83c\udf7d\ufe0f Wine and food pairing<\/strong><\/p>\n<p>The Gris of Reuilly are the perfect match for the P\u00e2t\u00e9 de P\u00e2ques or a plate of charcuterie or a potato galette! If you seek more exotic adventures, dare to try the recipe of <a href=\"http:\/\/www.domaines-tatin.com\/wp-content\/uploads\/2021\/02\/Gambas-snacke\u0301es.pdf\" target=\"_blank\" rel=\"noopener noreferrer\">snack gambas<\/a>\u00a0with a ginger soya sauce.<\/p>\n<p><strong>\u23f3 Keep<\/strong><\/p>\n<p>It&#8217;s drinking life will carry on for 3 years. Although our wines do keep longer!<\/p>\n<blockquote><p><em>\ud83d\udc49 Psst, you&#8217;ll find more about the cuv\u00e9e, the terroir &amp; the vinification in our blog article <a href=\"https:\/\/www.domaines-tatin.com\/le-gris-de-reuilly\/\">Le Gris de Reuilly<\/a>.<\/em><\/p><\/blockquote>\n","protected":false},"featured_media":3156,"template":"","meta":{"_acf_changed":false},"product_brand":[],"product_cat":[84],"product_tag":[],"class_list":{"0":"post-4510","1":"product","2":"type-product","3":"status-publish","4":"has-post-thumbnail","6":"product_cat-aoc-reuilly-en","7":"pa_annee-2023-en","8":"pa_certification-terra-vitis","9":"pa_couleur-gris-en","10":"pa_medailles-1-star-in-the-guide-hachette","11":"pa_medailles-bronze-medal-in-the-decanter-world-wine-awards-competition","12":"pa_medailles-silver-medal-at-the-concours-des-ligers-du-salon-des-vins-de-loire","13":"pa_medailles-silver-medat-al-the-global-pinot-grigio-pinot-gris-masters","14":"pa_medailles-silver-medat-at-the-concours-general-agricole-de-paris","16":"first","17":"instock","18":"taxable","19":"shipping-taxable","20":"purchasable","21":"product-type-simple"},"acf":[],"yoast_head":"<!-- This site is optimized with the Yoast SEO plugin v27.4 - https:\/\/yoast.com\/product\/yoast-seo-wordpress\/ -->\n<title>Gris Les Demoiselles Tatin - Domaines Tatin<\/title>\n<meta name=\"description\" content=\"A gris wine of Reuilly, supple, delicate and fruity, made of 100% Pinot Gris grapes elaborated in line with Terra Vitis certification criteria!\" \/>\n<meta name=\"robots\" content=\"index, follow, max-snippet:-1, max-image-preview:large, max-video-preview:-1\" \/>\n<link rel=\"canonical\" href=\"https:\/\/www.domaines-tatin.com\/en\/produit\/les-demoiselles-tatin-reuilly-gris\/\" \/>\n<meta property=\"og:locale\" content=\"en_US\" \/>\n<meta property=\"og:type\" content=\"article\" \/>\n<meta property=\"og:title\" content=\"Gris Les Demoiselles Tatin - Domaines Tatin\" \/>\n<meta property=\"og:description\" content=\"A gris wine of Reuilly, supple, delicate and fruity, made of 100% Pinot Gris grapes elaborated in line with Terra Vitis certification criteria!\" \/>\n<meta property=\"og:url\" content=\"https:\/\/www.domaines-tatin.com\/en\/produit\/les-demoiselles-tatin-reuilly-gris\/\" \/>\n<meta property=\"og:site_name\" content=\"Domaines Tatin\" \/>\n<meta property=\"article:modified_time\" content=\"2025-12-19T14:59:52+00:00\" \/>\n<meta property=\"og:image\" content=\"https:\/\/www.domaines-tatin.com\/wp-content\/uploads\/2020\/11\/demoisellestatin-rose-scaled.jpg\" \/>\n\t<meta property=\"og:image:width\" content=\"806\" \/>\n\t<meta property=\"og:image:height\" content=\"2560\" \/>\n\t<meta property=\"og:image:type\" content=\"image\/jpeg\" \/>\n<meta name=\"twitter:card\" content=\"summary_large_image\" \/>\n<meta name=\"twitter:label1\" content=\"Est. reading time\" \/>\n\t<meta name=\"twitter:data1\" content=\"1 minute\" \/>\n<script type=\"application\/ld+json\" class=\"yoast-schema-graph\">{\"@context\":\"https:\\\/\\\/schema.org\",\"@graph\":[{\"@type\":\"WebPage\",\"@id\":\"https:\\\/\\\/www.domaines-tatin.com\\\/en\\\/produit\\\/les-demoiselles-tatin-reuilly-gris\\\/\",\"url\":\"https:\\\/\\\/www.domaines-tatin.com\\\/en\\\/produit\\\/les-demoiselles-tatin-reuilly-gris\\\/\",\"name\":\"Gris Les Demoiselles Tatin - Domaines Tatin\",\"isPartOf\":{\"@id\":\"https:\\\/\\\/www.domaines-tatin.com\\\/en\\\/#website\"},\"primaryImageOfPage\":{\"@id\":\"https:\\\/\\\/www.domaines-tatin.com\\\/en\\\/produit\\\/les-demoiselles-tatin-reuilly-gris\\\/#primaryimage\"},\"image\":{\"@id\":\"https:\\\/\\\/www.domaines-tatin.com\\\/en\\\/produit\\\/les-demoiselles-tatin-reuilly-gris\\\/#primaryimage\"},\"thumbnailUrl\":\"https:\\\/\\\/www.domaines-tatin.com\\\/wp-content\\\/uploads\\\/2020\\\/11\\\/demoisellestatin-rose-scaled.jpg\",\"datePublished\":\"2020-11-26T08:43:55+00:00\",\"dateModified\":\"2025-12-19T14:59:52+00:00\",\"description\":\"A gris wine of Reuilly, supple, delicate and fruity, made of 100% Pinot Gris grapes elaborated in line with Terra Vitis certification criteria!\",\"breadcrumb\":{\"@id\":\"https:\\\/\\\/www.domaines-tatin.com\\\/en\\\/produit\\\/les-demoiselles-tatin-reuilly-gris\\\/#breadcrumb\"},\"inLanguage\":\"en-US\",\"potentialAction\":[{\"@type\":\"ReadAction\",\"target\":[\"https:\\\/\\\/www.domaines-tatin.com\\\/en\\\/produit\\\/les-demoiselles-tatin-reuilly-gris\\\/\"]}]},{\"@type\":\"ImageObject\",\"inLanguage\":\"en-US\",\"@id\":\"https:\\\/\\\/www.domaines-tatin.com\\\/en\\\/produit\\\/les-demoiselles-tatin-reuilly-gris\\\/#primaryimage\",\"url\":\"https:\\\/\\\/www.domaines-tatin.com\\\/wp-content\\\/uploads\\\/2020\\\/11\\\/demoisellestatin-rose-scaled.jpg\",\"contentUrl\":\"https:\\\/\\\/www.domaines-tatin.com\\\/wp-content\\\/uploads\\\/2020\\\/11\\\/demoisellestatin-rose-scaled.jpg\",\"width\":806,\"height\":2560},{\"@type\":\"BreadcrumbList\",\"@id\":\"https:\\\/\\\/www.domaines-tatin.com\\\/en\\\/produit\\\/les-demoiselles-tatin-reuilly-gris\\\/#breadcrumb\",\"itemListElement\":[{\"@type\":\"ListItem\",\"position\":1,\"name\":\"Accueil\",\"item\":\"http:\\\/\\\/www.domaines-tatin.com\\\/en\\\/\"},{\"@type\":\"ListItem\",\"position\":2,\"name\":\"Shop\",\"item\":\"http:\\\/\\\/www.domaines-tatin.com\\\/en\\\/shop\\\/\"},{\"@type\":\"ListItem\",\"position\":3,\"name\":\"Gris Les Demoiselles Tatin\"}]},{\"@type\":\"WebSite\",\"@id\":\"https:\\\/\\\/www.domaines-tatin.com\\\/en\\\/#website\",\"url\":\"https:\\\/\\\/www.domaines-tatin.com\\\/en\\\/\",\"name\":\"Domaines Tatin\",\"description\":\"Vignerons r\u00e9coltants en AOC Quincy et AOC Reuilly\",\"publisher\":{\"@id\":\"https:\\\/\\\/www.domaines-tatin.com\\\/en\\\/#organization\"},\"potentialAction\":[{\"@type\":\"SearchAction\",\"target\":{\"@type\":\"EntryPoint\",\"urlTemplate\":\"https:\\\/\\\/www.domaines-tatin.com\\\/en\\\/?s={search_term_string}\"},\"query-input\":{\"@type\":\"PropertyValueSpecification\",\"valueRequired\":true,\"valueName\":\"search_term_string\"}}],\"inLanguage\":\"en-US\"},{\"@type\":\"Organization\",\"@id\":\"https:\\\/\\\/www.domaines-tatin.com\\\/en\\\/#organization\",\"name\":\"Domaines tatins\",\"url\":\"https:\\\/\\\/www.domaines-tatin.com\\\/en\\\/\",\"logo\":{\"@type\":\"ImageObject\",\"inLanguage\":\"en-US\",\"@id\":\"https:\\\/\\\/www.domaines-tatin.com\\\/en\\\/#\\\/schema\\\/logo\\\/image\\\/\",\"url\":\"https:\\\/\\\/www.domaines-tatin.com\\\/wp-content\\\/uploads\\\/2020\\\/07\\\/DemoisellesVerreTRansparent.png\",\"contentUrl\":\"https:\\\/\\\/www.domaines-tatin.com\\\/wp-content\\\/uploads\\\/2020\\\/07\\\/DemoisellesVerreTRansparent.png\",\"width\":709,\"height\":1012,\"caption\":\"Domaines tatins\"},\"image\":{\"@id\":\"https:\\\/\\\/www.domaines-tatin.com\\\/en\\\/#\\\/schema\\\/logo\\\/image\\\/\"}}]}<\/script>\n<!-- \/ Yoast SEO plugin. -->","yoast_head_json":{"title":"Gris Les Demoiselles Tatin - Domaines Tatin","description":"A gris wine of Reuilly, supple, delicate and fruity, made of 100% Pinot Gris grapes elaborated in line with Terra Vitis certification criteria!","robots":{"index":"index","follow":"follow","max-snippet":"max-snippet:-1","max-image-preview":"max-image-preview:large","max-video-preview":"max-video-preview:-1"},"canonical":"https:\/\/www.domaines-tatin.com\/en\/produit\/les-demoiselles-tatin-reuilly-gris\/","og_locale":"en_US","og_type":"article","og_title":"Gris Les Demoiselles Tatin - Domaines Tatin","og_description":"A gris wine of Reuilly, supple, delicate and fruity, made of 100% Pinot Gris grapes elaborated in line with Terra Vitis certification criteria!","og_url":"https:\/\/www.domaines-tatin.com\/en\/produit\/les-demoiselles-tatin-reuilly-gris\/","og_site_name":"Domaines Tatin","article_modified_time":"2025-12-19T14:59:52+00:00","og_image":[{"width":806,"height":2560,"url":"https:\/\/www.domaines-tatin.com\/wp-content\/uploads\/2020\/11\/demoisellestatin-rose-scaled.jpg","type":"image\/jpeg"}],"twitter_card":"summary_large_image","twitter_misc":{"Est. reading time":"1 minute"},"schema":{"@context":"https:\/\/schema.org","@graph":[{"@type":"WebPage","@id":"https:\/\/www.domaines-tatin.com\/en\/produit\/les-demoiselles-tatin-reuilly-gris\/","url":"https:\/\/www.domaines-tatin.com\/en\/produit\/les-demoiselles-tatin-reuilly-gris\/","name":"Gris Les Demoiselles Tatin - Domaines Tatin","isPartOf":{"@id":"https:\/\/www.domaines-tatin.com\/en\/#website"},"primaryImageOfPage":{"@id":"https:\/\/www.domaines-tatin.com\/en\/produit\/les-demoiselles-tatin-reuilly-gris\/#primaryimage"},"image":{"@id":"https:\/\/www.domaines-tatin.com\/en\/produit\/les-demoiselles-tatin-reuilly-gris\/#primaryimage"},"thumbnailUrl":"https:\/\/www.domaines-tatin.com\/wp-content\/uploads\/2020\/11\/demoisellestatin-rose-scaled.jpg","datePublished":"2020-11-26T08:43:55+00:00","dateModified":"2025-12-19T14:59:52+00:00","description":"A gris wine of Reuilly, supple, delicate and fruity, made of 100% Pinot Gris grapes elaborated in line with Terra Vitis certification criteria!","breadcrumb":{"@id":"https:\/\/www.domaines-tatin.com\/en\/produit\/les-demoiselles-tatin-reuilly-gris\/#breadcrumb"},"inLanguage":"en-US","potentialAction":[{"@type":"ReadAction","target":["https:\/\/www.domaines-tatin.com\/en\/produit\/les-demoiselles-tatin-reuilly-gris\/"]}]},{"@type":"ImageObject","inLanguage":"en-US","@id":"https:\/\/www.domaines-tatin.com\/en\/produit\/les-demoiselles-tatin-reuilly-gris\/#primaryimage","url":"https:\/\/www.domaines-tatin.com\/wp-content\/uploads\/2020\/11\/demoisellestatin-rose-scaled.jpg","contentUrl":"https:\/\/www.domaines-tatin.com\/wp-content\/uploads\/2020\/11\/demoisellestatin-rose-scaled.jpg","width":806,"height":2560},{"@type":"BreadcrumbList","@id":"https:\/\/www.domaines-tatin.com\/en\/produit\/les-demoiselles-tatin-reuilly-gris\/#breadcrumb","itemListElement":[{"@type":"ListItem","position":1,"name":"Accueil","item":"http:\/\/www.domaines-tatin.com\/en\/"},{"@type":"ListItem","position":2,"name":"Shop","item":"http:\/\/www.domaines-tatin.com\/en\/shop\/"},{"@type":"ListItem","position":3,"name":"Gris Les Demoiselles Tatin"}]},{"@type":"WebSite","@id":"https:\/\/www.domaines-tatin.com\/en\/#website","url":"https:\/\/www.domaines-tatin.com\/en\/","name":"Domaines Tatin","description":"Vignerons r\u00e9coltants en AOC Quincy et AOC Reuilly","publisher":{"@id":"https:\/\/www.domaines-tatin.com\/en\/#organization"},"potentialAction":[{"@type":"SearchAction","target":{"@type":"EntryPoint","urlTemplate":"https:\/\/www.domaines-tatin.com\/en\/?s={search_term_string}"},"query-input":{"@type":"PropertyValueSpecification","valueRequired":true,"valueName":"search_term_string"}}],"inLanguage":"en-US"},{"@type":"Organization","@id":"https:\/\/www.domaines-tatin.com\/en\/#organization","name":"Domaines tatins","url":"https:\/\/www.domaines-tatin.com\/en\/","logo":{"@type":"ImageObject","inLanguage":"en-US","@id":"https:\/\/www.domaines-tatin.com\/en\/#\/schema\/logo\/image\/","url":"https:\/\/www.domaines-tatin.com\/wp-content\/uploads\/2020\/07\/DemoisellesVerreTRansparent.png","contentUrl":"https:\/\/www.domaines-tatin.com\/wp-content\/uploads\/2020\/07\/DemoisellesVerreTRansparent.png","width":709,"height":1012,"caption":"Domaines tatins"},"image":{"@id":"https:\/\/www.domaines-tatin.com\/en\/#\/schema\/logo\/image\/"}}]}},"_links":{"self":[{"href":"https:\/\/www.domaines-tatin.com\/en\/wp-json\/wp\/v2\/product\/4510","targetHints":{"allow":["GET"]}}],"collection":[{"href":"https:\/\/www.domaines-tatin.com\/en\/wp-json\/wp\/v2\/product"}],"about":[{"href":"https:\/\/www.domaines-tatin.com\/en\/wp-json\/wp\/v2\/types\/product"}],"wp:featuredmedia":[{"embeddable":true,"href":"https:\/\/www.domaines-tatin.com\/en\/wp-json\/wp\/v2\/media\/3156"}],"wp:attachment":[{"href":"https:\/\/www.domaines-tatin.com\/en\/wp-json\/wp\/v2\/media?parent=4510"}],"wp:term":[{"taxonomy":"product_brand","embeddable":true,"href":"https:\/\/www.domaines-tatin.com\/en\/wp-json\/wp\/v2\/product_brand?post=4510"},{"taxonomy":"product_cat","embeddable":true,"href":"https:\/\/www.domaines-tatin.com\/en\/wp-json\/wp\/v2\/product_cat?post=4510"},{"taxonomy":"product_tag","embeddable":true,"href":"https:\/\/www.domaines-tatin.com\/en\/wp-json\/wp\/v2\/product_tag?post=4510"}],"curies":[{"name":"wp","href":"https:\/\/api.w.org\/{rel}","templated":true}]}}