{"id":3014,"date":"2020-11-26T09:45:40","date_gmt":"2020-11-26T08:45:40","guid":{"rendered":"https:\/\/www.domaines-tatin.com\/produit\/reuilly-rouge-les-demoiselles-tatin\/"},"modified":"2025-12-19T15:04:45","modified_gmt":"2025-12-19T14:04:45","slug":"reuilly-rouge-les-demoiselles-tatin","status":"publish","type":"product","link":"https:\/\/www.domaines-tatin.com\/en\/produit\/reuilly-rouge-les-demoiselles-tatin\/","title":{"rendered":"Red Les Demoiselles Tatin"},"content":{"rendered":"<p><a href=\"https:\/\/www.domaines-tatin.com\/wp-content\/uploads\/2024\/12\/FT-REUILLY-ROUGE-2023-anglais.pdf\" target=\"_blank\" rel=\"noopener noreferrer\">&#8211; Download the wine tech sheet (PDF)<\/a><\/p>\n<p>&nbsp;<\/p>\n<p><strong>\ud83d\udcdd Wine tasting notes<\/strong><\/p>\n<p>Carmine colour with pretty ocre reflections. A complex nose with notes of morello cherries and cherry pits, followed by fresh and spicy red fruit aromas. Although it leaves a global impression of freshness in the mouth, this wine is far from lacking roundness. In addition to the red fruit, the mouthfeel reveals spicy notes and an enjoyable peppery touch in particular. In the end, a salivating final that feels like bloody orange.<\/p>\n<blockquote><p><em>\u00ab The shiny red grenate colours with dark reflections opens up to an intense nose which associates scents of flowers to those of red fruit (raspberry) and gets richer with nuances of caramel sweeties. The supple attack of the mouth offers a fleshy matter, complexity, a well-balanced freshness as well as aromas of fruit (cherries) and toasted flavours that envelop melted tannins, then persist in a greedy finish. Beautiful red Reuilly<\/em><em>. \u00bb, <span style=\"color: #ff6600;\"><strong>tasteing comment at the Concours des Ligers 2025 (Silver Liger, vintage 2023)<\/strong><\/span><\/em><\/p>\n<p><em>\u00ab D&#8217;une expression r\u00e9serv\u00e9e au premier abord, jouant dans le classique et la subtilit\u00e9, l&#8217;olfaction \u00e9voque la framboise et la myrtille. La bouche se montre onctueuse, velout\u00e9e, d&#8217;un bon volume, soutenue en finesse par des tanins souples. \u00bb <strong><span style=\"color: #ff6600;\">(Le Guide Hachette des Vins 2024)<\/span><\/strong><\/em><\/p><\/blockquote>\n","protected":false},"excerpt":{"rendered":"<p><strong>\u00a0(Price per bottle: sent in boxes of 6 bottles)<\/strong><\/p>\n<p>&nbsp;<\/p>\n<p>This beautiful selection of <strong>Pinot Noir<\/strong> planted on a terroir of clay gravels in Preuilly and on kimmeridgian marl (clay and limestone) at the Coignons gives <strong>fresh, fleshy, round and balanced wines<\/strong>. Cherries, raspberries on a spicy and cocoa bouquet mark this nice aromatic pallet.<\/p>\n<p><strong>\ud83c\udf7d\ufe0f Wine and food pairing<\/strong><\/p>\n<p>Particularly savoury at the aperitif with charcuteries and pata negra ham! You will also enjoy it with roasted poultry or grilled red mullets. And the must, for a festive supper, is veal sweetbread (the famous French &#8216;Cr\u00e9pinettes de ris de veau&#8217;) with oyster mushrooms. To go with pork ribs with apples and Cayenne pepper, recommends an American customer!<\/p>\n<p><strong>\u23f3 Keep<\/strong><\/p>\n<p>To enjoy within 2 to 10 years.<\/p>\n","protected":false},"featured_media":2581,"template":"","meta":{"_acf_changed":false},"product_brand":[],"product_cat":[84],"product_tag":[],"class_list":{"0":"post-3014","1":"product","2":"type-product","3":"status-publish","4":"has-post-thumbnail","6":"product_cat-aoc-reuilly-en","7":"pa_annee-2024-en","8":"pa_certification-terra-vitis","9":"pa_couleur-red","10":"pa_medailles-1-star-in-the-guide-hachette","11":"pa_medailles-gold-liger-at-the-concours-des-ligers-of-the-loire-valley-wine-fair","12":"pa_medailles-silver-medal-at-the-concours-des-ligers-du-salon-des-vins-de-loire","13":"pa_medailles-silver-medat-at-the-concours-general-agricole-de-paris","15":"first","16":"instock","17":"taxable","18":"shipping-taxable","19":"purchasable","20":"product-type-simple"},"acf":[],"yoast_head":"<!-- This site is optimized with the Yoast SEO plugin v27.5 - https:\/\/yoast.com\/product\/yoast-seo-wordpress\/ -->\n<title>Red Les Demoiselles Tatin - Domaines Tatin<\/title>\n<meta name=\"description\" content=\"A fresh, fruity and spicy red Loire wine made of 100% Pinot Noir grapes harvested by hand and elaborated in line with Terra Vitis certification criteria!\" \/>\n<meta name=\"robots\" content=\"index, follow, max-snippet:-1, max-image-preview:large, max-video-preview:-1\" \/>\n<link rel=\"canonical\" href=\"https:\/\/www.domaines-tatin.com\/en\/produit\/reuilly-rouge-les-demoiselles-tatin\/\" \/>\n<meta property=\"og:locale\" content=\"en_US\" \/>\n<meta property=\"og:type\" content=\"article\" \/>\n<meta property=\"og:title\" content=\"Red Les Demoiselles Tatin - Domaines Tatin\" \/>\n<meta property=\"og:description\" content=\"A fresh, fruity and spicy red Loire wine made of 100% Pinot Noir grapes harvested by hand and elaborated in line with Terra Vitis certification criteria!\" \/>\n<meta property=\"og:url\" content=\"https:\/\/www.domaines-tatin.com\/en\/produit\/reuilly-rouge-les-demoiselles-tatin\/\" \/>\n<meta property=\"og:site_name\" content=\"Domaines Tatin\" \/>\n<meta property=\"article:modified_time\" content=\"2025-12-19T14:04:45+00:00\" \/>\n<meta property=\"og:image\" content=\"https:\/\/www.domaines-tatin.com\/wp-content\/uploads\/2021\/01\/demoisellestatin-rouge-1-scaled.jpg\" \/>\n\t<meta property=\"og:image:width\" content=\"806\" \/>\n\t<meta property=\"og:image:height\" content=\"2560\" \/>\n\t<meta property=\"og:image:type\" content=\"image\/jpeg\" \/>\n<meta name=\"twitter:card\" content=\"summary_large_image\" \/>\n<meta name=\"twitter:label1\" content=\"Est. reading time\" \/>\n\t<meta name=\"twitter:data1\" content=\"1 minute\" \/>\n<script type=\"application\/ld+json\" class=\"yoast-schema-graph\">{\"@context\":\"https:\\\/\\\/schema.org\",\"@graph\":[{\"@type\":\"WebPage\",\"@id\":\"https:\\\/\\\/www.domaines-tatin.com\\\/en\\\/produit\\\/reuilly-rouge-les-demoiselles-tatin\\\/\",\"url\":\"https:\\\/\\\/www.domaines-tatin.com\\\/en\\\/produit\\\/reuilly-rouge-les-demoiselles-tatin\\\/\",\"name\":\"Red Les Demoiselles Tatin - Domaines Tatin\",\"isPartOf\":{\"@id\":\"https:\\\/\\\/www.domaines-tatin.com\\\/en\\\/#website\"},\"primaryImageOfPage\":{\"@id\":\"https:\\\/\\\/www.domaines-tatin.com\\\/en\\\/produit\\\/reuilly-rouge-les-demoiselles-tatin\\\/#primaryimage\"},\"image\":{\"@id\":\"https:\\\/\\\/www.domaines-tatin.com\\\/en\\\/produit\\\/reuilly-rouge-les-demoiselles-tatin\\\/#primaryimage\"},\"thumbnailUrl\":\"https:\\\/\\\/www.domaines-tatin.com\\\/wp-content\\\/uploads\\\/2021\\\/01\\\/demoisellestatin-rouge-1-scaled.jpg\",\"datePublished\":\"2020-11-26T08:45:40+00:00\",\"dateModified\":\"2025-12-19T14:04:45+00:00\",\"description\":\"A fresh, fruity and spicy red Loire wine made of 100% Pinot Noir grapes harvested by hand and elaborated in line with Terra Vitis certification criteria!\",\"breadcrumb\":{\"@id\":\"https:\\\/\\\/www.domaines-tatin.com\\\/en\\\/produit\\\/reuilly-rouge-les-demoiselles-tatin\\\/#breadcrumb\"},\"inLanguage\":\"en-US\",\"potentialAction\":[{\"@type\":\"ReadAction\",\"target\":[\"https:\\\/\\\/www.domaines-tatin.com\\\/en\\\/produit\\\/reuilly-rouge-les-demoiselles-tatin\\\/\"]}]},{\"@type\":\"ImageObject\",\"inLanguage\":\"en-US\",\"@id\":\"https:\\\/\\\/www.domaines-tatin.com\\\/en\\\/produit\\\/reuilly-rouge-les-demoiselles-tatin\\\/#primaryimage\",\"url\":\"https:\\\/\\\/www.domaines-tatin.com\\\/wp-content\\\/uploads\\\/2021\\\/01\\\/demoisellestatin-rouge-1-scaled.jpg\",\"contentUrl\":\"https:\\\/\\\/www.domaines-tatin.com\\\/wp-content\\\/uploads\\\/2021\\\/01\\\/demoisellestatin-rouge-1-scaled.jpg\",\"width\":806,\"height\":2560},{\"@type\":\"BreadcrumbList\",\"@id\":\"https:\\\/\\\/www.domaines-tatin.com\\\/en\\\/produit\\\/reuilly-rouge-les-demoiselles-tatin\\\/#breadcrumb\",\"itemListElement\":[{\"@type\":\"ListItem\",\"position\":1,\"name\":\"Accueil\",\"item\":\"http:\\\/\\\/www.domaines-tatin.com\\\/en\\\/\"},{\"@type\":\"ListItem\",\"position\":2,\"name\":\"Shop\",\"item\":\"http:\\\/\\\/www.domaines-tatin.com\\\/en\\\/shop\\\/\"},{\"@type\":\"ListItem\",\"position\":3,\"name\":\"Red Les Demoiselles Tatin\"}]},{\"@type\":\"WebSite\",\"@id\":\"https:\\\/\\\/www.domaines-tatin.com\\\/en\\\/#website\",\"url\":\"https:\\\/\\\/www.domaines-tatin.com\\\/en\\\/\",\"name\":\"Domaines Tatin\",\"description\":\"Vignerons r\u00e9coltants en AOC Quincy et AOC Reuilly\",\"publisher\":{\"@id\":\"https:\\\/\\\/www.domaines-tatin.com\\\/en\\\/#organization\"},\"potentialAction\":[{\"@type\":\"SearchAction\",\"target\":{\"@type\":\"EntryPoint\",\"urlTemplate\":\"https:\\\/\\\/www.domaines-tatin.com\\\/en\\\/?s={search_term_string}\"},\"query-input\":{\"@type\":\"PropertyValueSpecification\",\"valueRequired\":true,\"valueName\":\"search_term_string\"}}],\"inLanguage\":\"en-US\"},{\"@type\":\"Organization\",\"@id\":\"https:\\\/\\\/www.domaines-tatin.com\\\/en\\\/#organization\",\"name\":\"Domaines tatins\",\"url\":\"https:\\\/\\\/www.domaines-tatin.com\\\/en\\\/\",\"logo\":{\"@type\":\"ImageObject\",\"inLanguage\":\"en-US\",\"@id\":\"https:\\\/\\\/www.domaines-tatin.com\\\/en\\\/#\\\/schema\\\/logo\\\/image\\\/\",\"url\":\"https:\\\/\\\/www.domaines-tatin.com\\\/wp-content\\\/uploads\\\/2020\\\/07\\\/DemoisellesVerreTRansparent.png\",\"contentUrl\":\"https:\\\/\\\/www.domaines-tatin.com\\\/wp-content\\\/uploads\\\/2020\\\/07\\\/DemoisellesVerreTRansparent.png\",\"width\":709,\"height\":1012,\"caption\":\"Domaines tatins\"},\"image\":{\"@id\":\"https:\\\/\\\/www.domaines-tatin.com\\\/en\\\/#\\\/schema\\\/logo\\\/image\\\/\"}}]}<\/script>\n<!-- \/ Yoast SEO plugin. -->","yoast_head_json":{"title":"Red Les Demoiselles Tatin - Domaines Tatin","description":"A fresh, fruity and spicy red Loire wine made of 100% Pinot Noir grapes harvested by hand and elaborated in line with Terra Vitis certification criteria!","robots":{"index":"index","follow":"follow","max-snippet":"max-snippet:-1","max-image-preview":"max-image-preview:large","max-video-preview":"max-video-preview:-1"},"canonical":"https:\/\/www.domaines-tatin.com\/en\/produit\/reuilly-rouge-les-demoiselles-tatin\/","og_locale":"en_US","og_type":"article","og_title":"Red Les Demoiselles Tatin - Domaines Tatin","og_description":"A fresh, fruity and spicy red Loire wine made of 100% Pinot Noir grapes harvested by hand and elaborated in line with Terra Vitis certification criteria!","og_url":"https:\/\/www.domaines-tatin.com\/en\/produit\/reuilly-rouge-les-demoiselles-tatin\/","og_site_name":"Domaines Tatin","article_modified_time":"2025-12-19T14:04:45+00:00","og_image":[{"width":806,"height":2560,"url":"https:\/\/www.domaines-tatin.com\/wp-content\/uploads\/2021\/01\/demoisellestatin-rouge-1-scaled.jpg","type":"image\/jpeg"}],"twitter_card":"summary_large_image","twitter_misc":{"Est. reading time":"1 minute"},"schema":{"@context":"https:\/\/schema.org","@graph":[{"@type":"WebPage","@id":"https:\/\/www.domaines-tatin.com\/en\/produit\/reuilly-rouge-les-demoiselles-tatin\/","url":"https:\/\/www.domaines-tatin.com\/en\/produit\/reuilly-rouge-les-demoiselles-tatin\/","name":"Red Les Demoiselles Tatin - Domaines Tatin","isPartOf":{"@id":"https:\/\/www.domaines-tatin.com\/en\/#website"},"primaryImageOfPage":{"@id":"https:\/\/www.domaines-tatin.com\/en\/produit\/reuilly-rouge-les-demoiselles-tatin\/#primaryimage"},"image":{"@id":"https:\/\/www.domaines-tatin.com\/en\/produit\/reuilly-rouge-les-demoiselles-tatin\/#primaryimage"},"thumbnailUrl":"https:\/\/www.domaines-tatin.com\/wp-content\/uploads\/2021\/01\/demoisellestatin-rouge-1-scaled.jpg","datePublished":"2020-11-26T08:45:40+00:00","dateModified":"2025-12-19T14:04:45+00:00","description":"A fresh, fruity and spicy red Loire wine made of 100% Pinot Noir grapes harvested by hand and elaborated in line with Terra Vitis certification criteria!","breadcrumb":{"@id":"https:\/\/www.domaines-tatin.com\/en\/produit\/reuilly-rouge-les-demoiselles-tatin\/#breadcrumb"},"inLanguage":"en-US","potentialAction":[{"@type":"ReadAction","target":["https:\/\/www.domaines-tatin.com\/en\/produit\/reuilly-rouge-les-demoiselles-tatin\/"]}]},{"@type":"ImageObject","inLanguage":"en-US","@id":"https:\/\/www.domaines-tatin.com\/en\/produit\/reuilly-rouge-les-demoiselles-tatin\/#primaryimage","url":"https:\/\/www.domaines-tatin.com\/wp-content\/uploads\/2021\/01\/demoisellestatin-rouge-1-scaled.jpg","contentUrl":"https:\/\/www.domaines-tatin.com\/wp-content\/uploads\/2021\/01\/demoisellestatin-rouge-1-scaled.jpg","width":806,"height":2560},{"@type":"BreadcrumbList","@id":"https:\/\/www.domaines-tatin.com\/en\/produit\/reuilly-rouge-les-demoiselles-tatin\/#breadcrumb","itemListElement":[{"@type":"ListItem","position":1,"name":"Accueil","item":"http:\/\/www.domaines-tatin.com\/en\/"},{"@type":"ListItem","position":2,"name":"Shop","item":"http:\/\/www.domaines-tatin.com\/en\/shop\/"},{"@type":"ListItem","position":3,"name":"Red Les Demoiselles Tatin"}]},{"@type":"WebSite","@id":"https:\/\/www.domaines-tatin.com\/en\/#website","url":"https:\/\/www.domaines-tatin.com\/en\/","name":"Domaines Tatin","description":"Vignerons r\u00e9coltants en AOC Quincy et AOC Reuilly","publisher":{"@id":"https:\/\/www.domaines-tatin.com\/en\/#organization"},"potentialAction":[{"@type":"SearchAction","target":{"@type":"EntryPoint","urlTemplate":"https:\/\/www.domaines-tatin.com\/en\/?s={search_term_string}"},"query-input":{"@type":"PropertyValueSpecification","valueRequired":true,"valueName":"search_term_string"}}],"inLanguage":"en-US"},{"@type":"Organization","@id":"https:\/\/www.domaines-tatin.com\/en\/#organization","name":"Domaines tatins","url":"https:\/\/www.domaines-tatin.com\/en\/","logo":{"@type":"ImageObject","inLanguage":"en-US","@id":"https:\/\/www.domaines-tatin.com\/en\/#\/schema\/logo\/image\/","url":"https:\/\/www.domaines-tatin.com\/wp-content\/uploads\/2020\/07\/DemoisellesVerreTRansparent.png","contentUrl":"https:\/\/www.domaines-tatin.com\/wp-content\/uploads\/2020\/07\/DemoisellesVerreTRansparent.png","width":709,"height":1012,"caption":"Domaines tatins"},"image":{"@id":"https:\/\/www.domaines-tatin.com\/en\/#\/schema\/logo\/image\/"}}]}},"_links":{"self":[{"href":"https:\/\/www.domaines-tatin.com\/en\/wp-json\/wp\/v2\/product\/3014","targetHints":{"allow":["GET"]}}],"collection":[{"href":"https:\/\/www.domaines-tatin.com\/en\/wp-json\/wp\/v2\/product"}],"about":[{"href":"https:\/\/www.domaines-tatin.com\/en\/wp-json\/wp\/v2\/types\/product"}],"wp:featuredmedia":[{"embeddable":true,"href":"https:\/\/www.domaines-tatin.com\/en\/wp-json\/wp\/v2\/media\/2581"}],"wp:attachment":[{"href":"https:\/\/www.domaines-tatin.com\/en\/wp-json\/wp\/v2\/media?parent=3014"}],"wp:term":[{"taxonomy":"product_brand","embeddable":true,"href":"https:\/\/www.domaines-tatin.com\/en\/wp-json\/wp\/v2\/product_brand?post=3014"},{"taxonomy":"product_cat","embeddable":true,"href":"https:\/\/www.domaines-tatin.com\/en\/wp-json\/wp\/v2\/product_cat?post=3014"},{"taxonomy":"product_tag","embeddable":true,"href":"https:\/\/www.domaines-tatin.com\/en\/wp-json\/wp\/v2\/product_tag?post=3014"}],"curies":[{"name":"wp","href":"https:\/\/api.w.org\/{rel}","templated":true}]}}