{"id":3281,"date":"2021-02-04T13:37:22","date_gmt":"2021-02-04T12:37:22","guid":{"rendered":"https:\/\/www.domaines-tatin.com\/wines\/they-talk-about-us\/"},"modified":"2023-02-09T17:13:42","modified_gmt":"2023-02-09T16:13:42","slug":"they-talk-about-us","status":"publish","type":"page","link":"https:\/\/www.domaines-tatin.com\/en\/wines\/they-talk-about-us\/","title":{"rendered":"They are talking about us"},"content":{"rendered":"\t\t<div data-elementor-type=\"wp-page\" data-elementor-id=\"3281\" class=\"elementor elementor-3281 elementor-1531\" data-elementor-post-type=\"page\">\n\t\t\t\t\t\t<section class=\"elementor-section elementor-top-section elementor-element elementor-element-f7d30bb elementor-section-boxed elementor-section-height-default elementor-section-height-default parallax_section_no qode_elementor_container_no\" data-id=\"f7d30bb\" data-element_type=\"section\" data-e-type=\"section\">\n\t\t\t\t\t\t<div class=\"elementor-container elementor-column-gap-default\">\n\t\t\t\t\t<div class=\"elementor-column elementor-col-100 elementor-top-column elementor-element elementor-element-bbf46bb\" data-id=\"bbf46bb\" data-element_type=\"column\" data-e-type=\"column\">\n\t\t\t<div class=\"elementor-widget-wrap elementor-element-populated\">\n\t\t\t\t\t\t<div class=\"elementor-element elementor-element-1ca9a8a elementor-widget elementor-widget-text-editor\" data-id=\"1ca9a8a\" data-element_type=\"widget\" data-e-type=\"widget\" data-widget_type=\"text-editor.default\">\n\t\t\t\t<div class=\"elementor-widget-container\">\n\t\t\t\t\t\t\t\t\t<h3>A few articles about us:<\/h3>\t\t\t\t\t\t\t\t<\/div>\n\t\t\t\t<\/div>\n\t\t\t\t<div class=\"elementor-element elementor-element-eec88d1 elementor-widget elementor-widget-text-editor\" data-id=\"eec88d1\" data-element_type=\"widget\" data-e-type=\"widget\" data-widget_type=\"text-editor.default\">\n\t\t\t\t<div class=\"elementor-widget-container\">\n\t\t\t\t\t\t\t\t\t<p><div class=\"dflip-books\"><div class=\"_df_thumb \" id=\"df_8633\"  _slug=\"8633\" data-title=\"brochure-2026\" wpoptions=\"true\" thumb=\"https:\/\/www.domaines-tatin.com\/wp-content\/uploads\/2026\/04\/brochure26loup-scaled.jpg\" thumbtype=\"\" >Brochure 2026<\/div><script class=\"df-shortcode-script\" nowprocket type=\"application\/javascript\">window.option_df_8633 = {\"outline\":[],\"autoEnableOutline\":\"false\",\"autoEnableThumbnail\":\"false\",\"overwritePDFOutline\":\"false\",\"direction\":\"1\",\"pageSize\":\"0\",\"source\":\"https:\\\/\\\/www.domaines-tatin.com\\\/wp-content\\\/uploads\\\/2026\\\/04\\\/depliantTatin_2026_light.pdf\",\"wpOptions\":\"true\"}; if(window.DFLIP && window.DFLIP.parseBooks){window.DFLIP.parseBooks();}<\/script><div class=\"_df_thumb \" id=\"df_8226\"  _slug=\"les-eleves-du-lycee-agricole-decouvrent-le-vin-et-le-cirque-la-nouvelle-republique-11-octobre-2025\" data-title=\"les-eleves-du-lycee-agricole-decouvrent-le-vin-et-le-cirque-la-nouvelle-republique-11-octobre-2025\" wpoptions=\"true\" thumb=\"https:\/\/www.domaines-tatin.com\/wp-content\/uploads\/2025\/10\/article-akoreacro-scaled.jpg\" thumbtype=\"\" >Les \u00e9l\u00e8ves du Lyc\u00e9e agricole d\u00e9couvrent le vin et le cirque, La Nouvelle R\u00e9publique, 11 octobre 2025<\/div><script class=\"df-shortcode-script\" nowprocket type=\"application\/javascript\">window.option_df_8226 = {\"outline\":[],\"autoEnableOutline\":\"false\",\"autoEnableThumbnail\":\"false\",\"overwritePDFOutline\":\"false\",\"direction\":\"1\",\"pageSize\":\"0\",\"source\":\"https:\\\/\\\/www.domaines-tatin.com\\\/wp-content\\\/uploads\\\/2025\\\/10\\\/article-akoreacro.pdf\",\"wpOptions\":\"true\"}; if(window.DFLIP && window.DFLIP.parseBooks){window.DFLIP.parseBooks();}<\/script><div class=\"_df_thumb \" id=\"df_8218\"  _slug=\"plongee-dans-2000-ans-dhistoire-du-vignoble-de-quincy-avec-le-vigneron-jean-tatin-le-berry-republicain-10-aout-2025\" data-title=\"plongee-dans-2000-ans-dhistoire-du-vignoble-de-quincy-avec-le-vigneron-jean-tatin-le-berry-republicain-10-aout-2025\" wpoptions=\"true\" thumb=\"https:\/\/www.domaines-tatin.com\/wp-content\/uploads\/2025\/10\/jardin-labyrinthe.jpg\" thumbtype=\"\" >Plong\u00e9e dans 2000 ans d&#8217;histoire du vignoble de Quincy avec le vigneron Jean Tatin, Le Berry R\u00e9publicain, 10 ao\u00fbt 2025<\/div><script class=\"df-shortcode-script\" nowprocket type=\"application\/javascript\">window.option_df_8218 = {\"outline\":[],\"autoEnableOutline\":\"false\",\"autoEnableThumbnail\":\"false\",\"overwritePDFOutline\":\"false\",\"direction\":\"1\",\"pageSize\":\"0\",\"source\":\"https:\\\/\\\/www.domaines-tatin.com\\\/wp-content\\\/uploads\\\/2025\\\/10\\\/2025-08-10-www.leberry.fr-10-aout-2025-50000000373252481.pdf\",\"wpOptions\":\"true\"}; if(window.DFLIP && window.DFLIP.parseBooks){window.DFLIP.parseBooks();}<\/script><div class=\"_df_thumb \" id=\"df_7913\"  _slug=\"7913\" data-title=\"ne-dans-le-beaujolais-le-label-terra-vitis-rigoureux-et-contraignant-seduit-les-vignerons-du-cher-le-berry-republicain-06-06-25-pp-1-3\" wpoptions=\"true\" thumb=\"https:\/\/www.domaines-tatin.com\/wp-content\/uploads\/2025\/06\/article-terra-vitis-le-berry-republicain-cover.jpg\" thumbtype=\"\" >N\u00e9 dans le Beaujolais, le label Terra Vitis, &#8220;rigoureux et contraignant&#8221;, s\u00e9duit les vignerons du Cher, Le Berry R\u00e9publicain, 06\/06\/25, pp.1-3<\/div><script class=\"df-shortcode-script\" nowprocket type=\"application\/javascript\">window.option_df_7913 = {\"outline\":[],\"autoEnableOutline\":\"false\",\"autoEnableThumbnail\":\"false\",\"overwritePDFOutline\":\"false\",\"direction\":\"1\",\"pageSize\":\"0\",\"source\":\"https:\\\/\\\/www.domaines-tatin.com\\\/wp-content\\\/uploads\\\/2025\\\/06\\\/article-terra-vitis-le-berry-republicain.pdf\",\"wpOptions\":\"true\"}; if(window.DFLIP && window.DFLIP.parseBooks){window.DFLIP.parseBooks();}<\/script><div class=\"_df_thumb \" id=\"df_7458\"  _slug=\"brochure-2025\" data-title=\"brochure-2025\" wpoptions=\"true\" thumb=\"https:\/\/www.domaines-tatin.com\/wp-content\/uploads\/2025\/01\/brochure25chevreuil-scaled.jpg\" thumbtype=\"\" >Brochure 2025<\/div><script class=\"df-shortcode-script\" nowprocket type=\"application\/javascript\">window.option_df_7458 = {\"outline\":[],\"autoEnableOutline\":\"false\",\"autoEnableThumbnail\":\"false\",\"overwritePDFOutline\":\"false\",\"direction\":\"1\",\"pageSize\":\"0\",\"source\":\"https:\\\/\\\/www.domaines-tatin.com\\\/wp-content\\\/uploads\\\/2025\\\/01\\\/depliantTatin_2025_M.pdf\",\"wpOptions\":\"true\"}; if(window.DFLIP && window.DFLIP.parseBooks){window.DFLIP.parseBooks();}<\/script><div class=\"_df_thumb \" id=\"df_7344\"  _slug=\"les-vendanges-dans-les-vignobles-du-berry-le-berry-republicain-05-10-2024-pages-1-3\" data-title=\"les-vendanges-dans-les-vignobles-du-berry-le-berry-republicain-05-10-2024-pages-1-3\" wpoptions=\"true\" thumb=\"https:\/\/www.domaines-tatin.com\/wp-content\/uploads\/2025\/01\/marie-france-berry-republicain.jpg\" thumbtype=\"\" >Les vendanges dans les vignobles du Berry, Le Berry R\u00e9publicain, 05\/10\/2024 pages 1-3<\/div><script class=\"df-shortcode-script\" nowprocket type=\"application\/javascript\">window.option_df_7344 = {\"outline\":[],\"autoEnableOutline\":\"false\",\"autoEnableThumbnail\":\"false\",\"overwritePDFOutline\":\"false\",\"direction\":\"1\",\"pageSize\":\"0\",\"source\":\"https:\\\/\\\/www.domaines-tatin.com\\\/wp-content\\\/uploads\\\/2025\\\/01\\\/Page1BR0510_merged.pdf\",\"wpOptions\":\"true\"}; if(window.DFLIP && window.DFLIP.parseBooks){window.DFLIP.parseBooks();}<\/script><div class=\"_df_thumb \" id=\"df_6487\"  _slug=\"brochure-2024\" data-title=\"brochure-2024\" wpoptions=\"true\" thumb=\"https:\/\/www.domaines-tatin.com\/wp-content\/uploads\/2024\/01\/brochure24-scaled.jpg\" thumbtype=\"\" >Brochure 2024<\/div><script class=\"df-shortcode-script\" nowprocket type=\"application\/javascript\">window.option_df_6487 = {\"outline\":[],\"autoEnableOutline\":\"false\",\"autoEnableThumbnail\":\"false\",\"overwritePDFOutline\":\"false\",\"direction\":\"1\",\"pageSize\":\"0\",\"source\":\"https:\\\/\\\/www.domaines-tatin.com\\\/wp-content\\\/uploads\\\/2024\\\/01\\\/depliantTatin_2024_web.pdf\",\"wpOptions\":\"true\"}; if(window.DFLIP && window.DFLIP.parseBooks){window.DFLIP.parseBooks();}<\/script><div class=\"_df_thumb \" id=\"df_6231\"  _slug=\"revue-de-presse\" data-title=\"revue-de-presse\" wpoptions=\"true\" thumb=\"https:\/\/www.domaines-tatin.com\/wp-content\/uploads\/2023\/09\/press-review-cover.jpg\" thumbtype=\"\" >Revue de presse<\/div><script class=\"df-shortcode-script\" nowprocket type=\"application\/javascript\">window.option_df_6231 = {\"outline\":[],\"autoEnableOutline\":\"false\",\"autoEnableThumbnail\":\"false\",\"overwritePDFOutline\":\"false\",\"direction\":\"1\",\"pageSize\":\"0\",\"source\":\"https:\\\/\\\/www.domaines-tatin.com\\\/wp-content\\\/uploads\\\/2025\\\/06\\\/Press-review-revue-de-presse.pdf\",\"wpOptions\":\"true\"}; if(window.DFLIP && window.DFLIP.parseBooks){window.DFLIP.parseBooks();}<\/script><div class=\"_df_thumb \" id=\"df_3540\"  _slug=\"quincy-elabore-un-guide-de-pilotage-des-tours-antigel\" data-title=\"quincy-elabore-un-guide-de-pilotage-des-tours-antigel\" wpoptions=\"true\" thumb=\"https:\/\/www.domaines-tatin.com\/wp-content\/uploads\/2021\/03\/reussir-vignes-1.png\" thumbtype=\"\" >Quincy \u00e9labore un guide de pilotage des tours antigel<\/div><script class=\"df-shortcode-script\" nowprocket type=\"application\/javascript\">window.option_df_3540 = {\"outline\":[],\"autoEnableOutline\":\"false\",\"autoEnableThumbnail\":\"false\",\"overwritePDFOutline\":\"false\",\"direction\":\"1\",\"pageSize\":\"0\",\"source\":\"https:\\\/\\\/www.domaines-tatin.com\\\/wp-content\\\/uploads\\\/2021\\\/03\\\/Domaines-Tatin-2021-03-02-REUSSIR-VIGNE-Mars-2021-10000000060670641.pdf\",\"wpOptions\":\"true\"}; if(window.DFLIP && window.DFLIP.parseBooks){window.DFLIP.parseBooks();}<\/script><div class=\"_df_thumb \" id=\"df_2689\"  _slug=\"quincy-et-reuilly-les-aoc-fausses-jumelles-2-le-point\" data-title=\"quincy-et-reuilly-les-aoc-fausses-jumelles-2-le-point\" wpoptions=\"true\" thumb=\"https:\/\/www.domaines-tatin.com\/wp-content\/uploads\/2021\/01\/onpdns.png\" thumbtype=\"\" >Quincy et Reuilly, les AOC fausses jumelles #2 &#8211; Le Point<\/div><script class=\"df-shortcode-script\" nowprocket type=\"application\/javascript\">window.option_df_2689 = {\"outline\":[],\"autoEnableOutline\":\"false\",\"autoEnableThumbnail\":\"false\",\"overwritePDFOutline\":\"false\",\"direction\":\"1\",\"pageSize\":\"0\",\"source\":\"https:\\\/\\\/www.domaines-tatin.com\\\/wp-content\\\/uploads\\\/2021\\\/01\\\/Quincy-et-Reuilly-les-AOC-fausses-jumelles-2-Le-Point.pdf\",\"wpOptions\":\"true\"}; if(window.DFLIP && window.DFLIP.parseBooks){window.DFLIP.parseBooks();}<\/script><div class=\"_df_thumb \" id=\"df_2685\"  _slug=\"quincy-et-reuilly-les-aoc-fausses-jumelles-1-le-point\" data-title=\"quincy-et-reuilly-les-aoc-fausses-jumelles-1-le-point\" wpoptions=\"true\" thumb=\"https:\/\/www.domaines-tatin.com\/wp-content\/uploads\/2021\/01\/onpdnsb.png\" thumbtype=\"\" >Quincy et Reuilly, les AOC fausses jumelles #1 &#8211; Le Point<\/div><script class=\"df-shortcode-script\" nowprocket type=\"application\/javascript\">window.option_df_2685 = {\"outline\":[],\"autoEnableOutline\":\"false\",\"autoEnableThumbnail\":\"false\",\"overwritePDFOutline\":\"false\",\"direction\":\"1\",\"pageSize\":\"0\",\"source\":\"https:\\\/\\\/www.domaines-tatin.com\\\/wp-content\\\/uploads\\\/2021\\\/01\\\/Quincy-et-Reuilly-les-AOC-fausses-jumelles-1-Le-Point.pdf\",\"wpOptions\":\"true\"}; if(window.DFLIP && window.DFLIP.parseBooks){window.DFLIP.parseBooks();}<\/script><div class=\"_df_thumb \" id=\"df_2681\"  _slug=\"quincy-_-a-louest-toujours-du-nouveau-avec-les-domaines-tatin\" data-title=\"quincy-a-louest-toujours-du-nouveau-avec-les-domaines-tatin\" wpoptions=\"true\" thumb=\"https:\/\/www.domaines-tatin.com\/wp-content\/uploads\/2021\/01\/onpdnsc.png\" thumbtype=\"\" >Quincy : a\u0300 l\u2019ouest, toujours du nouveau avec les domaines Tatin<\/div><script class=\"df-shortcode-script\" nowprocket type=\"application\/javascript\">window.option_df_2681 = {\"outline\":[],\"autoEnableOutline\":\"false\",\"autoEnableThumbnail\":\"false\",\"overwritePDFOutline\":\"false\",\"direction\":\"1\",\"pageSize\":\"0\",\"source\":\"https:\\\/\\\/www.domaines-tatin.com\\\/wp-content\\\/uploads\\\/2021\\\/01\\\/Quincy-_-a\\u0300-louest-toujours-du-nouveau-avec-les-domaines-Tatin.pdf\",\"wpOptions\":\"true\"}; if(window.DFLIP && window.DFLIP.parseBooks){window.DFLIP.parseBooks();}<\/script><div class=\"_df_thumb \" id=\"df_2675\"  _slug=\"presse-cuisine-et-vin-de-france-9\" data-title=\"cuisine-et-vins-de-france\" wpoptions=\"true\" thumb=\"https:\/\/www.domaines-tatin.com\/wp-content\/uploads\/2021\/01\/onpdnsd.png\" thumbtype=\"\" >Cuisine et Vins de France<\/div><script class=\"df-shortcode-script\" nowprocket type=\"application\/javascript\">window.option_df_2675 = {\"outline\":[],\"autoEnableOutline\":\"false\",\"autoEnableThumbnail\":\"false\",\"overwritePDFOutline\":\"false\",\"direction\":\"1\",\"pageSize\":\"0\",\"source\":\"https:\\\/\\\/www.domaines-tatin.com\\\/wp-content\\\/uploads\\\/2021\\\/01\\\/presse-cuisine-et-vin-de-france-19.pdf\",\"wpOptions\":\"true\"}; if(window.DFLIP && window.DFLIP.parseBooks){window.DFLIP.parseBooks();}<\/script><div class=\"_df_thumb \" id=\"df_2671\"  _slug=\"pas-a-pas-2-000-ans-de-sauvignon\" data-title=\"pas-a-pas-2-000-ans-de-sauvignon\" wpoptions=\"true\" thumb=\"https:\/\/www.domaines-tatin.com\/wp-content\/uploads\/2021\/01\/onpdnse.png\" thumbtype=\"\" >Pas a\u0300 Pas, 2 000 ans de Sauvignon<\/div><script class=\"df-shortcode-script\" nowprocket type=\"application\/javascript\">window.option_df_2671 = {\"outline\":[],\"autoEnableOutline\":\"false\",\"autoEnableThumbnail\":\"false\",\"overwritePDFOutline\":\"false\",\"direction\":\"1\",\"pageSize\":\"0\",\"source\":\"https:\\\/\\\/www.domaines-tatin.com\\\/wp-content\\\/uploads\\\/2021\\\/01\\\/Pas-a\\u0300-Pas-2-000-ans-de-Sauvignon.pdf\",\"wpOptions\":\"true\"}; if(window.DFLIP && window.DFLIP.parseBooks){window.DFLIP.parseBooks();}<\/script><div class=\"_df_thumb \" id=\"df_2663\"  _slug=\"moisson-de-distinctions-pour-les-domaines-tatin-au-salon-des-vins-de-loire\" data-title=\"moisson-de-distinctions-pour-les-domaines-tatin-au-salon-des-vins-de-loire\" wpoptions=\"true\" thumb=\"https:\/\/www.domaines-tatin.com\/wp-content\/uploads\/2021\/01\/onpdnsf.png\" thumbtype=\"\" >Moisson de distinctions pour les domaines Tatin au Salon des vins de Loire<\/div><script class=\"df-shortcode-script\" nowprocket type=\"application\/javascript\">window.option_df_2663 = {\"outline\":[],\"autoEnableOutline\":\"false\",\"autoEnableThumbnail\":\"false\",\"overwritePDFOutline\":\"false\",\"direction\":\"1\",\"pageSize\":\"0\",\"source\":\"https:\\\/\\\/www.domaines-tatin.com\\\/wp-content\\\/uploads\\\/2021\\\/01\\\/Moisson-de-distinctions-pour-les-domaines-Tatin-au-Salon-des-vins-de-Loire.pdf\",\"wpOptions\":\"true\"}; if(window.DFLIP && window.DFLIP.parseBooks){window.DFLIP.parseBooks();}<\/script><\/div><\/p>\n\t\t\t\t\t\t\t\t<\/div>\n\t\t\t\t<\/div>\n\t\t\t\t\t<\/div>\n\t\t<\/div>\n\t\t\t\t\t<\/div>\n\t\t<\/section>\n\t\t\t\t<\/div>\n\t\t","protected":false},"excerpt":{"rendered":"<p>A few articles about us:<\/p>\n","protected":false},"author":2111,"featured_media":0,"parent":3010,"menu_order":0,"comment_status":"closed","ping_status":"closed","template":"full_width-nowed.php","meta":{"_acf_changed":false,"footnotes":""},"class_list":["post-3281","page","type-page","status-publish","hentry"],"acf":[],"yoast_head":"<!-- This site is optimized with the Yoast SEO plugin v27.4 - https:\/\/yoast.com\/product\/yoast-seo-wordpress\/ -->\n<title>They are talking about us - Domaines Tatin<\/title>\n<meta name=\"robots\" content=\"index, follow, max-snippet:-1, max-image-preview:large, max-video-preview:-1\" \/>\n<link rel=\"canonical\" href=\"https:\/\/www.domaines-tatin.com\/en\/wines\/they-talk-about-us\/\" \/>\n<meta property=\"og:locale\" content=\"en_US\" \/>\n<meta property=\"og:type\" content=\"article\" \/>\n<meta property=\"og:title\" content=\"They are talking about us - Domaines Tatin\" \/>\n<meta property=\"og:description\" content=\"A few articles about us:\" \/>\n<meta property=\"og:url\" content=\"https:\/\/www.domaines-tatin.com\/en\/wines\/they-talk-about-us\/\" \/>\n<meta property=\"og:site_name\" content=\"Domaines Tatin\" \/>\n<meta property=\"article:modified_time\" content=\"2023-02-09T16:13:42+00:00\" \/>\n<meta property=\"og:image\" content=\"https:\/\/www.domaines-tatin.com\/wp-content\/uploads\/2021\/03\/chrysope.jpg\" \/>\n\t<meta property=\"og:image:width\" content=\"231\" \/>\n\t<meta property=\"og:image:height\" content=\"218\" \/>\n\t<meta property=\"og:image:type\" content=\"image\/jpeg\" \/>\n<meta name=\"twitter:card\" content=\"summary_large_image\" \/>\n<meta name=\"twitter:label1\" content=\"Est. reading time\" \/>\n\t<meta name=\"twitter:data1\" content=\"1 minute\" \/>\n<script type=\"application\/ld+json\" class=\"yoast-schema-graph\">{\"@context\":\"https:\\\/\\\/schema.org\",\"@graph\":[{\"@type\":\"WebPage\",\"@id\":\"https:\\\/\\\/www.domaines-tatin.com\\\/en\\\/wines\\\/they-talk-about-us\\\/\",\"url\":\"https:\\\/\\\/www.domaines-tatin.com\\\/en\\\/wines\\\/they-talk-about-us\\\/\",\"name\":\"They are talking about us - Domaines Tatin\",\"isPartOf\":{\"@id\":\"https:\\\/\\\/www.domaines-tatin.com\\\/en\\\/#website\"},\"datePublished\":\"2021-02-04T12:37:22+00:00\",\"dateModified\":\"2023-02-09T16:13:42+00:00\",\"breadcrumb\":{\"@id\":\"https:\\\/\\\/www.domaines-tatin.com\\\/en\\\/wines\\\/they-talk-about-us\\\/#breadcrumb\"},\"inLanguage\":\"en-US\",\"potentialAction\":[{\"@type\":\"ReadAction\",\"target\":[\"https:\\\/\\\/www.domaines-tatin.com\\\/en\\\/wines\\\/they-talk-about-us\\\/\"]}]},{\"@type\":\"BreadcrumbList\",\"@id\":\"https:\\\/\\\/www.domaines-tatin.com\\\/en\\\/wines\\\/they-talk-about-us\\\/#breadcrumb\",\"itemListElement\":[{\"@type\":\"ListItem\",\"position\":1,\"name\":\"Accueil\",\"item\":\"http:\\\/\\\/www.domaines-tatin.com\\\/en\\\/\"},{\"@type\":\"ListItem\",\"position\":2,\"name\":\"Wines\",\"item\":\"https:\\\/\\\/www.domaines-tatin.com\\\/en\\\/wines\\\/\"},{\"@type\":\"ListItem\",\"position\":3,\"name\":\"They are talking about us\"}]},{\"@type\":\"WebSite\",\"@id\":\"https:\\\/\\\/www.domaines-tatin.com\\\/en\\\/#website\",\"url\":\"https:\\\/\\\/www.domaines-tatin.com\\\/en\\\/\",\"name\":\"Domaines Tatin\",\"description\":\"Vignerons r\u00e9coltants en AOC Quincy et AOC Reuilly\",\"publisher\":{\"@id\":\"https:\\\/\\\/www.domaines-tatin.com\\\/en\\\/#organization\"},\"potentialAction\":[{\"@type\":\"SearchAction\",\"target\":{\"@type\":\"EntryPoint\",\"urlTemplate\":\"https:\\\/\\\/www.domaines-tatin.com\\\/en\\\/?s={search_term_string}\"},\"query-input\":{\"@type\":\"PropertyValueSpecification\",\"valueRequired\":true,\"valueName\":\"search_term_string\"}}],\"inLanguage\":\"en-US\"},{\"@type\":\"Organization\",\"@id\":\"https:\\\/\\\/www.domaines-tatin.com\\\/en\\\/#organization\",\"name\":\"Domaines tatins\",\"url\":\"https:\\\/\\\/www.domaines-tatin.com\\\/en\\\/\",\"logo\":{\"@type\":\"ImageObject\",\"inLanguage\":\"en-US\",\"@id\":\"https:\\\/\\\/www.domaines-tatin.com\\\/en\\\/#\\\/schema\\\/logo\\\/image\\\/\",\"url\":\"https:\\\/\\\/www.domaines-tatin.com\\\/wp-content\\\/uploads\\\/2020\\\/07\\\/DemoisellesVerreTRansparent.png\",\"contentUrl\":\"https:\\\/\\\/www.domaines-tatin.com\\\/wp-content\\\/uploads\\\/2020\\\/07\\\/DemoisellesVerreTRansparent.png\",\"width\":709,\"height\":1012,\"caption\":\"Domaines tatins\"},\"image\":{\"@id\":\"https:\\\/\\\/www.domaines-tatin.com\\\/en\\\/#\\\/schema\\\/logo\\\/image\\\/\"}}]}<\/script>\n<!-- \/ Yoast SEO plugin. -->","yoast_head_json":{"title":"They are talking about us - Domaines Tatin","robots":{"index":"index","follow":"follow","max-snippet":"max-snippet:-1","max-image-preview":"max-image-preview:large","max-video-preview":"max-video-preview:-1"},"canonical":"https:\/\/www.domaines-tatin.com\/en\/wines\/they-talk-about-us\/","og_locale":"en_US","og_type":"article","og_title":"They are talking about us - Domaines Tatin","og_description":"A few articles about us:","og_url":"https:\/\/www.domaines-tatin.com\/en\/wines\/they-talk-about-us\/","og_site_name":"Domaines Tatin","article_modified_time":"2023-02-09T16:13:42+00:00","og_image":[{"width":231,"height":218,"url":"https:\/\/www.domaines-tatin.com\/wp-content\/uploads\/2021\/03\/chrysope.jpg","type":"image\/jpeg"}],"twitter_card":"summary_large_image","twitter_misc":{"Est. reading time":"1 minute"},"schema":{"@context":"https:\/\/schema.org","@graph":[{"@type":"WebPage","@id":"https:\/\/www.domaines-tatin.com\/en\/wines\/they-talk-about-us\/","url":"https:\/\/www.domaines-tatin.com\/en\/wines\/they-talk-about-us\/","name":"They are talking about us - Domaines Tatin","isPartOf":{"@id":"https:\/\/www.domaines-tatin.com\/en\/#website"},"datePublished":"2021-02-04T12:37:22+00:00","dateModified":"2023-02-09T16:13:42+00:00","breadcrumb":{"@id":"https:\/\/www.domaines-tatin.com\/en\/wines\/they-talk-about-us\/#breadcrumb"},"inLanguage":"en-US","potentialAction":[{"@type":"ReadAction","target":["https:\/\/www.domaines-tatin.com\/en\/wines\/they-talk-about-us\/"]}]},{"@type":"BreadcrumbList","@id":"https:\/\/www.domaines-tatin.com\/en\/wines\/they-talk-about-us\/#breadcrumb","itemListElement":[{"@type":"ListItem","position":1,"name":"Accueil","item":"http:\/\/www.domaines-tatin.com\/en\/"},{"@type":"ListItem","position":2,"name":"Wines","item":"https:\/\/www.domaines-tatin.com\/en\/wines\/"},{"@type":"ListItem","position":3,"name":"They are talking about us"}]},{"@type":"WebSite","@id":"https:\/\/www.domaines-tatin.com\/en\/#website","url":"https:\/\/www.domaines-tatin.com\/en\/","name":"Domaines Tatin","description":"Vignerons r\u00e9coltants en AOC Quincy et AOC Reuilly","publisher":{"@id":"https:\/\/www.domaines-tatin.com\/en\/#organization"},"potentialAction":[{"@type":"SearchAction","target":{"@type":"EntryPoint","urlTemplate":"https:\/\/www.domaines-tatin.com\/en\/?s={search_term_string}"},"query-input":{"@type":"PropertyValueSpecification","valueRequired":true,"valueName":"search_term_string"}}],"inLanguage":"en-US"},{"@type":"Organization","@id":"https:\/\/www.domaines-tatin.com\/en\/#organization","name":"Domaines tatins","url":"https:\/\/www.domaines-tatin.com\/en\/","logo":{"@type":"ImageObject","inLanguage":"en-US","@id":"https:\/\/www.domaines-tatin.com\/en\/#\/schema\/logo\/image\/","url":"https:\/\/www.domaines-tatin.com\/wp-content\/uploads\/2020\/07\/DemoisellesVerreTRansparent.png","contentUrl":"https:\/\/www.domaines-tatin.com\/wp-content\/uploads\/2020\/07\/DemoisellesVerreTRansparent.png","width":709,"height":1012,"caption":"Domaines tatins"},"image":{"@id":"https:\/\/www.domaines-tatin.com\/en\/#\/schema\/logo\/image\/"}}]}},"_links":{"self":[{"href":"https:\/\/www.domaines-tatin.com\/en\/wp-json\/wp\/v2\/pages\/3281","targetHints":{"allow":["GET"]}}],"collection":[{"href":"https:\/\/www.domaines-tatin.com\/en\/wp-json\/wp\/v2\/pages"}],"about":[{"href":"https:\/\/www.domaines-tatin.com\/en\/wp-json\/wp\/v2\/types\/page"}],"author":[{"embeddable":true,"href":"https:\/\/www.domaines-tatin.com\/en\/wp-json\/wp\/v2\/users\/2111"}],"replies":[{"embeddable":true,"href":"https:\/\/www.domaines-tatin.com\/en\/wp-json\/wp\/v2\/comments?post=3281"}],"version-history":[{"count":2,"href":"https:\/\/www.domaines-tatin.com\/en\/wp-json\/wp\/v2\/pages\/3281\/revisions"}],"predecessor-version":[{"id":4911,"href":"https:\/\/www.domaines-tatin.com\/en\/wp-json\/wp\/v2\/pages\/3281\/revisions\/4911"}],"up":[{"embeddable":true,"href":"https:\/\/www.domaines-tatin.com\/en\/wp-json\/wp\/v2\/pages\/3010"}],"wp:attachment":[{"href":"https:\/\/www.domaines-tatin.com\/en\/wp-json\/wp\/v2\/media?parent=3281"}],"curies":[{"name":"wp","href":"https:\/\/api.w.org\/{rel}","templated":true}]}}