{"id":2993,"date":"2021-02-03T14:58:04","date_gmt":"2021-02-03T13:58:04","guid":{"rendered":"https:\/\/www.domaines-tatin.com\/privacy-policy\/"},"modified":"2021-02-03T14:58:05","modified_gmt":"2021-02-03T13:58:05","slug":"privacy-policy","status":"publish","type":"page","link":"https:\/\/www.domaines-tatin.com\/en\/privacy-policy\/","title":{"rendered":"Privacy Policy"},"content":{"rendered":"\t\t<div data-elementor-type=\"wp-page\" data-elementor-id=\"2993\" class=\"elementor elementor-2993 elementor-3\" data-elementor-post-type=\"page\">\n\t\t\t\t\t\t<section class=\"elementor-section elementor-top-section elementor-element elementor-element-23de794 elementor-section-boxed elementor-section-height-default elementor-section-height-default parallax_section_no qode_elementor_container_no\" data-id=\"23de794\" data-element_type=\"section\" data-e-type=\"section\">\n\t\t\t\t\t\t<div class=\"elementor-container elementor-column-gap-default\">\n\t\t\t\t\t<div class=\"elementor-column elementor-col-100 elementor-top-column elementor-element elementor-element-1a02a259\" data-id=\"1a02a259\" data-element_type=\"column\" data-e-type=\"column\">\n\t\t\t<div class=\"elementor-widget-wrap elementor-element-populated\">\n\t\t\t\t\t\t<div class=\"elementor-element elementor-element-4f256bb6 elementor-widget elementor-widget-text-editor\" data-id=\"4f256bb6\" data-element_type=\"widget\" data-e-type=\"widget\" data-widget_type=\"text-editor.default\">\n\t\t\t\t<div class=\"elementor-widget-container\">\n\t\t\t\t\t\t\t\t\t<p>Les Domaines Tatin s\u2019engage \u00e0 prot\u00e9ger les donn\u00e9es personnelles vous concernant et prend les moyens n\u00e9cessaires \u00e0 la s\u00e9curit\u00e9 de ces donn\u00e9es. Cette page d\u00e9crit la fa\u00e7on dont nous utilisons les informations personnelles des internautes et comment nous les prot\u00e9geons.<\/p>\n<p>\u00a0<\/p>\n<p>\u00a0<\/p>\n<h3>Nature des donn\u00e9es collect\u00e9es<\/h3>\n<p>Afin de pouvoir qualifier la demande des ses futurs clients ,pouvoir les recontacter et honorer les commandes, Les Domaines Tatin est amen\u00e9e \u00e0 collecter des informations personnelles au travers de formulaires pr\u00e9sents sur le site domaines-tatin.com.<br \/>Les donn\u00e9es collect\u00e9es, avec l\u2019autorisation des visiteurs du site seront donc :<\/p>\n<p>\u00a0<\/p>\n<p><strong>Pour les commandes: <\/strong><\/p>\n<p>Nom<br \/>Pr\u00e9nom<br \/>Num\u00e9ro de t\u00e9l\u00e9phone<br \/>Adresse postale<br \/>Adresse de livraison<br \/>Adresse email <br \/>Produits command\u00e9s <\/p>\n<p><strong>Pour le formulaire de contact:<\/strong><\/p>\n<p>Nom\u00a0<\/p>\n<p>Pr\u00e9nom<\/p>\n<p>Email<\/p>\n<p>Sujet\u00a0<\/p>\n<p>Message<\/p>\n<h3>Cookies<\/h3>\n<p>Ce site utilise des cookies afin d\u2019am\u00e9liorer votre exp\u00e9rience et optimiser nos services. Un cookie est un petit fichier de texte transf\u00e9r\u00e9 \u00e0 partir d\u2019un site web vers votre ordinateur lorsque vous visitez un site web. Si votre navigateur web est configur\u00e9 pour accepter les cookies, ils seront stock\u00e9s jusqu\u2019\u00e0 ce que la date d\u2019expiration soit d\u00e9pass\u00e9e ou jusqu\u2019\u00e0 ce que vous supprimez les cookies vous-m\u00eame.\u00a0<\/p>\n<p><strong>Cookies strictement n\u00e9cessaires\/fonctionnels:<\/strong><\/p>\n<p>L\u2019utilisation de ce type de Cookies est indispensable au bon fonctionnement de notre site. Ces Cookies peuvent s\u2019av\u00e9rer n\u00e9cessaires pour vous permettre de vous d\u00e9placer sur notre site et d\u2019utiliser nos services. Ces cookies ne peuvent pas \u00eatre d\u00e9sactiv\u00e9s.<\/p>\n<p>\u00a0<\/p>\n<p><strong>Cookies de performance et statistiques: <\/strong><\/p>\n<p>L\u2019utilisation de ce type de Cookies nous permet de savoir le nombre d&#8217;utilisateurs qui visitent notre site, et leur comportement (Google Analytics). Google Analytics est un service d\u2019analyse en ligne propos\u00e9 par Google, Inc.. Le site utilise \u00e9galement des cookies li\u00e9s aux r\u00e9seaux sociaux\u00a0 et aux vid\u00e9os(exemple Facebook , Youtube). <\/p>\n<p>Conform\u00e9ment \u00e0 la RGPD (r\u00e8glement g\u00e9n\u00e9ral sur la protection des donn\u00e9es) votre accord est demand\u00e9 pour l\u2019utilisation des cookies non indispensable.<\/p>\n<p>\u00a0<\/p>\n<p>\u00a0<\/p>\n<h3>Utilisation des informations personnelles des prospects et clients.<\/h3>\n<p>Les informations r\u00e9colt\u00e9es par ce site ont pour but de qualifier le besoin du visiteur. Une fois ces informations r\u00e9colt\u00e9es, Les Domaines Tatin analysera la demande et recontactera le prospect afin de lui proposer une offre ad\u00e9quate, ou le cas \u00e9ch\u00e9ant, d\u2019obtenir des informations compl\u00e9mentaires ou honorer sa commande.<\/p>\n<p>\u00a0<\/p>\n<p>\u00a0<\/p>\n<h3>S\u00e9curit\u00e9 et protection de vos informations et r\u00e9tention des donn\u00e9es<\/h3>\n<p>Les Domaines Tatin et son h\u00e9bergeur mettent en place tous les moyens n\u00e9cessaires \u00e0 la protection des donn\u00e9es collect\u00e9es (firewall, certificat SSL).<\/p>\n<p>\u00a0<\/p>\n<p>\u00a0<\/p>\n<h3>Divulgation \u00e0 des tiers<\/h3>\n<p>Les Domaines Tatin s\u2019engage \u00e0 ne jamais divulguer vos informations personnelles \u00e0 des entreprises tiers, sauf demande explicite de votre part. Les Domaines Tatin utilise toutefois divers outils de statistiques (google analytics) , votre accord est toutefois demand\u00e9 avant collecte.<\/p>\n<p>\u00a0<\/p>\n<p>\u00a0<\/p>\n<h3>Consultation, modification ou suppression des donn\u00e9es collect\u00e9es<\/h3>\n<p>Conform\u00e9ment \u00e0 la loi informatique et Libert\u00e9s du 6 janvier 1978, vous disposez d\u2019un droit d\u2019acc\u00e8s et de rectification aux donn\u00e9es vous concernant . Pour toute demande de suppression de donn\u00e9es vous concernant, veuillez faire parvenir une demande \u00e0 Les Domaines Tatin, via :<\/p>\n<p>\u00a0<\/p>\n<p><strong>Voie postale :<\/strong> Les Domaines Tatin, Le Tremblay, 18120 Brinay FRANCE<\/p>\n<p>\u00a0<\/p>\n<p><strong>Ou par email \u00a0\u00a0 \u00a0<\/strong><\/p>\n\t\t\t\t\t\t\t\t<\/div>\n\t\t\t\t<\/div>\n\t\t\t\t\t<\/div>\n\t\t<\/div>\n\t\t\t\t\t<\/div>\n\t\t<\/section>\n\t\t\t\t<section class=\"elementor-section elementor-top-section elementor-element elementor-element-d79f81e elementor-section-boxed elementor-section-height-default elementor-section-height-default parallax_section_no qode_elementor_container_no\" data-id=\"d79f81e\" data-element_type=\"section\" data-e-type=\"section\">\n\t\t\t\t\t\t<div class=\"elementor-container elementor-column-gap-default\">\n\t\t\t\t\t<div class=\"elementor-column elementor-col-100 elementor-top-column elementor-element elementor-element-d3f6aa3\" data-id=\"d3f6aa3\" data-element_type=\"column\" data-e-type=\"column\">\n\t\t\t<div class=\"elementor-widget-wrap\">\n\t\t\t\t\t\t\t<\/div>\n\t\t<\/div>\n\t\t\t\t\t<\/div>\n\t\t<\/section>\n\t\t\t\t<\/div>\n\t\t","protected":false},"excerpt":{"rendered":"<p>Les Domaines Tatin s\u2019engage \u00e0 prot\u00e9ger les donn\u00e9es personnelles vous concernant et prend les moyens n\u00e9cessaires \u00e0 la s\u00e9curit\u00e9 de ces donn\u00e9es. Cette page d\u00e9crit&#8230;<\/p>\n","protected":false},"author":2111,"featured_media":0,"parent":0,"menu_order":0,"comment_status":"closed","ping_status":"open","template":"","meta":{"_acf_changed":false,"footnotes":""},"class_list":["post-2993","page","type-page","status-publish","hentry"],"acf":[],"yoast_head":"<!-- This site is optimized with the Yoast SEO plugin v27.5 - https:\/\/yoast.com\/product\/yoast-seo-wordpress\/ -->\n<title>Privacy Policy - Domaines Tatin<\/title>\n<meta name=\"robots\" content=\"index, follow, max-snippet:-1, max-image-preview:large, max-video-preview:-1\" \/>\n<link rel=\"canonical\" href=\"https:\/\/www.domaines-tatin.com\/en\/privacy-policy\/\" \/>\n<meta property=\"og:locale\" content=\"en_US\" \/>\n<meta property=\"og:type\" content=\"article\" \/>\n<meta property=\"og:title\" content=\"Privacy Policy - Domaines Tatin\" \/>\n<meta property=\"og:description\" content=\"Les Domaines Tatin s\u2019engage \u00e0 prot\u00e9ger les donn\u00e9es personnelles vous concernant et prend les moyens n\u00e9cessaires \u00e0 la s\u00e9curit\u00e9 de ces donn\u00e9es. Cette page d\u00e9crit...\" \/>\n<meta property=\"og:url\" content=\"https:\/\/www.domaines-tatin.com\/en\/privacy-policy\/\" \/>\n<meta property=\"og:site_name\" content=\"Domaines Tatin\" \/>\n<meta property=\"article:modified_time\" content=\"2021-02-03T13:58:05+00:00\" \/>\n<meta property=\"og:image\" content=\"https:\/\/www.domaines-tatin.com\/wp-content\/uploads\/2021\/03\/chrysope.jpg\" \/>\n\t<meta property=\"og:image:width\" content=\"231\" \/>\n\t<meta property=\"og:image:height\" content=\"218\" \/>\n\t<meta property=\"og:image:type\" content=\"image\/jpeg\" \/>\n<meta name=\"twitter:card\" content=\"summary_large_image\" \/>\n<meta name=\"twitter:label1\" content=\"Est. reading time\" \/>\n\t<meta name=\"twitter:data1\" content=\"3 minutes\" \/>\n<script type=\"application\/ld+json\" class=\"yoast-schema-graph\">{\"@context\":\"https:\\\/\\\/schema.org\",\"@graph\":[{\"@type\":\"WebPage\",\"@id\":\"https:\\\/\\\/www.domaines-tatin.com\\\/en\\\/privacy-policy\\\/\",\"url\":\"https:\\\/\\\/www.domaines-tatin.com\\\/en\\\/privacy-policy\\\/\",\"name\":\"Privacy Policy - Domaines Tatin\",\"isPartOf\":{\"@id\":\"https:\\\/\\\/www.domaines-tatin.com\\\/en\\\/#website\"},\"datePublished\":\"2021-02-03T13:58:04+00:00\",\"dateModified\":\"2021-02-03T13:58:05+00:00\",\"breadcrumb\":{\"@id\":\"https:\\\/\\\/www.domaines-tatin.com\\\/en\\\/privacy-policy\\\/#breadcrumb\"},\"inLanguage\":\"en-US\",\"potentialAction\":[{\"@type\":\"ReadAction\",\"target\":[\"https:\\\/\\\/www.domaines-tatin.com\\\/en\\\/privacy-policy\\\/\"]}]},{\"@type\":\"BreadcrumbList\",\"@id\":\"https:\\\/\\\/www.domaines-tatin.com\\\/en\\\/privacy-policy\\\/#breadcrumb\",\"itemListElement\":[{\"@type\":\"ListItem\",\"position\":1,\"name\":\"Accueil\",\"item\":\"http:\\\/\\\/www.domaines-tatin.com\\\/en\\\/\"},{\"@type\":\"ListItem\",\"position\":2,\"name\":\"Privacy Policy\"}]},{\"@type\":\"WebSite\",\"@id\":\"https:\\\/\\\/www.domaines-tatin.com\\\/en\\\/#website\",\"url\":\"https:\\\/\\\/www.domaines-tatin.com\\\/en\\\/\",\"name\":\"Domaines Tatin\",\"description\":\"Vignerons r\u00e9coltants en AOC Quincy et AOC Reuilly\",\"publisher\":{\"@id\":\"https:\\\/\\\/www.domaines-tatin.com\\\/en\\\/#organization\"},\"potentialAction\":[{\"@type\":\"SearchAction\",\"target\":{\"@type\":\"EntryPoint\",\"urlTemplate\":\"https:\\\/\\\/www.domaines-tatin.com\\\/en\\\/?s={search_term_string}\"},\"query-input\":{\"@type\":\"PropertyValueSpecification\",\"valueRequired\":true,\"valueName\":\"search_term_string\"}}],\"inLanguage\":\"en-US\"},{\"@type\":\"Organization\",\"@id\":\"https:\\\/\\\/www.domaines-tatin.com\\\/en\\\/#organization\",\"name\":\"Domaines tatins\",\"url\":\"https:\\\/\\\/www.domaines-tatin.com\\\/en\\\/\",\"logo\":{\"@type\":\"ImageObject\",\"inLanguage\":\"en-US\",\"@id\":\"https:\\\/\\\/www.domaines-tatin.com\\\/en\\\/#\\\/schema\\\/logo\\\/image\\\/\",\"url\":\"https:\\\/\\\/www.domaines-tatin.com\\\/wp-content\\\/uploads\\\/2020\\\/07\\\/DemoisellesVerreTRansparent.png\",\"contentUrl\":\"https:\\\/\\\/www.domaines-tatin.com\\\/wp-content\\\/uploads\\\/2020\\\/07\\\/DemoisellesVerreTRansparent.png\",\"width\":709,\"height\":1012,\"caption\":\"Domaines tatins\"},\"image\":{\"@id\":\"https:\\\/\\\/www.domaines-tatin.com\\\/en\\\/#\\\/schema\\\/logo\\\/image\\\/\"}}]}<\/script>\n<!-- \/ Yoast SEO plugin. -->","yoast_head_json":{"title":"Privacy Policy - Domaines Tatin","robots":{"index":"index","follow":"follow","max-snippet":"max-snippet:-1","max-image-preview":"max-image-preview:large","max-video-preview":"max-video-preview:-1"},"canonical":"https:\/\/www.domaines-tatin.com\/en\/privacy-policy\/","og_locale":"en_US","og_type":"article","og_title":"Privacy Policy - Domaines Tatin","og_description":"Les Domaines Tatin s\u2019engage \u00e0 prot\u00e9ger les donn\u00e9es personnelles vous concernant et prend les moyens n\u00e9cessaires \u00e0 la s\u00e9curit\u00e9 de ces donn\u00e9es. Cette page d\u00e9crit...","og_url":"https:\/\/www.domaines-tatin.com\/en\/privacy-policy\/","og_site_name":"Domaines Tatin","article_modified_time":"2021-02-03T13:58:05+00:00","og_image":[{"width":231,"height":218,"url":"https:\/\/www.domaines-tatin.com\/wp-content\/uploads\/2021\/03\/chrysope.jpg","type":"image\/jpeg"}],"twitter_card":"summary_large_image","twitter_misc":{"Est. reading time":"3 minutes"},"schema":{"@context":"https:\/\/schema.org","@graph":[{"@type":"WebPage","@id":"https:\/\/www.domaines-tatin.com\/en\/privacy-policy\/","url":"https:\/\/www.domaines-tatin.com\/en\/privacy-policy\/","name":"Privacy Policy - Domaines Tatin","isPartOf":{"@id":"https:\/\/www.domaines-tatin.com\/en\/#website"},"datePublished":"2021-02-03T13:58:04+00:00","dateModified":"2021-02-03T13:58:05+00:00","breadcrumb":{"@id":"https:\/\/www.domaines-tatin.com\/en\/privacy-policy\/#breadcrumb"},"inLanguage":"en-US","potentialAction":[{"@type":"ReadAction","target":["https:\/\/www.domaines-tatin.com\/en\/privacy-policy\/"]}]},{"@type":"BreadcrumbList","@id":"https:\/\/www.domaines-tatin.com\/en\/privacy-policy\/#breadcrumb","itemListElement":[{"@type":"ListItem","position":1,"name":"Accueil","item":"http:\/\/www.domaines-tatin.com\/en\/"},{"@type":"ListItem","position":2,"name":"Privacy Policy"}]},{"@type":"WebSite","@id":"https:\/\/www.domaines-tatin.com\/en\/#website","url":"https:\/\/www.domaines-tatin.com\/en\/","name":"Domaines Tatin","description":"Vignerons r\u00e9coltants en AOC Quincy et AOC Reuilly","publisher":{"@id":"https:\/\/www.domaines-tatin.com\/en\/#organization"},"potentialAction":[{"@type":"SearchAction","target":{"@type":"EntryPoint","urlTemplate":"https:\/\/www.domaines-tatin.com\/en\/?s={search_term_string}"},"query-input":{"@type":"PropertyValueSpecification","valueRequired":true,"valueName":"search_term_string"}}],"inLanguage":"en-US"},{"@type":"Organization","@id":"https:\/\/www.domaines-tatin.com\/en\/#organization","name":"Domaines tatins","url":"https:\/\/www.domaines-tatin.com\/en\/","logo":{"@type":"ImageObject","inLanguage":"en-US","@id":"https:\/\/www.domaines-tatin.com\/en\/#\/schema\/logo\/image\/","url":"https:\/\/www.domaines-tatin.com\/wp-content\/uploads\/2020\/07\/DemoisellesVerreTRansparent.png","contentUrl":"https:\/\/www.domaines-tatin.com\/wp-content\/uploads\/2020\/07\/DemoisellesVerreTRansparent.png","width":709,"height":1012,"caption":"Domaines tatins"},"image":{"@id":"https:\/\/www.domaines-tatin.com\/en\/#\/schema\/logo\/image\/"}}]}},"_links":{"self":[{"href":"https:\/\/www.domaines-tatin.com\/en\/wp-json\/wp\/v2\/pages\/2993","targetHints":{"allow":["GET"]}}],"collection":[{"href":"https:\/\/www.domaines-tatin.com\/en\/wp-json\/wp\/v2\/pages"}],"about":[{"href":"https:\/\/www.domaines-tatin.com\/en\/wp-json\/wp\/v2\/types\/page"}],"author":[{"embeddable":true,"href":"https:\/\/www.domaines-tatin.com\/en\/wp-json\/wp\/v2\/users\/2111"}],"replies":[{"embeddable":true,"href":"https:\/\/www.domaines-tatin.com\/en\/wp-json\/wp\/v2\/comments?post=2993"}],"version-history":[{"count":0,"href":"https:\/\/www.domaines-tatin.com\/en\/wp-json\/wp\/v2\/pages\/2993\/revisions"}],"wp:attachment":[{"href":"https:\/\/www.domaines-tatin.com\/en\/wp-json\/wp\/v2\/media?parent=2993"}],"curies":[{"name":"wp","href":"https:\/\/api.w.org\/{rel}","templated":true}]}}