{"id":2987,"date":"2021-02-03T14:55:52","date_gmt":"2021-02-03T13:55:52","guid":{"rendered":"https:\/\/www.domaines-tatin.com\/legal-notice\/"},"modified":"2021-02-05T15:21:13","modified_gmt":"2021-02-05T14:21:13","slug":"legal-notice","status":"publish","type":"page","link":"https:\/\/www.domaines-tatin.com\/en\/legal-notice\/","title":{"rendered":"Legal Notice"},"content":{"rendered":"\t\t<div data-elementor-type=\"wp-page\" data-elementor-id=\"2987\" class=\"elementor elementor-2987 elementor-312\" data-elementor-post-type=\"page\">\n\t\t\t\t\t\t<section class=\"elementor-section elementor-top-section elementor-element elementor-element-5a345cd elementor-section-boxed elementor-section-height-default elementor-section-height-default parallax_section_no qode_elementor_container_no\" data-id=\"5a345cd\" data-element_type=\"section\" data-e-type=\"section\">\n\t\t\t\t\t\t<div class=\"elementor-container elementor-column-gap-default\">\n\t\t\t\t\t<div class=\"elementor-column elementor-col-100 elementor-top-column elementor-element elementor-element-a3cfc76\" data-id=\"a3cfc76\" data-element_type=\"column\" data-e-type=\"column\">\n\t\t\t<div class=\"elementor-widget-wrap elementor-element-populated\">\n\t\t\t\t\t\t<div class=\"elementor-element elementor-element-9f63266 elementor-widget elementor-widget-text-editor\" data-id=\"9f63266\" data-element_type=\"widget\" data-e-type=\"widget\" data-widget_type=\"text-editor.default\">\n\t\t\t\t<div class=\"elementor-widget-container\">\n\t\t\t\t\t\t\t\t\t<h3>Propri\u00e9taire et \u00e9diteur<\/h3>\n<p>Le pr\u00e9sent site est la propri\u00e9t\u00e9 de l&#8217;entreprise <strong>Les Domaines Tatin, inscrit sous le num\u00e9ro SIRET 433 001 609 00018,<\/strong> dont le si\u00e8ge social est situ\u00e9 au Tremblay, 18120 Brinay en France.<\/p>\n<p><strong>Le Directeur de la publication du site est Maroussia Wilk-Tatin en qualit\u00e9 de g\u00e9rante.<\/strong> Ce site est en conformit\u00e9 avec les dispositions de la loi du 6 janvier 1978 relative \u00e0 l&#8217;informatique, aux fichiers et aux libert\u00e9s.<\/p>\n<p>La structure g\u00e9n\u00e9rale, ainsi que les textes, images anim\u00e9es ou non composant ce site Web, sont la propri\u00e9t\u00e9 des Domaines Tatin. Toute reproduction totale ou partielle de ce site est interdite sans son autorisation expresse et pr\u00e9alable. Cette repr\u00e9sentation ou reproduction, par quelque proc\u00e9d\u00e9 que ce soit, constitue une contrefa\u00e7on sanctionn\u00e9e par les articles L.335-2 et suivants du Code de la propri\u00e9t\u00e9 intellectuelle. Les logos et les marques affich\u00e9s sur le site sont prot\u00e9g\u00e9s.<\/p>\n<p>Les liens hypertextes mis en place dans le cadre du pr\u00e9sent site web en direction d&#8217;autres ressources pr\u00e9sentes sur le r\u00e9seau Internet ne sauraient engager la responsabilit\u00e9 des Domaines Tatin. Les utilisateurs et visiteurs du site web ne peuvent mettre en place un hyperlien en direction de ce site sans l&#8217;autorisation expresse et pr\u00e9alable des Domaines Tatin.<\/p>\n\t\t\t\t\t\t\t\t<\/div>\n\t\t\t\t<\/div>\n\t\t\t\t<div class=\"elementor-element elementor-element-b545109 elementor-widget elementor-widget-text-editor\" data-id=\"b545109\" data-element_type=\"widget\" data-e-type=\"widget\" data-widget_type=\"text-editor.default\">\n\t\t\t\t<div class=\"elementor-widget-container\">\n\t\t\t\t\t\t\t\t\t<h3>Conception<\/h3>\n<p>Derbois Nicolas<br \/><strong><a href=\"https:\/\/www.studio-nowed.fr\/\" target=\"_blank\" rel=\"noopener\">Studio Nowed<\/a> <\/strong>&#8211; conception de sites internet sur mesure.\u00a0<\/p>\n<p>SIREN 518 719 810<\/p>\n<h3>\u00a0<\/h3>\n\t\t\t\t\t\t\t\t<\/div>\n\t\t\t\t<\/div>\n\t\t\t\t<div class=\"elementor-element elementor-element-7ed606e elementor-widget elementor-widget-text-editor\" data-id=\"7ed606e\" data-element_type=\"widget\" data-e-type=\"widget\" data-widget_type=\"text-editor.default\">\n\t\t\t\t<div class=\"elementor-widget-container\">\n\t\t\t\t\t\t\t\t\t<h3>Photographies et illustrations<\/h3>\n<p>&#8211; <strong>Illustrations et \u00e9tiquettes des vins :<\/strong> <a href=\"https:\/\/eliswilk.ultra-book.com\/\" target=\"_blank\" rel=\"noopener\">Elis Wilk<\/a><br \/>\n&#8211; <strong>Fresque murale :<\/strong> <a href=\"https:\/\/www.parvati-artwork.com\/\" target=\"_blank\" rel=\"noopener\">Parvati<\/a><\/p>\n<p>&#8211; <strong>D\u00e9co f\u00fbt :<\/strong>\u00a0 <a href=\"https:\/\/www.surlemur.fr\/\" target=\"_blank\" rel=\"noopener\">https:\/\/www.surlemur.fr\/<\/a><\/p>\n<p><strong>&#8211; Cr\u00e9dit Photos et vid\u00e9os :<\/strong><br \/>\n=&gt; <a href=\"http:\/\/juliebeal.com\" target=\"_blank\" rel=\"noopener\">Julie B\u00e9al<\/a><br \/>\n=&gt; <a href=\"http:\/\/doriandegoutte.fr\/index.html\" target=\"_blank\" rel=\"noopener\">Dorian Degoute<\/a><br \/>\n=&gt; Chlo\u00e9 Walot<br \/>\n=&gt; S\u00e9bastien Debeil<br \/>\n=&gt; Okyay Uzun<br \/>\n=&gt; <a href=\"https:\/\/stephaniehaski.tumblr.com\/\" target=\"_blank\" rel=\"noopener\">St\u00e9phanie Haski<\/a><br \/>\n=&gt; Fran\u00e7oise Bouillot<br \/>\n=&gt; <a href=\"https:\/\/www.philippe-bouchut.com\/\" target=\"_blank\" rel=\"noopener\">Philippe Bouchut\u00a0<\/a><\/p>\n\t\t\t\t\t\t\t\t<\/div>\n\t\t\t\t<\/div>\n\t\t\t\t<div class=\"elementor-element elementor-element-2f5ac66 elementor-widget elementor-widget-text-editor\" data-id=\"2f5ac66\" data-element_type=\"widget\" data-e-type=\"widget\" data-widget_type=\"text-editor.default\">\n\t\t\t\t<div class=\"elementor-widget-container\">\n\t\t\t\t\t\t\t\t\t<h3>Hebergement<\/h3>\n<p>Studio Nowed via <strong>Infomaniak<\/strong><\/p>\n\t\t\t\t\t\t\t\t<\/div>\n\t\t\t\t<\/div>\n\t\t\t\t\t<\/div>\n\t\t<\/div>\n\t\t\t\t\t<\/div>\n\t\t<\/section>\n\t\t\t\t<section class=\"elementor-section elementor-top-section elementor-element elementor-element-2e9afab elementor-section-boxed elementor-section-height-default elementor-section-height-default parallax_section_no qode_elementor_container_no\" data-id=\"2e9afab\" data-element_type=\"section\" data-e-type=\"section\">\n\t\t\t\t\t\t<div class=\"elementor-container elementor-column-gap-default\">\n\t\t\t\t\t<div class=\"elementor-column elementor-col-100 elementor-top-column elementor-element elementor-element-b17ccba\" data-id=\"b17ccba\" data-element_type=\"column\" data-e-type=\"column\">\n\t\t\t<div class=\"elementor-widget-wrap\">\n\t\t\t\t\t\t\t<\/div>\n\t\t<\/div>\n\t\t\t\t\t<\/div>\n\t\t<\/section>\n\t\t\t\t<\/div>\n\t\t","protected":false},"excerpt":{"rendered":"<p>Propri\u00e9taire et \u00e9diteur Le pr\u00e9sent site est la propri\u00e9t\u00e9 de l&#8217;entreprise Les Domaines Tatin, inscrit sous le num\u00e9ro SIRET 433 001 609 00018, dont le&#8230;<\/p>\n","protected":false},"author":2111,"featured_media":0,"parent":0,"menu_order":0,"comment_status":"closed","ping_status":"closed","template":"","meta":{"_acf_changed":false,"footnotes":""},"class_list":["post-2987","page","type-page","status-publish","hentry"],"acf":[],"yoast_head":"<!-- This site is optimized with the Yoast SEO plugin v27.6 - https:\/\/yoast.com\/product\/yoast-seo-wordpress\/ -->\n<title>Legal Notice - Domaines Tatin<\/title>\n<meta name=\"robots\" content=\"index, follow, max-snippet:-1, max-image-preview:large, max-video-preview:-1\" \/>\n<link rel=\"canonical\" href=\"https:\/\/www.domaines-tatin.com\/en\/legal-notice\/\" \/>\n<meta property=\"og:locale\" content=\"en_US\" \/>\n<meta property=\"og:type\" content=\"article\" \/>\n<meta property=\"og:title\" content=\"Legal Notice - Domaines Tatin\" \/>\n<meta property=\"og:description\" content=\"Propri\u00e9taire et \u00e9diteur Le pr\u00e9sent site est la propri\u00e9t\u00e9 de l&#8217;entreprise Les Domaines Tatin, inscrit sous le num\u00e9ro SIRET 433 001 609 00018, dont le...\" \/>\n<meta property=\"og:url\" content=\"https:\/\/www.domaines-tatin.com\/en\/legal-notice\/\" \/>\n<meta property=\"og:site_name\" content=\"Domaines Tatin\" \/>\n<meta property=\"article:modified_time\" content=\"2021-02-05T14:21:13+00:00\" \/>\n<meta property=\"og:image\" content=\"https:\/\/www.domaines-tatin.com\/wp-content\/uploads\/2021\/03\/chrysope.jpg\" \/>\n\t<meta property=\"og:image:width\" content=\"231\" \/>\n\t<meta property=\"og:image:height\" content=\"218\" \/>\n\t<meta property=\"og:image:type\" content=\"image\/jpeg\" \/>\n<meta name=\"twitter:card\" content=\"summary_large_image\" \/>\n<meta name=\"twitter:label1\" content=\"Est. reading time\" \/>\n\t<meta name=\"twitter:data1\" content=\"1 minute\" \/>\n<script type=\"application\/ld+json\" class=\"yoast-schema-graph\">{\"@context\":\"https:\\\/\\\/schema.org\",\"@graph\":[{\"@type\":\"WebPage\",\"@id\":\"https:\\\/\\\/www.domaines-tatin.com\\\/en\\\/legal-notice\\\/\",\"url\":\"https:\\\/\\\/www.domaines-tatin.com\\\/en\\\/legal-notice\\\/\",\"name\":\"Legal Notice - Domaines Tatin\",\"isPartOf\":{\"@id\":\"https:\\\/\\\/www.domaines-tatin.com\\\/en\\\/#website\"},\"datePublished\":\"2021-02-03T13:55:52+00:00\",\"dateModified\":\"2021-02-05T14:21:13+00:00\",\"breadcrumb\":{\"@id\":\"https:\\\/\\\/www.domaines-tatin.com\\\/en\\\/legal-notice\\\/#breadcrumb\"},\"inLanguage\":\"en-US\",\"potentialAction\":[{\"@type\":\"ReadAction\",\"target\":[\"https:\\\/\\\/www.domaines-tatin.com\\\/en\\\/legal-notice\\\/\"]}]},{\"@type\":\"BreadcrumbList\",\"@id\":\"https:\\\/\\\/www.domaines-tatin.com\\\/en\\\/legal-notice\\\/#breadcrumb\",\"itemListElement\":[{\"@type\":\"ListItem\",\"position\":1,\"name\":\"Accueil\",\"item\":\"http:\\\/\\\/www.domaines-tatin.com\\\/en\\\/\"},{\"@type\":\"ListItem\",\"position\":2,\"name\":\"Legal Notice\"}]},{\"@type\":\"WebSite\",\"@id\":\"https:\\\/\\\/www.domaines-tatin.com\\\/en\\\/#website\",\"url\":\"https:\\\/\\\/www.domaines-tatin.com\\\/en\\\/\",\"name\":\"Domaines Tatin\",\"description\":\"Vignerons r\u00e9coltants en AOC Quincy et AOC Reuilly\",\"publisher\":{\"@id\":\"https:\\\/\\\/www.domaines-tatin.com\\\/en\\\/#organization\"},\"potentialAction\":[{\"@type\":\"SearchAction\",\"target\":{\"@type\":\"EntryPoint\",\"urlTemplate\":\"https:\\\/\\\/www.domaines-tatin.com\\\/en\\\/?s={search_term_string}\"},\"query-input\":{\"@type\":\"PropertyValueSpecification\",\"valueRequired\":true,\"valueName\":\"search_term_string\"}}],\"inLanguage\":\"en-US\"},{\"@type\":\"Organization\",\"@id\":\"https:\\\/\\\/www.domaines-tatin.com\\\/en\\\/#organization\",\"name\":\"Domaines tatins\",\"url\":\"https:\\\/\\\/www.domaines-tatin.com\\\/en\\\/\",\"logo\":{\"@type\":\"ImageObject\",\"inLanguage\":\"en-US\",\"@id\":\"https:\\\/\\\/www.domaines-tatin.com\\\/en\\\/#\\\/schema\\\/logo\\\/image\\\/\",\"url\":\"https:\\\/\\\/www.domaines-tatin.com\\\/wp-content\\\/uploads\\\/2020\\\/07\\\/DemoisellesVerreTRansparent.png\",\"contentUrl\":\"https:\\\/\\\/www.domaines-tatin.com\\\/wp-content\\\/uploads\\\/2020\\\/07\\\/DemoisellesVerreTRansparent.png\",\"width\":709,\"height\":1012,\"caption\":\"Domaines tatins\"},\"image\":{\"@id\":\"https:\\\/\\\/www.domaines-tatin.com\\\/en\\\/#\\\/schema\\\/logo\\\/image\\\/\"}}]}<\/script>\n<!-- \/ Yoast SEO plugin. -->","yoast_head_json":{"title":"Legal Notice - Domaines Tatin","robots":{"index":"index","follow":"follow","max-snippet":"max-snippet:-1","max-image-preview":"max-image-preview:large","max-video-preview":"max-video-preview:-1"},"canonical":"https:\/\/www.domaines-tatin.com\/en\/legal-notice\/","og_locale":"en_US","og_type":"article","og_title":"Legal Notice - Domaines Tatin","og_description":"Propri\u00e9taire et \u00e9diteur Le pr\u00e9sent site est la propri\u00e9t\u00e9 de l&#8217;entreprise Les Domaines Tatin, inscrit sous le num\u00e9ro SIRET 433 001 609 00018, dont le...","og_url":"https:\/\/www.domaines-tatin.com\/en\/legal-notice\/","og_site_name":"Domaines Tatin","article_modified_time":"2021-02-05T14:21:13+00:00","og_image":[{"width":231,"height":218,"url":"https:\/\/www.domaines-tatin.com\/wp-content\/uploads\/2021\/03\/chrysope.jpg","type":"image\/jpeg"}],"twitter_card":"summary_large_image","twitter_misc":{"Est. reading time":"1 minute"},"schema":{"@context":"https:\/\/schema.org","@graph":[{"@type":"WebPage","@id":"https:\/\/www.domaines-tatin.com\/en\/legal-notice\/","url":"https:\/\/www.domaines-tatin.com\/en\/legal-notice\/","name":"Legal Notice - Domaines Tatin","isPartOf":{"@id":"https:\/\/www.domaines-tatin.com\/en\/#website"},"datePublished":"2021-02-03T13:55:52+00:00","dateModified":"2021-02-05T14:21:13+00:00","breadcrumb":{"@id":"https:\/\/www.domaines-tatin.com\/en\/legal-notice\/#breadcrumb"},"inLanguage":"en-US","potentialAction":[{"@type":"ReadAction","target":["https:\/\/www.domaines-tatin.com\/en\/legal-notice\/"]}]},{"@type":"BreadcrumbList","@id":"https:\/\/www.domaines-tatin.com\/en\/legal-notice\/#breadcrumb","itemListElement":[{"@type":"ListItem","position":1,"name":"Accueil","item":"http:\/\/www.domaines-tatin.com\/en\/"},{"@type":"ListItem","position":2,"name":"Legal Notice"}]},{"@type":"WebSite","@id":"https:\/\/www.domaines-tatin.com\/en\/#website","url":"https:\/\/www.domaines-tatin.com\/en\/","name":"Domaines Tatin","description":"Vignerons r\u00e9coltants en AOC Quincy et AOC Reuilly","publisher":{"@id":"https:\/\/www.domaines-tatin.com\/en\/#organization"},"potentialAction":[{"@type":"SearchAction","target":{"@type":"EntryPoint","urlTemplate":"https:\/\/www.domaines-tatin.com\/en\/?s={search_term_string}"},"query-input":{"@type":"PropertyValueSpecification","valueRequired":true,"valueName":"search_term_string"}}],"inLanguage":"en-US"},{"@type":"Organization","@id":"https:\/\/www.domaines-tatin.com\/en\/#organization","name":"Domaines tatins","url":"https:\/\/www.domaines-tatin.com\/en\/","logo":{"@type":"ImageObject","inLanguage":"en-US","@id":"https:\/\/www.domaines-tatin.com\/en\/#\/schema\/logo\/image\/","url":"https:\/\/www.domaines-tatin.com\/wp-content\/uploads\/2020\/07\/DemoisellesVerreTRansparent.png","contentUrl":"https:\/\/www.domaines-tatin.com\/wp-content\/uploads\/2020\/07\/DemoisellesVerreTRansparent.png","width":709,"height":1012,"caption":"Domaines tatins"},"image":{"@id":"https:\/\/www.domaines-tatin.com\/en\/#\/schema\/logo\/image\/"}}]}},"_links":{"self":[{"href":"https:\/\/www.domaines-tatin.com\/en\/wp-json\/wp\/v2\/pages\/2987","targetHints":{"allow":["GET"]}}],"collection":[{"href":"https:\/\/www.domaines-tatin.com\/en\/wp-json\/wp\/v2\/pages"}],"about":[{"href":"https:\/\/www.domaines-tatin.com\/en\/wp-json\/wp\/v2\/types\/page"}],"author":[{"embeddable":true,"href":"https:\/\/www.domaines-tatin.com\/en\/wp-json\/wp\/v2\/users\/2111"}],"replies":[{"embeddable":true,"href":"https:\/\/www.domaines-tatin.com\/en\/wp-json\/wp\/v2\/comments?post=2987"}],"version-history":[{"count":0,"href":"https:\/\/www.domaines-tatin.com\/en\/wp-json\/wp\/v2\/pages\/2987\/revisions"}],"wp:attachment":[{"href":"https:\/\/www.domaines-tatin.com\/en\/wp-json\/wp\/v2\/media?parent=2987"}],"curies":[{"name":"wp","href":"https:\/\/api.w.org\/{rel}","templated":true}]}}