{"id":2985,"date":"2021-02-03T14:55:02","date_gmt":"2021-02-03T13:55:02","guid":{"rendered":"https:\/\/www.domaines-tatin.com\/terms-and-conditions\/"},"modified":"2021-02-05T15:20:44","modified_gmt":"2021-02-05T14:20:44","slug":"terms-and-conditions","status":"publish","type":"page","link":"https:\/\/www.domaines-tatin.com\/en\/terms-and-conditions\/","title":{"rendered":"Terms and conditions"},"content":{"rendered":"\t\t<div data-elementor-type=\"wp-page\" data-elementor-id=\"2985\" class=\"elementor elementor-2985 elementor-314\" data-elementor-post-type=\"page\">\n\t\t\t\t\t\t<section class=\"elementor-section elementor-top-section elementor-element elementor-element-d7a7ad1 elementor-section-boxed elementor-section-height-default elementor-section-height-default parallax_section_no qode_elementor_container_no\" data-id=\"d7a7ad1\" data-element_type=\"section\" data-e-type=\"section\">\n\t\t\t\t\t\t<div class=\"elementor-container elementor-column-gap-default\">\n\t\t\t\t\t<div class=\"elementor-column elementor-col-100 elementor-top-column elementor-element elementor-element-0ae639e\" data-id=\"0ae639e\" data-element_type=\"column\" data-e-type=\"column\">\n\t\t\t<div class=\"elementor-widget-wrap elementor-element-populated\">\n\t\t\t\t\t\t<div class=\"elementor-element elementor-element-17e3d79 elementor-widget elementor-widget-text-editor\" data-id=\"17e3d79\" data-element_type=\"widget\" data-e-type=\"widget\" data-widget_type=\"text-editor.default\">\n\t\t\t\t<div class=\"elementor-widget-container\">\n\t\t\t\t\t\t\t\t\t<p><strong>1) PREAMBULE<\/strong><\/p>\n<p>Le client reconna\u00eet avoir pris connaissance des conditions g\u00e9n\u00e9rales de ventes ci-apr\u00e8s. L\u2019envoi de votre bon de commande par mail ou courrier vaudra pleine et enti\u00e8re acceptation des pr\u00e9sentes conditions g\u00e9n\u00e9rales de ventes. Toute vente trait\u00e9e par nos agents ou importateurs ne devient d\u00e9finitive qu\u2019apr\u00e8s notre acceptation et facturation de la commande. En cons\u00e9quence, le fait de passer commande implique l\u2019adh\u00e9sion enti\u00e8re et sans r\u00e9serve de l\u2019acheteur \u00e0 ces conditions g\u00e9n\u00e9rales. Aucune condition particuli\u00e8re ne peut, sauf acceptation formelle et \u00e9crite du vendeur, pr\u00e9valoir contre les conditions g\u00e9n\u00e9rales.\u00a0Le fait que le vendeur ne se pr\u00e9vale pas \u00e0 un moment donn\u00e9 de l\u2019une quelconque des pr\u00e9sentes conditions g\u00e9n\u00e9rales ne peut \u00eatre interpr\u00e9t\u00e9 comme valant renonciation \u00e0 se pr\u00e9valoir ult\u00e9rieurement de l\u2019une quelconque des dites conditions.<\/p>\n<p><strong>\u00a0<\/strong><\/p>\n<p><strong>2) LOI APPLICABLE<\/strong><\/p>\n<p>Le site\u00a0<a href=\"http:\/\/www.boutique-schlumberger.fr\/\">www.domaines-tatin.com<\/a>\u00a0\u00e9tabli sur le territoire fran\u00e7ais est soumis au droit fran\u00e7ais. Toute commande emporte de plein droit votre adh\u00e9sion \u00e0 nos conditions g\u00e9n\u00e9rales de vente. Ces conditions g\u00e9n\u00e9rales de vente sont r\u00e9gies par la loi fran\u00e7aise aussi bien pour les r\u00e8gles de fonds que pour les r\u00e8gles de formes.<\/p>\n<p>\u00a0<\/p>\n<p><strong>3) INFORMATIONS LEGALES<\/strong><\/p>\n<p><strong>&#8211; MINEURS ET CAPACITE JURIDIQUE<\/strong><\/p>\n<p>L&#8217;ordonnance n\u00b0 59-107 du 7 janvier 1959 et la Loi n\u00b0 74-631 du 5 juillet 1974 prohibent la vente et l&#8217;offre de boissons alcoolis\u00e9es \u00e0 des personnes mineures et assimil\u00e9es. Par cons\u00e9quent, en remplissant votre Bon de Commande, vous reconnaissez avoir la capacit\u00e9 juridique de conclure le pr\u00e9sent contrat.<\/p>\n<p>\u00a0<\/p>\n<p><strong>&#8211; C.N.I.L. DROIT D&#8217;ACCES AU FICHIER<\/strong><\/p>\n<p>Conform\u00e9ment aux dispositions de la Loi n\u00b0 78-17 du 6 janvier 1978, le site\u00a0<a href=\"https:\/\/www.domaines-tatin.com\/\"><strong>www.domaines-tatin.com<\/strong><\/a>\u00a0a fait l&#8217;objet d&#8217;une d\u00e9claration aupr\u00e8s de la Commission Nationale de l&#8217;Informatique et des Libert\u00e9s. En application de la loi Informatique et Libert\u00e9, les informations qui vous sont demand\u00e9es sont indispensables au traitement de votre commande et sont destin\u00e9es aux services des Domaines Tatin.<br \/>Vous disposez d&#8217;un droit d&#8217;acc\u00e8s, de modification, de suppression et de rectification relatifs \u00e0 vos donn\u00e9es personnelles. Si vous ne souhaitez pas recevoir nos emails, il vous suffit de nous \u00e9crire en nous indiquant vos noms, pr\u00e9noms, adresse et \u00e9ventuellement num\u00e9ro de client.<\/p>\n<p>\u00a0L&#8217;exercice de ce droit doit \u00eatre effectu\u00e9 aupr\u00e8s de :<\/p>\n<ol>\n<li>Par courrier \u00e0 Domaines Tatin Le Tremblay 18120 BRINAY<\/li>\n<li>Par E-MAIL \u00e0 domainestatin[@] <a href=\"http:\/\/gmail.com\/\">gmail.com<\/a>, avec un justificatif de votre identit\u00e9.<\/li>\n<\/ol>\n<p>\u00a0&#8211; <strong>\u00a0ABUS D&#8217;ALCOOL<\/strong><\/p>\n<p>L&#8217;Abus d&#8217;alcool est dangereux pour la sant\u00e9, \u00e0 consommer avec mod\u00e9ration.<\/p>\n<p>\u00a0<\/p>\n<p>\u00a0<\/p>\n<p><strong>4) PRIX<\/strong><\/p>\n<p>Les prix de nos produits s&#8217;entendent en Euros, toutes taxes comprises hors frais de port et sont appliqu\u00e9s pendant toute la dur\u00e9e de validit\u00e9 du catalogue \u00e9lectronique dont les tarifs sont mis \u00e0 jour p\u00e9riodiquement.<\/p>\n<p>Les frais de port, les taxes douani\u00e8res et formalit\u00e9s sont \u00e0 la charge exclusive des clients.<\/p>\n<p>\u00a0<\/p>\n<p><strong>5) LIVRAISON<\/strong><\/p>\n<p><strong>5.1- Conditions<\/strong><\/p>\n<p>Les produits command\u00e9s sont livr\u00e9s \u00e0 l&#8217;adresse indiqu\u00e9e par le client (en France M\u00e9tropolitaine uniquement). Le colis sera achemin\u00e9 jusqu&#8217;au destinataire par l&#8217;interm\u00e9diaire de notre prestataire de transport habituel ou en tout \u00e9tat de cause par un prestataire de notre choix.<\/p>\n<p>Le Client est tenu notamment de v\u00e9rifier l&#8217;\u00e9tat de l&#8217;emballage ainsi que le contenu du ou des colis \u00e0 la livraison, de rapprocher la quantit\u00e9 et r\u00e9f\u00e9rences livr\u00e9es du bon de commande. La signature du r\u00e9c\u00e9piss\u00e9 de livraisons emportera acceptation du client.<br \/>Le client est tenu d&#8217;informer dans les 48 heures apr\u00e8s la r\u00e9ception du colis les Domaines Schlumberger des \u00e9ventuels dommages occasionn\u00e9s par le transport.<\/p>\n<p>\u00a0<\/p>\n<p>\u00a0<\/p>\n<p><strong>5.2- D\u00e9lais<\/strong><\/p>\n<p>Toutes les commandes avec un \u00e9tiquetage sp\u00e9cifique doivent \u00eatre pass\u00e9es au moins une semaine \u00e0 l\u2019avance pour nous laisser le temps de les pr\u00e9parer. Nous sommes une entreprise familiale, et sommes parfois en d\u00e9placement sans\u00a0 possibilit\u00e9 d\u2019\u00e9tiquetage.\u00a0<\/p>\n<p>Nos d\u00e9lais de livraison sont donn\u00e9s \u00e0 titre indicatif et sauf impr\u00e9vu. Sauf convention formelle, ils ne constituent aucun engagement de notre part. Toute modification ou annulation de commande demand\u00e9e par l\u2019acheteur ne peut \u00eatre prise en consid\u00e9ration que si elle est parvenue par \u00e9crit avant l\u2019exp\u00e9dition des produits.<\/p>\n<p>Si le vendeur n\u2019accepte pas la modification ou l\u2019annulation de commande, les acomptes vers\u00e9s ne pourront \u00eatre restitu\u00e9s que dans le cadre de l\u2019\u00e9tablissement d\u2019un avoir en valeur marchandise, utilisable durant un d\u00e9lai de soixante jours \u00e0 compter de la date d\u2019\u00e9tablissement de cet avoir.<\/p>\n<p>\u00a0\u00a0\u00a0\u00a0\u00a0\u00a0\u00a0\u00a0\u00a0\u00a0\u00a0\u00a0\u00a0\u00a0\u00a0<\/p>\n<p><strong>5.3- Circonstances ind\u00e9pendantes de notre volont\u00e9<\/strong><\/p>\n<p>Nous ne pouvons \u00eatre tenus responsables des pertes, dommages, erreurs ou d\u00e9faut de livraison d&#8217;un envoi d\u00e8s lors qu&#8217;il serait \u00e9tabli l&#8217;existence de circonstances ind\u00e9pendantes de notre volont\u00e9. Par &#8220;circonstances ind\u00e9pendantes de notre volont\u00e9&#8221;, il faut entendre notamment :<\/p>\n<ul>\n<li>les cas fortuits ou de force majeure, \u00e0 savoir notamment : tremblements de terre, cyclones, temp\u00eates, inondations, guerres, accidents routiers, de train et d&#8217;avions, embargos&#8230;<\/li>\n<li>tous d\u00e9fauts ou particularit\u00e9s li\u00e9s \u00e0 la nature de l&#8217;envoi quand bien m\u00eame il aurait \u00e9t\u00e9 connu de nous au moment de notre acceptation,<\/li>\n<li>\u00a0tout acte, carence ou n\u00e9gligence de tout tiers, par exemple : l&#8217;exp\u00e9diteur, le destinataire, tout tiers int\u00e9ress\u00e9, tout employ\u00e9 des douanes ou de toute autre administration, les services postaux, tout transporteur ou autre tiers \u00e0 qui l&#8217;envoi serait confi\u00e9 par notre prestataire de transport, pour desservir des secteurs non desservis directement par lui-m\u00eame, et ce, quand bien m\u00eame l&#8217;exp\u00e9diteur n&#8217;aurait pas demand\u00e9 ou \u00e9t\u00e9 inform\u00e9 du recours \u00e0 un tiers.<\/li>\n<\/ul>\n<p>\u00a0<\/p>\n<p>\u00a0<\/p>\n<p><strong>5.4- Casse au cours de l&#8217;exp\u00e9dition<\/strong><\/p>\n<p>Si un colis arrive chez le destinataire endommag\u00e9 (casse de la ou les bouteilles), le destinataire doit refuser le colis et pr\u00e9venir le Domaine. Le transporteur se chargera d&#8217;informer \u00e9galement les Domaines Tatin. A r\u00e9ception de cette information, les Domaines Tatin s&#8217;engagent \u00e0 r\u00e9exp\u00e9dier au destinataire imm\u00e9diatement un colis identique. En aucun cas le client ne pourra exiger le remboursement du produit et du forfait de livraison.<\/p>\n<p>\u00a0<\/p>\n<p><strong>5.5- Disponibilit\u00e9 des produits<\/strong><\/p>\n<p>La totalit\u00e9 des produits propos\u00e9s est r\u00e9put\u00e9e disponible en stock. N\u00e9anmoins, compte tenu de la sp\u00e9cificit\u00e9 des produits propos\u00e9s, nous pouvons \u00eatre en rupture sur le mill\u00e9sime propos\u00e9. Notre offre s&#8217;entend donc dans la limite des stocks disponibles et des exceptions signal\u00e9es.<\/p>\n<p>La r\u00e9actualisation de notre base de donn\u00e9es des produits est en principe r\u00e9guli\u00e8re. N\u00e9anmoins, les produits affich\u00e9s disponibles peuvent parfois ne plus l&#8217;\u00eatre au moment du traitement de votre commande. Par cons\u00e9quent, le client d\u00e9charge express\u00e9ment les Domaines Tatin de toutes responsabilit\u00e9s en raison de contraintes cit\u00e9es ci-dessus.<\/p>\n<p>\u00a0<\/p>\n<p>De ce fait, si les produits command\u00e9s sont disponibles, votre commande est trait\u00e9e dans les 3 jours ouvr\u00e9s et livr\u00e9e dans un d\u00e9lai n&#8217;exc\u00e9dant pas 15 jours en fonction de la destination.<\/p>\n<p>\u00a0<\/p>\n<p><strong>5.6- D\u00e9gradation de la qualit\u00e9 des produits<\/strong><\/p>\n<p>En aucun cas, les Domaines Tatin ne sauraient \u00eatre tenus responsables des d\u00e9gradations de qualit\u00e9 des produits et de leurs emballages occasionn\u00e9s par le transport.<\/p>\n<p>\u00a0<\/p>\n<p>Les bouteilles doivent toujours \u00eatre tenues couch\u00e9es dans un endroit sec, \u00e0 l\u2019abri de la chaleur et du gel. Les exp\u00e9ditions sont faites sans garantie contre le gel ou la chaleur. Nous garantissons la bonne qualit\u00e9 de nos vins, sans que responsabilit\u00e9s puisse \u00eatre recherch\u00e9e au-del\u00e0 du remplacement pur et simple de la marchandise jug\u00e9e d\u00e9fectueuse au d\u00e9part de nos caves.<\/p>\n<p>\u00a0<\/p>\n<p><strong>5.7- Adresse de livraison<\/strong><\/p>\n<p>Si le colis est retourn\u00e9 aux Domaines Tatin au motif &#8220;adresse incompl\u00e8te&#8221; ou &#8220;fausse adresse&#8221;, les Domaines Tatin s\u2019engagent \u00e0 contacter son client pour l&#8217;informer de la situation et demander un compl\u00e9ment d&#8217;information sur l&#8217;adresse ou une nouvelle adresse d&#8217;exp\u00e9dition. Les frais de cette r\u00e9exp\u00e9dition seront \u00e0 la charge du client. Bien entendu, dans cette situation, le point de d\u00e9part du nouveau d\u00e9lai de livraison sera li\u00e9 \u00e0 la r\u00e9ception par les Domaines Tatin des nouveaux \u00e9l\u00e9ments d&#8217;information concernant la nouvelle adresse.<\/p>\n<p>Les livraisons \u00e0 destination d&#8217;\u00e9tablissements de soins (cliniques, h\u00f4pitals, maisons m\u00e9dicalis\u00e9es) ne pourront \u00eatre honor\u00e9es.<\/p>\n<p>\u00a0<\/p>\n<p>\u00a0<\/p>\n<p>\u00a06<strong>) FACTURATION &#8211; PAIEMENT<\/strong><\/p>\n<p>Le paiement de vos achats pourra s&#8217;effectuer soit en ligne par carte bancaire, soit par l&#8217;envoi d&#8217;un ch\u00e8que, soit par virement bancaire.<br \/>La facture des produits sera adress\u00e9e \u00e0 toute commande de Soci\u00e9t\u00e9. Le compte du client ne sera d\u00e9bit\u00e9 que du montant des produits command\u00e9s et effectivement livr\u00e9s. Le client garantit la Soci\u00e9t\u00e9 Domaines Tatin qu\u2019il dispose des autorisations \u00e9ventuellement n\u00e9cessaires pour utiliser le mode de paiement choisi par lui, lors de la validation du bon de commande. Pour le paiement par carte, les dispositions relatives \u00e0 l&#8217;utilisation frauduleuse du paiement par carte Bancaire sont appliqu\u00e9es.<\/p>\n<p>Dans un souci de s\u00e9curit\u00e9, pour les commandes \u00e0 montants cons\u00e9quents (plus de 500 \u20ac), nous nous autorisons \u00e0 re-cr\u00e9diter la somme correspondante et \u00e0 demander de r\u00e9aliser le paiement par virement bancaire. Dans tous les cas, le client sera contact\u00e9 et inform\u00e9 de cette d\u00e9marche.<\/p>\n<p><strong>\u00a0<\/strong><\/p>\n<p><strong>7\/RETARD DE PAIEMENT<\/strong><\/p>\n<p>Le d\u00e9faut de paiement de nos factures aux \u00e9ch\u00e9ances convenues entraine l\u2019exigibilit\u00e9 imm\u00e9diate, de plein droit et sans mise en demeure de la totalit\u00e9 de notre cr\u00e9ance. Les sommes dues porteront int\u00e9r\u00eat de plein droit et sans mise en demeure de 1.5 fois le taux d\u2019int\u00e9r\u00eat l\u00e9gal (loi 92-1442 du 31.12.92) sans que cette clause nuise \u00e0 l\u2019exigibilit\u00e9 de la dette.<\/p>\n<p>\u00a0Tout retard de paiement entraine le plein droit \u00e0 la charge de l\u2019acheteur, une indemnit\u00e9 fixe \u00e0 titre de clause p\u00e9nale, \u00e0 15% du montant de la facture impay\u00e9e, dont le recouvrement sera assur\u00e9 par tout moyen \u00e0 notre convenance.<\/p>\n<p>\u00a0<\/p>\n<p><strong>8) REGLEMENT DES LITIGES<\/strong><\/p>\n<p>\u00a0En cas de contestation relative \u00e0 l\u2019interpr\u00e9tation ou \u00e0 l\u2019ex\u00e9cution du pr\u00e9sent contrat, le Tribunal de Commerce de Bourges, sera seul comp\u00e9tent, m\u00eame en cas d\u2019appel en garantie ou de pluralit\u00e9 de d\u00e9fendeurs. Toutes nos ventes sont soumises \u00e0 la loi fran\u00e7aise. Nos vins sont payables \u00e0 Brinay au comptant, net sans escompte, sans que nos traites ou l\u2019acceptation de r\u00e8glement op\u00e8rent novation ou d\u00e9rogation \u00e0 cette clause.<\/p>\n\t\t\t\t\t\t\t\t<\/div>\n\t\t\t\t<\/div>\n\t\t\t\t\t<\/div>\n\t\t<\/div>\n\t\t\t\t\t<\/div>\n\t\t<\/section>\n\t\t\t\t<section class=\"elementor-section elementor-top-section elementor-element elementor-element-8eb4132 elementor-section-boxed elementor-section-height-default elementor-section-height-default parallax_section_no qode_elementor_container_no\" data-id=\"8eb4132\" data-element_type=\"section\" data-e-type=\"section\">\n\t\t\t\t\t\t<div class=\"elementor-container elementor-column-gap-default\">\n\t\t\t\t\t<div class=\"elementor-column elementor-col-100 elementor-top-column elementor-element elementor-element-f6809ad\" data-id=\"f6809ad\" data-element_type=\"column\" data-e-type=\"column\">\n\t\t\t<div class=\"elementor-widget-wrap\">\n\t\t\t\t\t\t\t<\/div>\n\t\t<\/div>\n\t\t\t\t\t<\/div>\n\t\t<\/section>\n\t\t\t\t<\/div>\n\t\t","protected":false},"excerpt":{"rendered":"<p>1) PREAMBULE Le client reconna\u00eet avoir pris connaissance des conditions g\u00e9n\u00e9rales de ventes ci-apr\u00e8s. L\u2019envoi de votre bon de commande par mail ou courrier vaudra&#8230;<\/p>\n","protected":false},"author":2111,"featured_media":0,"parent":0,"menu_order":0,"comment_status":"closed","ping_status":"closed","template":"","meta":{"_acf_changed":false,"footnotes":""},"class_list":["post-2985","page","type-page","status-publish","hentry"],"acf":[],"yoast_head":"<!-- This site is optimized with the Yoast SEO plugin v27.5 - https:\/\/yoast.com\/product\/yoast-seo-wordpress\/ -->\n<title>Terms and conditions - Domaines Tatin<\/title>\n<meta name=\"robots\" content=\"index, follow, max-snippet:-1, max-image-preview:large, max-video-preview:-1\" \/>\n<link rel=\"canonical\" href=\"https:\/\/www.domaines-tatin.com\/en\/terms-and-conditions\/\" \/>\n<meta property=\"og:locale\" content=\"en_US\" \/>\n<meta property=\"og:type\" content=\"article\" \/>\n<meta property=\"og:title\" content=\"Terms and conditions - Domaines Tatin\" \/>\n<meta property=\"og:description\" content=\"1) PREAMBULE Le client reconna\u00eet avoir pris connaissance des conditions g\u00e9n\u00e9rales de ventes ci-apr\u00e8s. L\u2019envoi de votre bon de commande par mail ou courrier vaudra...\" \/>\n<meta property=\"og:url\" content=\"https:\/\/www.domaines-tatin.com\/en\/terms-and-conditions\/\" \/>\n<meta property=\"og:site_name\" content=\"Domaines Tatin\" \/>\n<meta property=\"article:modified_time\" content=\"2021-02-05T14:20:44+00:00\" \/>\n<meta property=\"og:image\" content=\"https:\/\/www.domaines-tatin.com\/wp-content\/uploads\/2021\/03\/chrysope.jpg\" \/>\n\t<meta property=\"og:image:width\" content=\"231\" \/>\n\t<meta property=\"og:image:height\" content=\"218\" \/>\n\t<meta property=\"og:image:type\" content=\"image\/jpeg\" \/>\n<meta name=\"twitter:card\" content=\"summary_large_image\" \/>\n<meta name=\"twitter:label1\" content=\"Est. reading time\" \/>\n\t<meta name=\"twitter:data1\" content=\"9 minutes\" \/>\n<script type=\"application\/ld+json\" class=\"yoast-schema-graph\">{\"@context\":\"https:\\\/\\\/schema.org\",\"@graph\":[{\"@type\":\"WebPage\",\"@id\":\"https:\\\/\\\/www.domaines-tatin.com\\\/en\\\/terms-and-conditions\\\/\",\"url\":\"https:\\\/\\\/www.domaines-tatin.com\\\/en\\\/terms-and-conditions\\\/\",\"name\":\"Terms and conditions - Domaines Tatin\",\"isPartOf\":{\"@id\":\"https:\\\/\\\/www.domaines-tatin.com\\\/en\\\/#website\"},\"datePublished\":\"2021-02-03T13:55:02+00:00\",\"dateModified\":\"2021-02-05T14:20:44+00:00\",\"breadcrumb\":{\"@id\":\"https:\\\/\\\/www.domaines-tatin.com\\\/en\\\/terms-and-conditions\\\/#breadcrumb\"},\"inLanguage\":\"en-US\",\"potentialAction\":[{\"@type\":\"ReadAction\",\"target\":[\"https:\\\/\\\/www.domaines-tatin.com\\\/en\\\/terms-and-conditions\\\/\"]}]},{\"@type\":\"BreadcrumbList\",\"@id\":\"https:\\\/\\\/www.domaines-tatin.com\\\/en\\\/terms-and-conditions\\\/#breadcrumb\",\"itemListElement\":[{\"@type\":\"ListItem\",\"position\":1,\"name\":\"Accueil\",\"item\":\"http:\\\/\\\/www.domaines-tatin.com\\\/en\\\/\"},{\"@type\":\"ListItem\",\"position\":2,\"name\":\"Terms and conditions\"}]},{\"@type\":\"WebSite\",\"@id\":\"https:\\\/\\\/www.domaines-tatin.com\\\/en\\\/#website\",\"url\":\"https:\\\/\\\/www.domaines-tatin.com\\\/en\\\/\",\"name\":\"Domaines Tatin\",\"description\":\"Vignerons r\u00e9coltants en AOC Quincy et AOC Reuilly\",\"publisher\":{\"@id\":\"https:\\\/\\\/www.domaines-tatin.com\\\/en\\\/#organization\"},\"potentialAction\":[{\"@type\":\"SearchAction\",\"target\":{\"@type\":\"EntryPoint\",\"urlTemplate\":\"https:\\\/\\\/www.domaines-tatin.com\\\/en\\\/?s={search_term_string}\"},\"query-input\":{\"@type\":\"PropertyValueSpecification\",\"valueRequired\":true,\"valueName\":\"search_term_string\"}}],\"inLanguage\":\"en-US\"},{\"@type\":\"Organization\",\"@id\":\"https:\\\/\\\/www.domaines-tatin.com\\\/en\\\/#organization\",\"name\":\"Domaines tatins\",\"url\":\"https:\\\/\\\/www.domaines-tatin.com\\\/en\\\/\",\"logo\":{\"@type\":\"ImageObject\",\"inLanguage\":\"en-US\",\"@id\":\"https:\\\/\\\/www.domaines-tatin.com\\\/en\\\/#\\\/schema\\\/logo\\\/image\\\/\",\"url\":\"https:\\\/\\\/www.domaines-tatin.com\\\/wp-content\\\/uploads\\\/2020\\\/07\\\/DemoisellesVerreTRansparent.png\",\"contentUrl\":\"https:\\\/\\\/www.domaines-tatin.com\\\/wp-content\\\/uploads\\\/2020\\\/07\\\/DemoisellesVerreTRansparent.png\",\"width\":709,\"height\":1012,\"caption\":\"Domaines tatins\"},\"image\":{\"@id\":\"https:\\\/\\\/www.domaines-tatin.com\\\/en\\\/#\\\/schema\\\/logo\\\/image\\\/\"}}]}<\/script>\n<!-- \/ Yoast SEO plugin. -->","yoast_head_json":{"title":"Terms and conditions - Domaines Tatin","robots":{"index":"index","follow":"follow","max-snippet":"max-snippet:-1","max-image-preview":"max-image-preview:large","max-video-preview":"max-video-preview:-1"},"canonical":"https:\/\/www.domaines-tatin.com\/en\/terms-and-conditions\/","og_locale":"en_US","og_type":"article","og_title":"Terms and conditions - Domaines Tatin","og_description":"1) PREAMBULE Le client reconna\u00eet avoir pris connaissance des conditions g\u00e9n\u00e9rales de ventes ci-apr\u00e8s. L\u2019envoi de votre bon de commande par mail ou courrier vaudra...","og_url":"https:\/\/www.domaines-tatin.com\/en\/terms-and-conditions\/","og_site_name":"Domaines Tatin","article_modified_time":"2021-02-05T14:20:44+00:00","og_image":[{"width":231,"height":218,"url":"https:\/\/www.domaines-tatin.com\/wp-content\/uploads\/2021\/03\/chrysope.jpg","type":"image\/jpeg"}],"twitter_card":"summary_large_image","twitter_misc":{"Est. reading time":"9 minutes"},"schema":{"@context":"https:\/\/schema.org","@graph":[{"@type":"WebPage","@id":"https:\/\/www.domaines-tatin.com\/en\/terms-and-conditions\/","url":"https:\/\/www.domaines-tatin.com\/en\/terms-and-conditions\/","name":"Terms and conditions - Domaines Tatin","isPartOf":{"@id":"https:\/\/www.domaines-tatin.com\/en\/#website"},"datePublished":"2021-02-03T13:55:02+00:00","dateModified":"2021-02-05T14:20:44+00:00","breadcrumb":{"@id":"https:\/\/www.domaines-tatin.com\/en\/terms-and-conditions\/#breadcrumb"},"inLanguage":"en-US","potentialAction":[{"@type":"ReadAction","target":["https:\/\/www.domaines-tatin.com\/en\/terms-and-conditions\/"]}]},{"@type":"BreadcrumbList","@id":"https:\/\/www.domaines-tatin.com\/en\/terms-and-conditions\/#breadcrumb","itemListElement":[{"@type":"ListItem","position":1,"name":"Accueil","item":"http:\/\/www.domaines-tatin.com\/en\/"},{"@type":"ListItem","position":2,"name":"Terms and conditions"}]},{"@type":"WebSite","@id":"https:\/\/www.domaines-tatin.com\/en\/#website","url":"https:\/\/www.domaines-tatin.com\/en\/","name":"Domaines Tatin","description":"Vignerons r\u00e9coltants en AOC Quincy et AOC Reuilly","publisher":{"@id":"https:\/\/www.domaines-tatin.com\/en\/#organization"},"potentialAction":[{"@type":"SearchAction","target":{"@type":"EntryPoint","urlTemplate":"https:\/\/www.domaines-tatin.com\/en\/?s={search_term_string}"},"query-input":{"@type":"PropertyValueSpecification","valueRequired":true,"valueName":"search_term_string"}}],"inLanguage":"en-US"},{"@type":"Organization","@id":"https:\/\/www.domaines-tatin.com\/en\/#organization","name":"Domaines tatins","url":"https:\/\/www.domaines-tatin.com\/en\/","logo":{"@type":"ImageObject","inLanguage":"en-US","@id":"https:\/\/www.domaines-tatin.com\/en\/#\/schema\/logo\/image\/","url":"https:\/\/www.domaines-tatin.com\/wp-content\/uploads\/2020\/07\/DemoisellesVerreTRansparent.png","contentUrl":"https:\/\/www.domaines-tatin.com\/wp-content\/uploads\/2020\/07\/DemoisellesVerreTRansparent.png","width":709,"height":1012,"caption":"Domaines tatins"},"image":{"@id":"https:\/\/www.domaines-tatin.com\/en\/#\/schema\/logo\/image\/"}}]}},"_links":{"self":[{"href":"https:\/\/www.domaines-tatin.com\/en\/wp-json\/wp\/v2\/pages\/2985","targetHints":{"allow":["GET"]}}],"collection":[{"href":"https:\/\/www.domaines-tatin.com\/en\/wp-json\/wp\/v2\/pages"}],"about":[{"href":"https:\/\/www.domaines-tatin.com\/en\/wp-json\/wp\/v2\/types\/page"}],"author":[{"embeddable":true,"href":"https:\/\/www.domaines-tatin.com\/en\/wp-json\/wp\/v2\/users\/2111"}],"replies":[{"embeddable":true,"href":"https:\/\/www.domaines-tatin.com\/en\/wp-json\/wp\/v2\/comments?post=2985"}],"version-history":[{"count":0,"href":"https:\/\/www.domaines-tatin.com\/en\/wp-json\/wp\/v2\/pages\/2985\/revisions"}],"wp:attachment":[{"href":"https:\/\/www.domaines-tatin.com\/en\/wp-json\/wp\/v2\/media?parent=2985"}],"curies":[{"name":"wp","href":"https:\/\/api.w.org\/{rel}","templated":true}]}}